{"id":976,"date":"2025-12-28T09:12:25","date_gmt":"2025-12-28T09:12:25","guid":{"rendered":"https:\/\/iota-society.com\/?page_id=976"},"modified":"2026-01-18T10:52:50","modified_gmt":"2026-01-18T10:52:50","slug":"test-de-qi-normal-item-46","status":"publish","type":"page","link":"https:\/\/iota-society.com\/index.php\/test-de-qi-normal-item-46\/","title":{"rendered":"Test de qi normal &#8211; item 46"},"content":{"rendered":"\t\t<div data-elementor-type=\"wp-page\" data-elementor-id=\"976\" class=\"elementor elementor-976\">\n\t\t\t\t<div class=\"elementor-element elementor-element-499c766 e-flex e-con-boxed e-con e-parent\" data-id=\"499c766\" data-element_type=\"container\" data-e-type=\"container\">\n\t\t\t\t\t<div class=\"e-con-inner\">\n\t\t\t\t<div class=\"elementor-element elementor-element-f9905c7 elementor-widget elementor-widget-heading\" data-id=\"f9905c7\" data-element_type=\"widget\" data-e-type=\"widget\" data-widget_type=\"heading.default\">\n\t\t\t\t\t<h2 class=\"elementor-heading-title elementor-size-default\">\nProbl\u00e8mes Retors<\/h2>\t\t\t\t<\/div>\n\t\t\t\t<div class=\"elementor-element elementor-element-19fae54 elementor-widget elementor-widget-spacer\" data-id=\"19fae54\" data-element_type=\"widget\" data-e-type=\"widget\" data-widget_type=\"spacer.default\">\n\t\t\t\t\t\t\t<div class=\"elementor-spacer\">\n\t\t\t<div class=\"elementor-spacer-inner\"><\/div>\n\t\t<\/div>\n\t\t\t\t\t\t<\/div>\n\t\t\t\t<div class=\"elementor-element elementor-element-e1822f5 elementor-widget elementor-widget-text-editor\" data-id=\"e1822f5\" data-element_type=\"widget\" data-e-type=\"widget\" data-widget_type=\"text-editor.default\">\n\t\t\t\t\t\t\t\t\t<p><br \/>Quel est la solution de cette \u00e9nigme ?<\/p>\t\t\t\t\t\t\t\t<\/div>\n\t\t\t\t<div class=\"elementor-element elementor-element-6bdacbb elementor-widget elementor-widget-spacer\" data-id=\"6bdacbb\" data-element_type=\"widget\" data-e-type=\"widget\" data-widget_type=\"spacer.default\">\n\t\t\t\t\t\t\t<div class=\"elementor-spacer\">\n\t\t\t<div class=\"elementor-spacer-inner\"><\/div>\n\t\t<\/div>\n\t\t\t\t\t\t<\/div>\n\t\t\t\t<div class=\"elementor-element elementor-element-2c2fdbc elementor-widget elementor-widget-text-editor\" data-id=\"2c2fdbc\" data-element_type=\"widget\" data-e-type=\"widget\" data-widget_type=\"text-editor.default\">\n\t\t\t\t\t\t\t\t\t<p>Trois peintres doivent peindre le mur d&rsquo;une \u00e9glise.<\/p><p>\u00a0<\/p><p>\u00a0<\/p><p>Il faut 6 jours pour 6 peintres qui travaillent \u00e0 la vitesse normale<\/p><p>\u00a0<\/p><p>pour peindre le mur entier.<\/p><p>\u00a0<\/p><p>\u00a0<\/p><p>Le peintre Rapha\u00ebl peint deux fois plus vite, que les autres qui peignent<\/p><p>\u00a0<\/p><p>\u00e0 la vitesse normale.<\/p><p>\u00a0<\/p><p>\u00a0<\/p><p>Combien de jours faut il aux trois peintres pour peindre le mur en entier ?<\/p>\t\t\t\t\t\t\t\t<\/div>\n\t\t\t\t\t<\/div>\n\t\t\t\t<\/div>\n\t\t<div class=\"elementor-element elementor-element-9b8ad17 e-flex e-con-boxed e-con e-parent\" data-id=\"9b8ad17\" data-element_type=\"container\" data-e-type=\"container\">\n\t\t\t\t\t<div class=\"e-con-inner\">\n\t\t\t\t<div class=\"elementor-element elementor-element-d0c9121 elementor-widget elementor-widget-formidable\" data-id=\"d0c9121\" data-element_type=\"widget\" data-e-type=\"widget\" data-widget_type=\"formidable.default\">\n\t\t\t\t<div class=\"elementor-widget-container\">\n\t\t\t\t\t<div class=\"frm_forms  with_frm_style frm_style_style-formidable\" id=\"frm_form_52_container\" data-token=\"f23294f3fe90d11c4f8282c8a58b021e\">\n<form enctype=\"multipart\/form-data\" method=\"post\" class=\"frm-show-form \" id=\"form_8n20o\" data-token=\"f23294f3fe90d11c4f8282c8a58b021e\">\n<div class=\"frm_form_fields \">\n<fieldset>\n<legend class=\"frm_screen_reader\">item 46<\/legend>\r\n\r\n<div class=\"frm_fields_container\">\n<input type=\"hidden\" name=\"frm_action\" value=\"create\" \/>\n<input type=\"hidden\" name=\"form_id\" value=\"52\" \/>\n<input type=\"hidden\" name=\"frm_hide_fields_52\" id=\"frm_hide_fields_52\" value=\"\" \/>\n<input type=\"hidden\" name=\"form_key\" value=\"8n20o\" \/>\n<input type=\"hidden\" name=\"item_meta[0]\" value=\"\" \/>\n<input type=\"hidden\" id=\"frm_submit_entry_52\" name=\"frm_submit_entry_52\" value=\"43c7f6bb6a\" \/><input type=\"hidden\" name=\"_wp_http_referer\" value=\"\/index.php\/wp-json\/wp\/v2\/pages\/976\" \/><div id=\"frm_field_113_container\" class=\"frm_form_field form-field  frm_top_container\">\r\n\t<label for=\"field_x7r9d\" id=\"field_x7r9d_label\" class=\"frm_primary_label\">Ecrivez la solution nombre, mots ?\r\n\t\t<span class=\"frm_required\" aria-hidden=\"true\"><\/span>\r\n\t<\/label>\r\n\t<input type=\"text\" id=\"field_x7r9d\" name=\"item_meta[113]\" value=\"\"  data-invmsg=\"Ecrivez la solution nombre, mots ? est non valide\" aria-invalid=\"false\"  \/>\r\n\t\r\n\t\r\n<\/div>\n<div id=\"frm_field_112_container\" class=\"frm_form_field form-field \">\r\n\t<div class=\"frm_submit frm_flex\">\r\n<button class=\"frm_button_submit\" type=\"submit\"  >Envoyer<\/button>\r\n\r\n\r\n\r\n<\/div>\r\n<\/div>\n\t<input type=\"hidden\" name=\"item_key\" value=\"\" \/>\n\t\t\t<div id=\"frm_field_257_container\">\n\t\t\t<label for=\"field_t9xzm\" >\n\t\t\t\tSi vous \u00eates un humain, ne remplissez pas ce champ.\t\t\t<\/label>\n\t\t\t<input  id=\"field_t9xzm\" type=\"text\" class=\"frm_form_field form-field frm_verify\" name=\"item_meta[257]\" value=\"\"  \/>\n\t\t<\/div>\n\t\t<input name=\"frm_state\" type=\"hidden\" value=\"sMTuaVT0ASMTylgqFZmvAFhv\/iqvyCzGE7Hs63ervBY=\" \/><\/div>\n<\/fieldset>\n<\/div>\n\n<\/form>\n<\/div>\n\t\t\t\t<\/div>\n\t\t\t\t<\/div>\n\t\t\t\t<div class=\"elementor-element elementor-element-844d756 elementor-widget elementor-widget-image\" data-id=\"844d756\" data-element_type=\"widget\" data-e-type=\"widget\" data-widget_type=\"image.default\">\n\t\t\t\t\t\t\t\t\t\t\t\t\t\t\t<img fetchpriority=\"high\" decoding=\"async\" width=\"683\" height=\"1024\" src=\"https:\/\/iota-society.com\/wp-content\/uploads\/2025\/12\/PR-item-46-683x1024.png\" class=\"attachment-large size-large wp-image-925\" alt=\"\" srcset=\"https:\/\/iota-society.com\/wp-content\/uploads\/2025\/12\/PR-item-46-683x1024.png 683w, https:\/\/iota-society.com\/wp-content\/uploads\/2025\/12\/PR-item-46-200x300.png 200w, https:\/\/iota-society.com\/wp-content\/uploads\/2025\/12\/PR-item-46-768x1152.png 768w, https:\/\/iota-society.com\/wp-content\/uploads\/2025\/12\/PR-item-46.png 1024w\" sizes=\"(max-width: 683px) 100vw, 683px\" \/>\t\t\t\t\t\t\t\t\t\t\t\t\t\t\t<\/div>\n\t\t\t\t\t<\/div>\n\t\t\t\t<\/div>\n\t\t<div class=\"elementor-element elementor-element-98f21ee e-flex e-con-boxed e-con e-parent\" data-id=\"98f21ee\" data-element_type=\"container\" data-e-type=\"container\">\n\t\t\t\t\t<div class=\"e-con-inner\">\n\t\t\t\t<div class=\"elementor-element elementor-element-a971798 elementor-widget elementor-widget-html\" data-id=\"a971798\" data-element_type=\"widget\" data-e-type=\"widget\" data-widget_type=\"html.default\">\n\t\t\t\t\t<script>\r\n(function () {\r\n  const KEY=\"iota_retors_score\", ITEM=46, GOOD=[\"9\"];\r\n  const norm=s=>(s||\"\").toString().trim().toLowerCase().replace(\/\\s+\/g,\" \");\r\n  const getInt=k=>{const n=parseInt(localStorage.getItem(k)||\"0\",10);return Number.isFinite(n)?n:0;};\r\n  const findField=form=>{const els=form.querySelectorAll(\"input,textarea,select\");for(const el of els){if(el.type===\"hidden\"||el.disabled) continue; const t=(el.type||\"\").toLowerCase(); if(el.tagName===\"TEXTAREA\"||el.tagName===\"SELECT\") return el; if(el.tagName===\"INPUT\"&&[\"text\",\"number\",\"tel\",\"search\",\"email\",\"url\",\"password\"].includes(t)) return el;} return form.querySelector(\"input,textarea,select\");};\r\n  document.addEventListener(\"submit\",function(e){\r\n    const form=e.target, doneKey=\"iota_done_\"+ITEM; if(localStorage.getItem(doneKey)===\"1\") return;\r\n    const field=findField(form); if(!field) return;\r\n    const ok=GOOD.map(norm).includes(norm(field.value));\r\n    if(ok) localStorage.setItem(KEY,String(getInt(KEY)+1));\r\n    localStorage.setItem(doneKey,\"1\");\r\n  },true);\r\n})();\r\n<\/script>\r\n\t\t\t\t<\/div>\n\t\t\t\t\t<\/div>\n\t\t\t\t<\/div>\n\t\t<div class=\"elementor-element elementor-element-13be8ed e-flex e-con-boxed e-con e-parent\" data-id=\"13be8ed\" data-element_type=\"container\" data-e-type=\"container\">\n\t\t\t\t\t<div class=\"e-con-inner\">\n\t\t\t\t\t<\/div>\n\t\t\t\t<\/div>\n\t\t\t\t<\/div>\n\t\t","protected":false},"excerpt":{"rendered":"<p>Probl\u00e8mes Retors Quel est la solution de cette \u00e9nigme ? Trois peintres doivent peindre le mur d&rsquo;une \u00e9glise. \u00a0 \u00a0 [&hellip;]<\/p>\n","protected":false},"author":1,"featured_media":0,"parent":0,"menu_order":0,"comment_status":"closed","ping_status":"closed","template":"","meta":{"site-sidebar-layout":"no-sidebar","site-content-layout":"","ast-site-content-layout":"full-width-container","site-content-style":"default","site-sidebar-style":"default","ast-global-header-display":"","ast-banner-title-visibility":"","ast-main-header-display":"","ast-hfb-above-header-display":"","ast-hfb-below-header-display":"","ast-hfb-mobile-header-display":"","site-post-title":"","ast-breadcrumbs-content":"","ast-featured-img":"disabled","footer-sml-layout":"","ast-disable-related-posts":"","theme-transparent-header-meta":"","adv-header-id-meta":"","stick-header-meta":"","header-above-stick-meta":"","header-main-stick-meta":"","header-below-stick-meta":"","astra-migrate-meta-layouts":"default","ast-page-background-enabled":"default","ast-page-background-meta":{"desktop":{"background-color":"var(--ast-global-color-5)","background-image":"","background-repeat":"repeat","background-position":"center center","background-size":"auto","background-attachment":"scroll","background-type":"","background-media":"","overlay-type":"","overlay-color":"","overlay-opacity":"","overlay-gradient":""},"tablet":{"background-color":"","background-image":"","background-repeat":"repeat","background-position":"center center","background-size":"auto","background-attachment":"scroll","background-type":"","background-media":"","overlay-type":"","overlay-color":"","overlay-opacity":"","overlay-gradient":""},"mobile":{"background-color":"","background-image":"","background-repeat":"repeat","background-position":"center center","background-size":"auto","background-attachment":"scroll","background-type":"","background-media":"","overlay-type":"","overlay-color":"","overlay-opacity":"","overlay-gradient":""}},"ast-content-background-meta":{"desktop":{"background-color":"var(--ast-global-color-4)","background-image":"","background-repeat":"repeat","background-position":"center center","background-size":"auto","background-attachment":"scroll","background-type":"","background-media":"","overlay-type":"","overlay-color":"","overlay-opacity":"","overlay-gradient":""},"tablet":{"background-color":"var(--ast-global-color-4)","background-image":"","background-repeat":"repeat","background-position":"center center","background-size":"auto","background-attachment":"scroll","background-type":"","background-media":"","overlay-type":"","overlay-color":"","overlay-opacity":"","overlay-gradient":""},"mobile":{"background-color":"var(--ast-global-color-4)","background-image":"","background-repeat":"repeat","background-position":"center center","background-size":"auto","background-attachment":"scroll","background-type":"","background-media":"","overlay-type":"","overlay-color":"","overlay-opacity":"","overlay-gradient":""}},"footnotes":""},"class_list":["post-976","page","type-page","status-publish","hentry"],"_links":{"self":[{"href":"https:\/\/iota-society.com\/index.php\/wp-json\/wp\/v2\/pages\/976","targetHints":{"allow":["GET"]}}],"collection":[{"href":"https:\/\/iota-society.com\/index.php\/wp-json\/wp\/v2\/pages"}],"about":[{"href":"https:\/\/iota-society.com\/index.php\/wp-json\/wp\/v2\/types\/page"}],"author":[{"embeddable":true,"href":"https:\/\/iota-society.com\/index.php\/wp-json\/wp\/v2\/users\/1"}],"replies":[{"embeddable":true,"href":"https:\/\/iota-society.com\/index.php\/wp-json\/wp\/v2\/comments?post=976"}],"version-history":[{"count":16,"href":"https:\/\/iota-society.com\/index.php\/wp-json\/wp\/v2\/pages\/976\/revisions"}],"predecessor-version":[{"id":3439,"href":"https:\/\/iota-society.com\/index.php\/wp-json\/wp\/v2\/pages\/976\/revisions\/3439"}],"wp:attachment":[{"href":"https:\/\/iota-society.com\/index.php\/wp-json\/wp\/v2\/media?parent=976"}],"curies":[{"name":"wp","href":"https:\/\/api.w.org\/{rel}","templated":true}]}}