{"id":516,"date":"2025-12-26T11:51:26","date_gmt":"2025-12-26T11:51:26","guid":{"rendered":"https:\/\/iota-society.com\/?page_id=516"},"modified":"2026-01-20T15:44:48","modified_gmt":"2026-01-20T15:44:48","slug":"test-de-qi-normal-item-11","status":"publish","type":"page","link":"https:\/\/iota-society.com\/index.php\/test-de-qi-normal-item-11\/","title":{"rendered":"Test de qi normal &#8211; item 11"},"content":{"rendered":"\t\t<div data-elementor-type=\"wp-page\" data-elementor-id=\"516\" class=\"elementor elementor-516\">\n\t\t\t\t<div class=\"elementor-element elementor-element-a8f85e8 e-flex e-con-boxed e-con e-parent\" data-id=\"a8f85e8\" data-element_type=\"container\" data-e-type=\"container\">\n\t\t\t\t\t<div class=\"e-con-inner\">\n\t\t\t\t<div class=\"elementor-element elementor-element-9b62a3f elementor-widget elementor-widget-heading\" data-id=\"9b62a3f\" data-element_type=\"widget\" data-e-type=\"widget\" data-widget_type=\"heading.default\">\n\t\t\t\t\t<h2 class=\"elementor-heading-title elementor-size-default\">Architecture du Sens item 11<\/h2>\t\t\t\t<\/div>\n\t\t\t\t<div class=\"elementor-element elementor-element-4083049 elementor-widget elementor-widget-spacer\" data-id=\"4083049\" data-element_type=\"widget\" data-e-type=\"widget\" data-widget_type=\"spacer.default\">\n\t\t\t\t\t\t\t<div class=\"elementor-spacer\">\n\t\t\t<div class=\"elementor-spacer-inner\"><\/div>\n\t\t<\/div>\n\t\t\t\t\t\t<\/div>\n\t\t\t\t<div class=\"elementor-element elementor-element-4bad639 elementor-widget elementor-widget-text-editor\" data-id=\"4bad639\" data-element_type=\"widget\" data-e-type=\"widget\" data-widget_type=\"text-editor.default\">\n\t\t\t\t\t\t\t\t\t<p><em data-start=\"520\" data-end=\"617\">Ce subtest invite \u00e0 rep\u00e9rer l\u2019\u00e9l\u00e9ment qui ne s\u2019inscrit pas <\/em><em data-start=\"520\" data-end=\"617\">dans la logique <\/em><\/p><p>\u00a0<\/p><p>\u00a0<\/p><p><em data-start=\"520\" data-end=\"617\">d\u2019un ensemble donn\u00e9.<\/em><\/p><p>\u00a0<\/p><p>\u00a0<\/p><p>\u00a0<\/p><p><em data-start=\"622\" data-end=\"731\">Il explore la capacit\u00e9 \u00e0 organiser le sens et \u00e0 d\u00e9tecter une rupture conceptuelle,<\/em><\/p><p>\u00a0<\/p><p>\u00a0<\/p><p><em data-start=\"622\" data-end=\"731\"> sans vis\u00e9e diagnostique.<\/em><\/p>\t\t\t\t\t\t\t\t<\/div>\n\t\t\t\t<div class=\"elementor-element elementor-element-8a4b7c1 elementor-widget elementor-widget-spacer\" data-id=\"8a4b7c1\" data-element_type=\"widget\" data-e-type=\"widget\" data-widget_type=\"spacer.default\">\n\t\t\t\t\t\t\t<div class=\"elementor-spacer\">\n\t\t\t<div class=\"elementor-spacer-inner\"><\/div>\n\t\t<\/div>\n\t\t\t\t\t\t<\/div>\n\t\t\t\t<div class=\"elementor-element elementor-element-08bc897 elementor-widget elementor-widget-text-editor\" data-id=\"08bc897\" data-element_type=\"widget\" data-e-type=\"widget\" data-widget_type=\"text-editor.default\">\n\t\t\t\t\t\t\t\t\t<p>Trouv\u00e9 l&rsquo;intrus, recopi\u00e9 l&rsquo;\u00e9l\u00e9ment qui est incoh\u00e9rent et l&rsquo;\u00e9crire sans majuscule.<\/p>\t\t\t\t\t\t\t\t<\/div>\n\t\t\t\t<div class=\"elementor-element elementor-element-96b0411 elementor-widget elementor-widget-spacer\" data-id=\"96b0411\" data-element_type=\"widget\" data-e-type=\"widget\" data-widget_type=\"spacer.default\">\n\t\t\t\t\t\t\t<div class=\"elementor-spacer\">\n\t\t\t<div class=\"elementor-spacer-inner\"><\/div>\n\t\t<\/div>\n\t\t\t\t\t\t<\/div>\n\t\t\t\t\t<\/div>\n\t\t\t\t<\/div>\n\t\t<div class=\"elementor-element elementor-element-d137263 e-grid e-con-full e-con e-parent\" data-id=\"d137263\" data-element_type=\"container\" data-e-type=\"container\">\n\t\t\t\t<div class=\"elementor-element elementor-element-a5b6804 elementor-widget elementor-widget-text-editor\" data-id=\"a5b6804\" data-element_type=\"widget\" data-e-type=\"widget\" data-widget_type=\"text-editor.default\">\n\t\t\t\t\t\t\t\t\t<p>\u00a0<\/p><p>\u00a0<\/p><p>\u00a0<\/p><p>\u00a0<\/p><p>\u00a0 \u00a0 \u00a0 \u00a0 \u00a0 \u00a0 \u00a0 \u00a0 \u00a0 \u00a0 \u00a0 Voltaire<\/p>\t\t\t\t\t\t\t\t<\/div>\n\t\t\t\t<div class=\"elementor-element elementor-element-5bc0be1 elementor-widget elementor-widget-text-editor\" data-id=\"5bc0be1\" data-element_type=\"widget\" data-e-type=\"widget\" data-widget_type=\"text-editor.default\">\n\t\t\t\t\t\t\t\t\t<p>\u00a0<\/p><p>\u00a0<\/p><p>\u00a0<\/p><p>\u00a0<\/p><p>\u00a0 \u00a0 \u00a0 \u00a0 \u00a0 \u00a0 \u00a0 \u00a0 \u00a0 \u00a0 Rousseau<\/p>\t\t\t\t\t\t\t\t<\/div>\n\t\t\t\t<div class=\"elementor-element elementor-element-c416ea2 elementor-widget elementor-widget-text-editor\" data-id=\"c416ea2\" data-element_type=\"widget\" data-e-type=\"widget\" data-widget_type=\"text-editor.default\">\n\t\t\t\t\t\t\t\t\t<p>\u00a0<\/p><p>\u00a0<\/p><p>\u00a0<\/p><p>\u00a0 \u00a0 \u00a0 \u00a0 \u00a0 \u00a0 \u00a0 \u00a0 \u00a0 \u00a0 \u00a0 Racine<\/p>\t\t\t\t\t\t\t\t<\/div>\n\t\t\t\t<div class=\"elementor-element elementor-element-c3afcb2 elementor-widget elementor-widget-text-editor\" data-id=\"c3afcb2\" data-element_type=\"widget\" data-e-type=\"widget\" data-widget_type=\"text-editor.default\">\n\t\t\t\t\t\t\t\t\t<p>\u00a0<\/p><p>\u00a0<\/p><p>\u00a0<\/p><p>\u00a0 \u00a0 \u00a0 \u00a0 \u00a0 \u00a0 \u00a0 \u00a0 \u00a0 \u00a0 Diderot<\/p>\t\t\t\t\t\t\t\t<\/div>\n\t\t\t\t<\/div>\n\t\t<div class=\"elementor-element elementor-element-6ebcfa1 e-flex e-con-boxed e-con e-parent\" data-id=\"6ebcfa1\" data-element_type=\"container\" data-e-type=\"container\">\n\t\t\t\t\t<div class=\"e-con-inner\">\n\t\t\t\t<div class=\"elementor-element elementor-element-61cffbf elementor-widget elementor-widget-formidable\" data-id=\"61cffbf\" data-element_type=\"widget\" data-e-type=\"widget\" data-widget_type=\"formidable.default\">\n\t\t\t\t<div class=\"elementor-widget-container\">\n\t\t\t\t\t<div class=\"frm_forms  with_frm_style frm_style_style-formidable\" id=\"frm_form_14_container\" data-token=\"f23294f3fe90d11c4f8282c8a58b021e\">\n<form enctype=\"multipart\/form-data\" method=\"post\" class=\"frm-show-form \" id=\"form_pgja5\" data-token=\"f23294f3fe90d11c4f8282c8a58b021e\">\n<div class=\"frm_form_fields \">\n<fieldset>\n<legend class=\"frm_screen_reader\">item 11<\/legend>\r\n\r\n<div class=\"frm_fields_container\">\n<input type=\"hidden\" name=\"frm_action\" value=\"create\" \/>\n<input type=\"hidden\" name=\"form_id\" value=\"14\" \/>\n<input type=\"hidden\" name=\"frm_hide_fields_14\" id=\"frm_hide_fields_14\" value=\"\" \/>\n<input type=\"hidden\" name=\"form_key\" value=\"pgja5\" \/>\n<input type=\"hidden\" name=\"item_meta[0]\" value=\"\" \/>\n<input type=\"hidden\" id=\"frm_submit_entry_14\" name=\"frm_submit_entry_14\" value=\"43c7f6bb6a\" \/><input type=\"hidden\" name=\"_wp_http_referer\" value=\"\/index.php\/wp-json\/wp\/v2\/pages\/516\" \/><div id=\"frm_field_35_container\" class=\"frm_form_field form-field  frm_top_container\">\r\n\t<label for=\"field_ft6pi\" id=\"field_ft6pi_label\" class=\"frm_primary_label\">Trouver l'intrus et l'\u00e9crire ?\r\n\t\t<span class=\"frm_required\" aria-hidden=\"true\"><\/span>\r\n\t<\/label>\r\n\t<input type=\"text\" id=\"field_ft6pi\" name=\"item_meta[35]\" value=\"\"  data-invmsg=\"Trouver l&#039;intrus et l&#039;\u00e9crire ? est non valide\" aria-invalid=\"false\"  \/>\r\n\t\r\n\t\r\n<\/div>\n<div id=\"frm_field_34_container\" class=\"frm_form_field form-field \">\r\n\t<div class=\"frm_submit frm_flex\">\r\n<button class=\"frm_button_submit\" type=\"submit\"  >Envoyer<\/button>\r\n\r\n\r\n\r\n<\/div>\r\n<\/div>\n\t<input type=\"hidden\" name=\"item_key\" value=\"\" \/>\n\t\t\t<div id=\"frm_field_257_container\">\n\t\t\t<label for=\"field_727zu\" >\n\t\t\t\tSi vous \u00eates un humain, ne remplissez pas ce champ.\t\t\t<\/label>\n\t\t\t<input  id=\"field_727zu\" type=\"text\" class=\"frm_form_field form-field frm_verify\" name=\"item_meta[257]\" value=\"\"  \/>\n\t\t<\/div>\n\t\t<input name=\"frm_state\" type=\"hidden\" value=\"sMTuaVT0ASMTylgqFZmvAFhv\/iqvyCzGE7Hs63ervBY=\" \/><\/div>\n<\/fieldset>\n<\/div>\n\n<\/form>\n<\/div>\n\t\t\t\t<\/div>\n\t\t\t\t<\/div>\n\t\t\t\t\t<\/div>\n\t\t\t\t<\/div>\n\t\t<div class=\"elementor-element elementor-element-cf5931d e-flex e-con-boxed e-con e-parent\" data-id=\"cf5931d\" data-element_type=\"container\" data-e-type=\"container\">\n\t\t\t\t\t<div class=\"e-con-inner\">\n\t\t\t\t<div class=\"elementor-element elementor-element-f8e1fe8 elementor-widget elementor-widget-image\" data-id=\"f8e1fe8\" data-element_type=\"widget\" data-e-type=\"widget\" data-widget_type=\"image.default\">\n\t\t\t\t\t\t\t\t\t\t\t\t\t\t\t<img fetchpriority=\"high\" decoding=\"async\" width=\"1024\" height=\"683\" src=\"https:\/\/iota-society.com\/wp-content\/uploads\/2025\/12\/AS-item-11-1024x683.png\" class=\"attachment-large size-large wp-image-530\" alt=\"\" srcset=\"https:\/\/iota-society.com\/wp-content\/uploads\/2025\/12\/AS-item-11-1024x683.png 1024w, https:\/\/iota-society.com\/wp-content\/uploads\/2025\/12\/AS-item-11-300x200.png 300w, https:\/\/iota-society.com\/wp-content\/uploads\/2025\/12\/AS-item-11-768x512.png 768w, https:\/\/iota-society.com\/wp-content\/uploads\/2025\/12\/AS-item-11.png 1536w\" sizes=\"(max-width: 1024px) 100vw, 1024px\" \/>\t\t\t\t\t\t\t\t\t\t\t\t\t\t\t<\/div>\n\t\t\t\t\t<\/div>\n\t\t\t\t<\/div>\n\t\t<div class=\"elementor-element elementor-element-f60d25d e-flex e-con-boxed e-con e-parent\" data-id=\"f60d25d\" data-element_type=\"container\" data-e-type=\"container\">\n\t\t\t\t\t<div class=\"e-con-inner\">\n\t\t\t\t<div class=\"elementor-element elementor-element-a1bdd43 elementor-widget elementor-widget-html\" data-id=\"a1bdd43\" data-element_type=\"widget\" data-e-type=\"widget\" data-widget_type=\"html.default\">\n\t\t\t\t\t<script>\r\n(function () {\r\n  const KEY=\"iota_archi_score\", ITEM=11, GOOD=[\"racine\"];\r\n  const norm=s=>(s||\"\").toString().trim().toLowerCase().replace(\/\\s+\/g,\" \");\r\n  const getInt=k=>{const n=parseInt(localStorage.getItem(k)||\"0\",10);return Number.isFinite(n)?n:0;};\r\n\r\n  document.addEventListener(\"submit\", function(e){\r\n    const form=e.target; if(!form.classList.contains(\"frm-show-form\")) return;\r\n    const done=\"iota_done_\"+ITEM; if(localStorage.getItem(done)===\"1\") return;\r\n\r\n    const field=form.querySelector('input[type=\"text\"], textarea'); if(!field) return;\r\n    const user=norm(field.value);\r\n    const ok=GOOD.map(norm).includes(user);\r\n\r\n    if(ok){ localStorage.setItem(KEY, String(getInt(KEY)+1)); }\r\n    localStorage.setItem(done,\"1\");\r\n  });\r\n})();\r\n<\/script>\r\n\t\t\t\t<\/div>\n\t\t\t\t\t<\/div>\n\t\t\t\t<\/div>\n\t\t<div class=\"elementor-element elementor-element-dd83f19 e-flex e-con-boxed e-con e-parent\" data-id=\"dd83f19\" data-element_type=\"container\" data-e-type=\"container\">\n\t\t\t\t\t<div class=\"e-con-inner\">\n\t\t\t\t\t<\/div>\n\t\t\t\t<\/div>\n\t\t\t\t<\/div>\n\t\t","protected":false},"excerpt":{"rendered":"<p>Architecture du Sens item 11 Ce subtest invite \u00e0 rep\u00e9rer l\u2019\u00e9l\u00e9ment qui ne s\u2019inscrit pas dans la logique \u00a0 \u00a0 [&hellip;]<\/p>\n","protected":false},"author":1,"featured_media":0,"parent":0,"menu_order":0,"comment_status":"closed","ping_status":"closed","template":"","meta":{"site-sidebar-layout":"no-sidebar","site-content-layout":"","ast-site-content-layout":"full-width-container","site-content-style":"default","site-sidebar-style":"default","ast-global-header-display":"","ast-banner-title-visibility":"","ast-main-header-display":"","ast-hfb-above-header-display":"","ast-hfb-below-header-display":"","ast-hfb-mobile-header-display":"","site-post-title":"","ast-breadcrumbs-content":"","ast-featured-img":"disabled","footer-sml-layout":"","ast-disable-related-posts":"","theme-transparent-header-meta":"","adv-header-id-meta":"","stick-header-meta":"","header-above-stick-meta":"","header-main-stick-meta":"","header-below-stick-meta":"","astra-migrate-meta-layouts":"default","ast-page-background-enabled":"default","ast-page-background-meta":{"desktop":{"background-color":"var(--ast-global-color-5)","background-image":"","background-repeat":"repeat","background-position":"center center","background-size":"auto","background-attachment":"scroll","background-type":"","background-media":"","overlay-type":"","overlay-color":"","overlay-opacity":"","overlay-gradient":""},"tablet":{"background-color":"","background-image":"","background-repeat":"repeat","background-position":"center center","background-size":"auto","background-attachment":"scroll","background-type":"","background-media":"","overlay-type":"","overlay-color":"","overlay-opacity":"","overlay-gradient":""},"mobile":{"background-color":"","background-image":"","background-repeat":"repeat","background-position":"center center","background-size":"auto","background-attachment":"scroll","background-type":"","background-media":"","overlay-type":"","overlay-color":"","overlay-opacity":"","overlay-gradient":""}},"ast-content-background-meta":{"desktop":{"background-color":"var(--ast-global-color-4)","background-image":"","background-repeat":"repeat","background-position":"center center","background-size":"auto","background-attachment":"scroll","background-type":"","background-media":"","overlay-type":"","overlay-color":"","overlay-opacity":"","overlay-gradient":""},"tablet":{"background-color":"var(--ast-global-color-4)","background-image":"","background-repeat":"repeat","background-position":"center center","background-size":"auto","background-attachment":"scroll","background-type":"","background-media":"","overlay-type":"","overlay-color":"","overlay-opacity":"","overlay-gradient":""},"mobile":{"background-color":"var(--ast-global-color-4)","background-image":"","background-repeat":"repeat","background-position":"center center","background-size":"auto","background-attachment":"scroll","background-type":"","background-media":"","overlay-type":"","overlay-color":"","overlay-opacity":"","overlay-gradient":""}},"footnotes":""},"class_list":["post-516","page","type-page","status-publish","hentry"],"_links":{"self":[{"href":"https:\/\/iota-society.com\/index.php\/wp-json\/wp\/v2\/pages\/516","targetHints":{"allow":["GET"]}}],"collection":[{"href":"https:\/\/iota-society.com\/index.php\/wp-json\/wp\/v2\/pages"}],"about":[{"href":"https:\/\/iota-society.com\/index.php\/wp-json\/wp\/v2\/types\/page"}],"author":[{"embeddable":true,"href":"https:\/\/iota-society.com\/index.php\/wp-json\/wp\/v2\/users\/1"}],"replies":[{"embeddable":true,"href":"https:\/\/iota-society.com\/index.php\/wp-json\/wp\/v2\/comments?post=516"}],"version-history":[{"count":31,"href":"https:\/\/iota-society.com\/index.php\/wp-json\/wp\/v2\/pages\/516\/revisions"}],"predecessor-version":[{"id":3640,"href":"https:\/\/iota-society.com\/index.php\/wp-json\/wp\/v2\/pages\/516\/revisions\/3640"}],"wp:attachment":[{"href":"https:\/\/iota-society.com\/index.php\/wp-json\/wp\/v2\/media?parent=516"}],"curies":[{"name":"wp","href":"https:\/\/api.w.org\/{rel}","templated":true}]}}