{"id":4173,"date":"2026-01-31T16:22:38","date_gmt":"2026-01-31T16:22:38","guid":{"rendered":"https:\/\/iota-society.com\/?page_id=4173"},"modified":"2026-02-06T10:43:15","modified_gmt":"2026-02-06T10:43:15","slug":"avertissement-test-qi-iota-version-hm","status":"publish","type":"page","link":"https:\/\/iota-society.com\/index.php\/avertissement-test-qi-iota-version-hm\/","title":{"rendered":"Avertissement Test Qi IOTA version HM"},"content":{"rendered":"\t\t<div data-elementor-type=\"wp-page\" data-elementor-id=\"4173\" class=\"elementor elementor-4173\">\n\t\t\t\t<div class=\"elementor-element elementor-element-862803a e-flex e-con-boxed e-con e-parent\" data-id=\"862803a\" data-element_type=\"container\" data-e-type=\"container\">\n\t\t\t\t\t<div class=\"e-con-inner\">\n\t\t\t\t<div class=\"elementor-element elementor-element-5855f33 elementor-widget elementor-widget-heading\" data-id=\"5855f33\" data-element_type=\"widget\" data-e-type=\"widget\" data-widget_type=\"heading.default\">\n\t\t\t\t\t<h2 class=\"elementor-heading-title elementor-size-default\">Test QI IOTA HM version 1<\/h2>\t\t\t\t<\/div>\n\t\t\t\t<div class=\"elementor-element elementor-element-ebb31a0 elementor-widget elementor-widget-spacer\" data-id=\"ebb31a0\" data-element_type=\"widget\" data-e-type=\"widget\" data-widget_type=\"spacer.default\">\n\t\t\t\t\t\t\t<div class=\"elementor-spacer\">\n\t\t\t<div class=\"elementor-spacer-inner\"><\/div>\n\t\t<\/div>\n\t\t\t\t\t\t<\/div>\n\t\t\t\t<div class=\"elementor-element elementor-element-4d60b3b elementor-widget elementor-widget-text-editor\" data-id=\"4d60b3b\" data-element_type=\"widget\" data-e-type=\"widget\" data-widget_type=\"text-editor.default\">\n\t\t\t\t\t\t\t\t\t<p>Vous qui avez le courage et la d\u00e9termination pour vous attelez \u00e0 ce test<\/p><p>\u00a0<\/p><p>\u00a0<\/p><p>niveau Hard mode .<\/p><p>\u00a0<\/p><p>\u00a0<\/p><p>\u00a0<\/p><p>Je me vois dans l&rsquo;obligation de vous donnez quelques explications concernant celui-ci.<\/p><p>\u00a0<\/p><p>\u00a0<\/p><p>Tout d&rsquo;abord, la s\u00e9rie de question n&rsquo;est pas forc\u00e9ment progressive ceci<\/p><p>\u00a0<\/p><p>\u00a0<\/p><p>dans le but de ne pas vous d\u00e9courager sur la fin de chaque subtest.<\/p><p>\u00a0<\/p><p>\u00a0<\/p><p>\u00a0<\/p><p>\u00a0<\/p><p>Le test comprend 10 subtests de 20 questions chacun<\/p><p>\u00a0<\/p><p>\u00a0<\/p><p>Un token vous est d\u00e9livr\u00e9 \u00e0 la fin du test vous pourrez donc recommencer celui-ci<\/p><p>\u00a0<\/p><p>\u00a0<\/p><p>pendant une dur\u00e9e de 15 jours \u00e0 compter du moment de l&rsquo;obtention dudit token.<\/p><p>\u00a0<\/p><p>\u00a0<\/p><p>\u00a0<\/p><p>\u00a0<\/p><p>Enfin, si vous ne trichez pas de quelques mani\u00e8res que ce soit<\/p><p>\u00a0<\/p><p>\u00a0<\/p><p>ce test \u00e0 priori est impossible \u00e0 valider \u00e0 100% croyez moi j&rsquo;ai pris<\/p><p>\u00a0<\/p><p>\u00a0<\/p><p>un malin plaisir \u00e0 augmenter le niveau de difficult\u00e9.<\/p>\t\t\t\t\t\t\t\t<\/div>\n\t\t\t\t\t<\/div>\n\t\t\t\t<\/div>\n\t\t<div class=\"elementor-element elementor-element-49831d6 e-flex e-con-boxed e-con e-parent\" data-id=\"49831d6\" data-element_type=\"container\" data-e-type=\"container\">\n\t\t\t\t\t<div class=\"e-con-inner\">\n\t\t\t\t<div class=\"elementor-element elementor-element-f92e63e elementor-widget elementor-widget-formidable\" data-id=\"f92e63e\" data-element_type=\"widget\" data-e-type=\"widget\" data-widget_type=\"formidable.default\">\n\t\t\t\t<div class=\"elementor-widget-container\">\n\t\t\t\t\tVeuillez s\u00e9lectionner un formulaire valide\t\t\t\t<\/div>\n\t\t\t\t<\/div>\n\t\t\t\t<div class=\"elementor-element elementor-element-436ad07 elementor-widget elementor-widget-spacer\" data-id=\"436ad07\" data-element_type=\"widget\" data-e-type=\"widget\" data-widget_type=\"spacer.default\">\n\t\t\t\t\t\t\t<div class=\"elementor-spacer\">\n\t\t\t<div class=\"elementor-spacer-inner\"><\/div>\n\t\t<\/div>\n\t\t\t\t\t\t<\/div>\n\t\t\t\t\t<\/div>\n\t\t\t\t<\/div>\n\t\t<div class=\"elementor-element elementor-element-24e7888 e-flex e-con-boxed e-con e-parent\" data-id=\"24e7888\" data-element_type=\"container\" data-e-type=\"container\">\n\t\t\t\t\t<div class=\"e-con-inner\">\n\t\t\t\t<div class=\"elementor-element elementor-element-7780e90 elementor-widget elementor-widget-image\" data-id=\"7780e90\" data-element_type=\"widget\" data-e-type=\"widget\" data-widget_type=\"image.default\">\n\t\t\t\t\t\t\t\t\t\t\t\t\t\t\t<img fetchpriority=\"high\" decoding=\"async\" width=\"683\" height=\"1024\" src=\"https:\/\/iota-society.com\/wp-content\/uploads\/2026\/02\/Avertissement-HM-683x1024.png\" class=\"attachment-large size-large wp-image-4365\" alt=\"\" srcset=\"https:\/\/iota-society.com\/wp-content\/uploads\/2026\/02\/Avertissement-HM-683x1024.png 683w, https:\/\/iota-society.com\/wp-content\/uploads\/2026\/02\/Avertissement-HM-200x300.png 200w, https:\/\/iota-society.com\/wp-content\/uploads\/2026\/02\/Avertissement-HM-768x1152.png 768w, https:\/\/iota-society.com\/wp-content\/uploads\/2026\/02\/Avertissement-HM.png 1024w\" sizes=\"(max-width: 683px) 100vw, 683px\" \/>\t\t\t\t\t\t\t\t\t\t\t\t\t\t\t<\/div>\n\t\t\t\t\t<\/div>\n\t\t\t\t<\/div>\n\t\t\t\t<\/div>\n\t\t","protected":false},"excerpt":{"rendered":"<p>Test QI IOTA HM version 1 Vous qui avez le courage et la d\u00e9termination pour vous attelez \u00e0 ce test [&hellip;]<\/p>\n","protected":false},"author":1,"featured_media":0,"parent":0,"menu_order":0,"comment_status":"closed","ping_status":"closed","template":"","meta":{"site-sidebar-layout":"no-sidebar","site-content-layout":"","ast-site-content-layout":"full-width-container","site-content-style":"default","site-sidebar-style":"default","ast-global-header-display":"","ast-banner-title-visibility":"","ast-main-header-display":"","ast-hfb-above-header-display":"","ast-hfb-below-header-display":"","ast-hfb-mobile-header-display":"","site-post-title":"","ast-breadcrumbs-content":"","ast-featured-img":"disabled","footer-sml-layout":"","ast-disable-related-posts":"","theme-transparent-header-meta":"","adv-header-id-meta":"","stick-header-meta":"","header-above-stick-meta":"","header-main-stick-meta":"","header-below-stick-meta":"","astra-migrate-meta-layouts":"default","ast-page-background-enabled":"default","ast-page-background-meta":{"desktop":{"background-color":"var(--ast-global-color-5)","background-image":"","background-repeat":"repeat","background-position":"center center","background-size":"auto","background-attachment":"scroll","background-type":"","background-media":"","overlay-type":"","overlay-color":"","overlay-opacity":"","overlay-gradient":""},"tablet":{"background-color":"","background-image":"","background-repeat":"repeat","background-position":"center center","background-size":"auto","background-attachment":"scroll","background-type":"","background-media":"","overlay-type":"","overlay-color":"","overlay-opacity":"","overlay-gradient":""},"mobile":{"background-color":"","background-image":"","background-repeat":"repeat","background-position":"center center","background-size":"auto","background-attachment":"scroll","background-type":"","background-media":"","overlay-type":"","overlay-color":"","overlay-opacity":"","overlay-gradient":""}},"ast-content-background-meta":{"desktop":{"background-color":"var(--ast-global-color-4)","background-image":"","background-repeat":"repeat","background-position":"center center","background-size":"auto","background-attachment":"scroll","background-type":"","background-media":"","overlay-type":"","overlay-color":"","overlay-opacity":"","overlay-gradient":""},"tablet":{"background-color":"var(--ast-global-color-4)","background-image":"","background-repeat":"repeat","background-position":"center center","background-size":"auto","background-attachment":"scroll","background-type":"","background-media":"","overlay-type":"","overlay-color":"","overlay-opacity":"","overlay-gradient":""},"mobile":{"background-color":"var(--ast-global-color-4)","background-image":"","background-repeat":"repeat","background-position":"center center","background-size":"auto","background-attachment":"scroll","background-type":"","background-media":"","overlay-type":"","overlay-color":"","overlay-opacity":"","overlay-gradient":""}},"footnotes":""},"class_list":["post-4173","page","type-page","status-publish","hentry"],"_links":{"self":[{"href":"https:\/\/iota-society.com\/index.php\/wp-json\/wp\/v2\/pages\/4173","targetHints":{"allow":["GET"]}}],"collection":[{"href":"https:\/\/iota-society.com\/index.php\/wp-json\/wp\/v2\/pages"}],"about":[{"href":"https:\/\/iota-society.com\/index.php\/wp-json\/wp\/v2\/types\/page"}],"author":[{"embeddable":true,"href":"https:\/\/iota-society.com\/index.php\/wp-json\/wp\/v2\/users\/1"}],"replies":[{"embeddable":true,"href":"https:\/\/iota-society.com\/index.php\/wp-json\/wp\/v2\/comments?post=4173"}],"version-history":[{"count":10,"href":"https:\/\/iota-society.com\/index.php\/wp-json\/wp\/v2\/pages\/4173\/revisions"}],"predecessor-version":[{"id":4368,"href":"https:\/\/iota-society.com\/index.php\/wp-json\/wp\/v2\/pages\/4173\/revisions\/4368"}],"wp:attachment":[{"href":"https:\/\/iota-society.com\/index.php\/wp-json\/wp\/v2\/media?parent=4173"}],"curies":[{"name":"wp","href":"https:\/\/api.w.org\/{rel}","templated":true}]}}