{"id":3855,"date":"2026-01-25T07:56:44","date_gmt":"2026-01-25T07:56:44","guid":{"rendered":"https:\/\/iota-society.com\/?page_id=3855"},"modified":"2026-01-25T08:16:58","modified_gmt":"2026-01-25T08:16:58","slug":"test-de-qi-hard-mode-item-17","status":"publish","type":"page","link":"https:\/\/iota-society.com\/index.php\/test-de-qi-hard-mode-item-17\/","title":{"rendered":"Test de QI Hard Mode item 17"},"content":{"rendered":"\t\t<div data-elementor-type=\"wp-page\" data-elementor-id=\"3855\" class=\"elementor elementor-3855\">\n\t\t\t\t<div class=\"elementor-element elementor-element-f4c50db e-flex e-con-boxed e-con e-parent\" data-id=\"f4c50db\" data-element_type=\"container\" data-e-type=\"container\">\n\t\t\t\t\t<div class=\"e-con-inner\">\n\t\t\t\t<div class=\"elementor-element elementor-element-0a20283 elementor-widget elementor-widget-heading\" data-id=\"0a20283\" data-element_type=\"widget\" data-e-type=\"widget\" data-widget_type=\"heading.default\">\n\t\t\t\t\t<h2 class=\"elementor-heading-title elementor-size-default\">Logique Incarn\u00e9e item 17<\/h2>\t\t\t\t<\/div>\n\t\t\t\t<div class=\"elementor-element elementor-element-b04e2ca elementor-widget elementor-widget-spacer\" data-id=\"b04e2ca\" data-element_type=\"widget\" data-e-type=\"widget\" data-widget_type=\"spacer.default\">\n\t\t\t\t\t\t\t<div class=\"elementor-spacer\">\n\t\t\t<div class=\"elementor-spacer-inner\"><\/div>\n\t\t<\/div>\n\t\t\t\t\t\t<\/div>\n\t\t\t\t<div class=\"elementor-element elementor-element-55174e1 elementor-widget elementor-widget-heading\" data-id=\"55174e1\" data-element_type=\"widget\" data-e-type=\"widget\" data-widget_type=\"heading.default\">\n\t\t\t\t\t<h2 class=\"elementor-heading-title elementor-size-default\">R\u00e8gles<\/h2>\t\t\t\t<\/div>\n\t\t\t\t<div class=\"elementor-element elementor-element-e31f368 elementor-widget elementor-widget-spacer\" data-id=\"e31f368\" data-element_type=\"widget\" data-e-type=\"widget\" data-widget_type=\"spacer.default\">\n\t\t\t\t\t\t\t<div class=\"elementor-spacer\">\n\t\t\t<div class=\"elementor-spacer-inner\"><\/div>\n\t\t<\/div>\n\t\t\t\t\t\t<\/div>\n\t\t\t\t<div class=\"elementor-element elementor-element-e0f3c86 elementor-widget elementor-widget-text-editor\" data-id=\"e0f3c86\" data-element_type=\"widget\" data-e-type=\"widget\" data-widget_type=\"text-editor.default\">\n\t\t\t\t\t\t\t\t\t<p>a) Tous les syst\u00e8mes crypt\u00e9s sont s\u00e9curis\u00e9s.<\/p><p>\u00a0<\/p><p>\u00a0<\/p><p>b) Aucun s\u00e9curis\u00e9 n\u2019est vuln\u00e9rable.<\/p><p>\u00a0<\/p><p>\u00a0<\/p><p>c) Certains r\u00e9seaux internes sont des syst\u00e8mes crypt\u00e9s.<\/p><p>\u00a0<\/p><p>\u00a0<\/p><p>d) Tout r\u00e9seau interne est soit vuln\u00e9rable soit prot\u00e9g\u00e9.<\/p><p>\u00a0<\/p>\t\t\t\t\t\t\t\t<\/div>\n\t\t\t\t<div class=\"elementor-element elementor-element-aee8901 elementor-widget elementor-widget-spacer\" data-id=\"aee8901\" data-element_type=\"widget\" data-e-type=\"widget\" data-widget_type=\"spacer.default\">\n\t\t\t\t\t\t\t<div class=\"elementor-spacer\">\n\t\t\t<div class=\"elementor-spacer-inner\"><\/div>\n\t\t<\/div>\n\t\t\t\t\t\t<\/div>\n\t\t\t\t<div class=\"elementor-element elementor-element-449a96d elementor-widget elementor-widget-heading\" data-id=\"449a96d\" data-element_type=\"widget\" data-e-type=\"widget\" data-widget_type=\"heading.default\">\n\t\t\t\t\t<h2 class=\"elementor-heading-title elementor-size-default\">Question : quelle affirmation est n\u00e9cessairement vraie ?<\/h2>\t\t\t\t<\/div>\n\t\t\t\t<div class=\"elementor-element elementor-element-e59f9cf elementor-widget elementor-widget-spacer\" data-id=\"e59f9cf\" data-element_type=\"widget\" data-e-type=\"widget\" data-widget_type=\"spacer.default\">\n\t\t\t\t\t\t\t<div class=\"elementor-spacer\">\n\t\t\t<div class=\"elementor-spacer-inner\"><\/div>\n\t\t<\/div>\n\t\t\t\t\t\t<\/div>\n\t\t\t\t<div class=\"elementor-element elementor-element-4c8f8c5 elementor-widget elementor-widget-text-editor\" data-id=\"4c8f8c5\" data-element_type=\"widget\" data-e-type=\"widget\" data-widget_type=\"text-editor.default\">\n\t\t\t\t\t\t\t\t\t<p>A. Tous les r\u00e9seaux internes sont prot\u00e9g\u00e9s<\/p><p>\u00a0<\/p><p>\u00a0<\/p><p>B. Aucun r\u00e9seau interne n\u2019est prot\u00e9g\u00e9<\/p><p>\u00a0<\/p><p>\u00a0<\/p><p>C. Certains r\u00e9seaux internes sont prot\u00e9g\u00e9s<\/p><p>\u00a0<\/p><p>\u00a0<\/p><p>D. Certains r\u00e9seaux internes sont vuln\u00e9rables<\/p><p>\u00a0<\/p><p>\u00a0<\/p><p>E. On ne peut rien conclure<\/p>\t\t\t\t\t\t\t\t<\/div>\n\t\t\t\t<div class=\"elementor-element elementor-element-1899637 elementor-widget elementor-widget-spacer\" data-id=\"1899637\" data-element_type=\"widget\" data-e-type=\"widget\" data-widget_type=\"spacer.default\">\n\t\t\t\t\t\t\t<div class=\"elementor-spacer\">\n\t\t\t<div class=\"elementor-spacer-inner\"><\/div>\n\t\t<\/div>\n\t\t\t\t\t\t<\/div>\n\t\t\t\t\t<\/div>\n\t\t\t\t<\/div>\n\t\t<div class=\"elementor-element elementor-element-3728831 e-flex e-con-boxed e-con e-parent\" data-id=\"3728831\" data-element_type=\"container\" data-e-type=\"container\">\n\t\t\t\t\t<div class=\"e-con-inner\">\n\t\t\t\t<div class=\"elementor-element elementor-element-9717484 elementor-widget elementor-widget-formidable\" data-id=\"9717484\" data-element_type=\"widget\" data-e-type=\"widget\" data-widget_type=\"formidable.default\">\n\t\t\t\t<div class=\"elementor-widget-container\">\n\t\t\t\t\tVeuillez s\u00e9lectionner un formulaire valide\t\t\t\t<\/div>\n\t\t\t\t<\/div>\n\t\t\t\t<div class=\"elementor-element elementor-element-d15bd76 elementor-widget elementor-widget-spacer\" data-id=\"d15bd76\" data-element_type=\"widget\" data-e-type=\"widget\" data-widget_type=\"spacer.default\">\n\t\t\t\t\t\t\t<div class=\"elementor-spacer\">\n\t\t\t<div class=\"elementor-spacer-inner\"><\/div>\n\t\t<\/div>\n\t\t\t\t\t\t<\/div>\n\t\t\t\t<div class=\"elementor-element elementor-element-34afbe6 elementor-widget elementor-widget-image\" data-id=\"34afbe6\" data-element_type=\"widget\" data-e-type=\"widget\" data-widget_type=\"image.default\">\n\t\t\t\t\t\t\t\t\t\t\t\t\t\t\t<img fetchpriority=\"high\" decoding=\"async\" width=\"683\" height=\"1024\" src=\"https:\/\/iota-society.com\/wp-content\/uploads\/2026\/01\/HM-17-683x1024.png\" class=\"attachment-large size-large wp-image-3757\" alt=\"\" srcset=\"https:\/\/iota-society.com\/wp-content\/uploads\/2026\/01\/HM-17-683x1024.png 683w, https:\/\/iota-society.com\/wp-content\/uploads\/2026\/01\/HM-17-200x300.png 200w, https:\/\/iota-society.com\/wp-content\/uploads\/2026\/01\/HM-17-768x1152.png 768w, https:\/\/iota-society.com\/wp-content\/uploads\/2026\/01\/HM-17.png 1024w\" sizes=\"(max-width: 683px) 100vw, 683px\" \/>\t\t\t\t\t\t\t\t\t\t\t\t\t\t\t<\/div>\n\t\t\t\t\t<\/div>\n\t\t\t\t<\/div>\n\t\t\t\t<\/div>\n\t\t","protected":false},"excerpt":{"rendered":"<p>Logique Incarn\u00e9e item 17 R\u00e8gles a) Tous les syst\u00e8mes crypt\u00e9s sont s\u00e9curis\u00e9s. \u00a0 \u00a0 b) Aucun s\u00e9curis\u00e9 n\u2019est vuln\u00e9rable. \u00a0 [&hellip;]<\/p>\n","protected":false},"author":1,"featured_media":0,"parent":0,"menu_order":0,"comment_status":"closed","ping_status":"closed","template":"","meta":{"site-sidebar-layout":"no-sidebar","site-content-layout":"","ast-site-content-layout":"full-width-container","site-content-style":"default","site-sidebar-style":"default","ast-global-header-display":"","ast-banner-title-visibility":"","ast-main-header-display":"","ast-hfb-above-header-display":"","ast-hfb-below-header-display":"","ast-hfb-mobile-header-display":"","site-post-title":"","ast-breadcrumbs-content":"","ast-featured-img":"disabled","footer-sml-layout":"","ast-disable-related-posts":"","theme-transparent-header-meta":"","adv-header-id-meta":"","stick-header-meta":"","header-above-stick-meta":"","header-main-stick-meta":"","header-below-stick-meta":"","astra-migrate-meta-layouts":"default","ast-page-background-enabled":"default","ast-page-background-meta":{"desktop":{"background-color":"var(--ast-global-color-5)","background-image":"","background-repeat":"repeat","background-position":"center center","background-size":"auto","background-attachment":"scroll","background-type":"","background-media":"","overlay-type":"","overlay-color":"","overlay-opacity":"","overlay-gradient":""},"tablet":{"background-color":"","background-image":"","background-repeat":"repeat","background-position":"center center","background-size":"auto","background-attachment":"scroll","background-type":"","background-media":"","overlay-type":"","overlay-color":"","overlay-opacity":"","overlay-gradient":""},"mobile":{"background-color":"","background-image":"","background-repeat":"repeat","background-position":"center center","background-size":"auto","background-attachment":"scroll","background-type":"","background-media":"","overlay-type":"","overlay-color":"","overlay-opacity":"","overlay-gradient":""}},"ast-content-background-meta":{"desktop":{"background-color":"var(--ast-global-color-4)","background-image":"","background-repeat":"repeat","background-position":"center center","background-size":"auto","background-attachment":"scroll","background-type":"","background-media":"","overlay-type":"","overlay-color":"","overlay-opacity":"","overlay-gradient":""},"tablet":{"background-color":"var(--ast-global-color-4)","background-image":"","background-repeat":"repeat","background-position":"center center","background-size":"auto","background-attachment":"scroll","background-type":"","background-media":"","overlay-type":"","overlay-color":"","overlay-opacity":"","overlay-gradient":""},"mobile":{"background-color":"var(--ast-global-color-4)","background-image":"","background-repeat":"repeat","background-position":"center center","background-size":"auto","background-attachment":"scroll","background-type":"","background-media":"","overlay-type":"","overlay-color":"","overlay-opacity":"","overlay-gradient":""}},"footnotes":""},"class_list":["post-3855","page","type-page","status-publish","hentry"],"_links":{"self":[{"href":"https:\/\/iota-society.com\/index.php\/wp-json\/wp\/v2\/pages\/3855","targetHints":{"allow":["GET"]}}],"collection":[{"href":"https:\/\/iota-society.com\/index.php\/wp-json\/wp\/v2\/pages"}],"about":[{"href":"https:\/\/iota-society.com\/index.php\/wp-json\/wp\/v2\/types\/page"}],"author":[{"embeddable":true,"href":"https:\/\/iota-society.com\/index.php\/wp-json\/wp\/v2\/users\/1"}],"replies":[{"embeddable":true,"href":"https:\/\/iota-society.com\/index.php\/wp-json\/wp\/v2\/comments?post=3855"}],"version-history":[{"count":7,"href":"https:\/\/iota-society.com\/index.php\/wp-json\/wp\/v2\/pages\/3855\/revisions"}],"predecessor-version":[{"id":3883,"href":"https:\/\/iota-society.com\/index.php\/wp-json\/wp\/v2\/pages\/3855\/revisions\/3883"}],"wp:attachment":[{"href":"https:\/\/iota-society.com\/index.php\/wp-json\/wp\/v2\/media?parent=3855"}],"curies":[{"name":"wp","href":"https:\/\/api.w.org\/{rel}","templated":true}]}}