{"id":37,"date":"2025-12-20T13:09:10","date_gmt":"2025-12-20T13:09:10","guid":{"rendered":"https:\/\/iota-society.com\/?page_id=37"},"modified":"2026-01-25T08:35:23","modified_gmt":"2026-01-25T08:35:23","slug":"test-de-qi","status":"publish","type":"page","link":"https:\/\/iota-society.com\/index.php\/test-de-qi\/","title":{"rendered":"TEST DE QI"},"content":{"rendered":"\t\t<div data-elementor-type=\"wp-page\" data-elementor-id=\"37\" class=\"elementor elementor-37\">\n\t\t\t\t<div class=\"elementor-element elementor-element-74e00d4 e-flex e-con-boxed e-con e-parent\" data-id=\"74e00d4\" data-element_type=\"container\" data-e-type=\"container\">\n\t\t\t\t\t<div class=\"e-con-inner\">\n\t\t\t\t<div class=\"elementor-element elementor-element-8e664db elementor-widget elementor-widget-heading\" data-id=\"8e664db\" data-element_type=\"widget\" data-e-type=\"widget\" data-widget_type=\"heading.default\">\n\t\t\t\t\t<h2 class=\"elementor-heading-title elementor-size-default\">Test de QI<\/h2>\t\t\t\t<\/div>\n\t\t\t\t<div class=\"elementor-element elementor-element-964cf8f elementor-widget elementor-widget-spacer\" data-id=\"964cf8f\" data-element_type=\"widget\" data-e-type=\"widget\" data-widget_type=\"spacer.default\">\n\t\t\t\t\t\t\t<div class=\"elementor-spacer\">\n\t\t\t<div class=\"elementor-spacer-inner\"><\/div>\n\t\t<\/div>\n\t\t\t\t\t\t<\/div>\n\t\t\t\t<div class=\"elementor-element elementor-element-46a250c elementor-widget elementor-widget-heading\" data-id=\"46a250c\" data-element_type=\"widget\" data-e-type=\"widget\" data-widget_type=\"heading.default\">\n\t\t\t\t\t<h2 class=\"elementor-heading-title elementor-size-default\">Une exploration du raisonnement et de la logique<\/h2>\t\t\t\t<\/div>\n\t\t\t\t<div class=\"elementor-element elementor-element-ff9cf81 elementor-widget elementor-widget-spacer\" data-id=\"ff9cf81\" data-element_type=\"widget\" data-e-type=\"widget\" data-widget_type=\"spacer.default\">\n\t\t\t\t\t\t\t<div class=\"elementor-spacer\">\n\t\t\t<div class=\"elementor-spacer-inner\"><\/div>\n\t\t<\/div>\n\t\t\t\t\t\t<\/div>\n\t\t\t\t<div class=\"elementor-element elementor-element-b8ec0df elementor-widget elementor-widget-text-editor\" data-id=\"b8ec0df\" data-element_type=\"widget\" data-e-type=\"widget\" data-widget_type=\"text-editor.default\">\n\t\t\t\t\t\t\t\t\t<p data-start=\"638\" data-end=\"873\">Le terme \u00ab test de QI \u00bb d\u00e9signe un ensemble d\u2019exercices destin\u00e9s \u00e0 explorer<\/p><p data-start=\"638\" data-end=\"873\">\u00a0<\/p><p data-start=\"638\" data-end=\"873\">certaines capacit\u00e9s cognitives, telles que le raisonnement logique, l\u2019abstraction,<\/p><p data-start=\"638\" data-end=\"873\">\u00a0<\/p><p data-start=\"638\" data-end=\"873\">la reconnaissance de structures ou la manipulation mentale d\u2019informations.<\/p><p data-start=\"880\" data-end=\"1077\">\u00a0<\/p><p data-start=\"880\" data-end=\"1077\">\u00a0<\/p><p data-start=\"880\" data-end=\"1077\">Ces tests ne mesurent pas l\u2019intelligence au sens large, mais proposent une approche<\/p><p data-start=\"880\" data-end=\"1077\">\u00a0<\/p><p data-start=\"880\" data-end=\"1077\">structur\u00e9e de certaines formes de raisonnement, souvent ind\u00e9pendantes<\/p><p data-start=\"880\" data-end=\"1077\">\u00a0<\/p><p data-start=\"880\" data-end=\"1077\">des connaissances scolaires ou culturelles.<\/p>\t\t\t\t\t\t\t\t<\/div>\n\t\t\t\t<div class=\"elementor-element elementor-element-53bfb9c elementor-widget elementor-widget-spacer\" data-id=\"53bfb9c\" data-element_type=\"widget\" data-e-type=\"widget\" data-widget_type=\"spacer.default\">\n\t\t\t\t\t\t\t<div class=\"elementor-spacer\">\n\t\t\t<div class=\"elementor-spacer-inner\"><\/div>\n\t\t<\/div>\n\t\t\t\t\t\t<\/div>\n\t\t\t\t<div class=\"elementor-element elementor-element-93de29b elementor-widget elementor-widget-heading\" data-id=\"93de29b\" data-element_type=\"widget\" data-e-type=\"widget\" data-widget_type=\"heading.default\">\n\t\t\t\t\t<h2 class=\"elementor-heading-title elementor-size-default\">Le test de QI IOTA Society : une approche diff\u00e9rente<\/h2>\t\t\t\t<\/div>\n\t\t\t\t<div class=\"elementor-element elementor-element-3f45cbc elementor-widget elementor-widget-spacer\" data-id=\"3f45cbc\" data-element_type=\"widget\" data-e-type=\"widget\" data-widget_type=\"spacer.default\">\n\t\t\t\t\t\t\t<div class=\"elementor-spacer\">\n\t\t\t<div class=\"elementor-spacer-inner\"><\/div>\n\t\t<\/div>\n\t\t\t\t\t\t<\/div>\n\t\t\t\t<div class=\"elementor-element elementor-element-1158858 elementor-widget elementor-widget-text-editor\" data-id=\"1158858\" data-element_type=\"widget\" data-e-type=\"widget\" data-widget_type=\"text-editor.default\">\n\t\t\t\t\t\t\t\t\t<p data-start=\"1265\" data-end=\"1473\">Le test propos\u00e9 par IOTA Society s\u2019inscrit dans une d\u00e9marche<\/p><p data-start=\"1265\" data-end=\"1473\">\u00a0<\/p><p data-start=\"1265\" data-end=\"1473\">exploratoire et rationnelle.<\/p><p data-start=\"1265\" data-end=\"1473\">\u00a0<\/p><p data-start=\"1265\" data-end=\"1473\">\u00a0<\/p><p data-start=\"1265\" data-end=\"1473\">Il ne vise ni le diagnostic, ni la standardisation clinique,<\/p><p data-start=\"1265\" data-end=\"1473\">\u00a0<\/p><p data-start=\"1265\" data-end=\"1473\">mais la compr\u00e9hension des m\u00e9canismes du raisonnement.<\/p><p data-start=\"1478\" data-end=\"1694\">\u00a0<\/p><p data-start=\"1478\" data-end=\"1694\">\u00a0<\/p><p data-start=\"1478\" data-end=\"1694\">Les exercices sont con\u00e7us pour mobiliser diff\u00e9rentes formes de logique :<\/p><p data-start=\"1478\" data-end=\"1694\">\u00a0<\/p><p data-start=\"1478\" data-end=\"1694\">visuelle, symbolique, num\u00e9rique et conceptuelle.<\/p><p data-start=\"1478\" data-end=\"1694\">\u00a0<\/p><p data-start=\"1478\" data-end=\"1694\">\u00a0<\/p><p data-start=\"1478\" data-end=\"1694\">L\u2019objectif est d\u2019offrir une exp\u00e9rience de r\u00e9flexion progressive, structur\u00e9e et stimulante.<\/p>\t\t\t\t\t\t\t\t<\/div>\n\t\t\t\t<div class=\"elementor-element elementor-element-5f1f822 elementor-widget elementor-widget-spacer\" data-id=\"5f1f822\" data-element_type=\"widget\" data-e-type=\"widget\" data-widget_type=\"spacer.default\">\n\t\t\t\t\t\t\t<div class=\"elementor-spacer\">\n\t\t\t<div class=\"elementor-spacer-inner\"><\/div>\n\t\t<\/div>\n\t\t\t\t\t\t<\/div>\n\t\t\t\t<div class=\"elementor-element elementor-element-4056f07 elementor-widget elementor-widget-heading\" data-id=\"4056f07\" data-element_type=\"widget\" data-e-type=\"widget\" data-widget_type=\"heading.default\">\n\t\t\t\t\t<h2 class=\"elementor-heading-title elementor-size-default\">Que propose concr\u00e8tement IOTA Society ?<\/h2>\t\t\t\t<\/div>\n\t\t\t\t<div class=\"elementor-element elementor-element-13bb1bb elementor-widget elementor-widget-spacer\" data-id=\"13bb1bb\" data-element_type=\"widget\" data-e-type=\"widget\" data-widget_type=\"spacer.default\">\n\t\t\t\t\t\t\t<div class=\"elementor-spacer\">\n\t\t\t<div class=\"elementor-spacer-inner\"><\/div>\n\t\t<\/div>\n\t\t\t\t\t\t<\/div>\n\t\t\t\t<div class=\"elementor-element elementor-element-99eb58a elementor-widget elementor-widget-heading\" data-id=\"99eb58a\" data-element_type=\"widget\" data-e-type=\"widget\" data-widget_type=\"heading.default\">\n\t\t\t\t\t<h2 class=\"elementor-heading-title elementor-size-default\">Version Gratuite <\/h2>\t\t\t\t<\/div>\n\t\t\t\t<div class=\"elementor-element elementor-element-a874e1f elementor-widget elementor-widget-spacer\" data-id=\"a874e1f\" data-element_type=\"widget\" data-e-type=\"widget\" data-widget_type=\"spacer.default\">\n\t\t\t\t\t\t\t<div class=\"elementor-spacer\">\n\t\t\t<div class=\"elementor-spacer-inner\"><\/div>\n\t\t<\/div>\n\t\t\t\t\t\t<\/div>\n\t\t\t\t<div class=\"elementor-element elementor-element-acdf3b1 elementor-widget elementor-widget-text-editor\" data-id=\"acdf3b1\" data-element_type=\"widget\" data-e-type=\"widget\" data-widget_type=\"text-editor.default\">\n\t\t\t\t\t\t\t\t\t<p>Test Free ( gratuit) 24 questions pour d\u00e9couvrir l&rsquo;approche et les types<\/p><p>\u00a0<\/p><p>de raisonnements propos\u00e9s.<\/p>\t\t\t\t\t\t\t\t<\/div>\n\t\t\t\t<div class=\"elementor-element elementor-element-e78bd41 elementor-widget elementor-widget-button\" data-id=\"e78bd41\" data-element_type=\"widget\" data-e-type=\"widget\" data-widget_type=\"button.default\">\n\t\t\t\t\t\t\t\t\t\t<a class=\"elementor-button elementor-button-link elementor-size-sm\" href=\"https:\/\/iota-society.com\/index.php\/acces-au-test-de-qi-free-consentement\/\">\n\t\t\t\t\t\t<span class=\"elementor-button-content-wrapper\">\n\t\t\t\t\t\t\t\t\t<span class=\"elementor-button-text\">Commencez le test<\/span>\n\t\t\t\t\t<\/span>\n\t\t\t\t\t<\/a>\n\t\t\t\t\t\t\t\t<\/div>\n\t\t\t\t<div class=\"elementor-element elementor-element-65d03bc elementor-widget elementor-widget-spacer\" data-id=\"65d03bc\" data-element_type=\"widget\" data-e-type=\"widget\" data-widget_type=\"spacer.default\">\n\t\t\t\t\t\t\t<div class=\"elementor-spacer\">\n\t\t\t<div class=\"elementor-spacer-inner\"><\/div>\n\t\t<\/div>\n\t\t\t\t\t\t<\/div>\n\t\t\t\t<div class=\"elementor-element elementor-element-bd3212f elementor-widget elementor-widget-heading\" data-id=\"bd3212f\" data-element_type=\"widget\" data-e-type=\"widget\" data-widget_type=\"heading.default\">\n\t\t\t\t\t<h2 class=\"elementor-heading-title elementor-size-default\">Version Normale<\/h2>\t\t\t\t<\/div>\n\t\t\t\t<div class=\"elementor-element elementor-element-9ccc839 elementor-widget elementor-widget-text-editor\" data-id=\"9ccc839\" data-element_type=\"widget\" data-e-type=\"widget\" data-widget_type=\"text-editor.default\">\n\t\t\t\t\t\t\t\t\t<p><br \/>Test Normal ( 3 euros &#8211; 7 jours d&rsquo;acces ) 100 questions qui seront ventil\u00e9s<\/p><p>\u00a0<\/p><p>en 3 spatial, verbal et logicomath\u00e9matique.<\/p>\t\t\t\t\t\t\t\t<\/div>\n\t\t\t\t<div class=\"elementor-element elementor-element-04f3de3 elementor-widget elementor-widget-button\" data-id=\"04f3de3\" data-element_type=\"widget\" data-e-type=\"widget\" data-widget_type=\"button.default\">\n\t\t\t\t\t\t\t\t\t\t<a class=\"elementor-button elementor-button-link elementor-size-sm\" href=\"https:\/\/iota-society.com\/index.php\/acces-au-test-de-qi-consentement\/\">\n\t\t\t\t\t\t<span class=\"elementor-button-content-wrapper\">\n\t\t\t\t\t\t\t\t\t<span class=\"elementor-button-text\">Commencer le test<\/span>\n\t\t\t\t\t<\/span>\n\t\t\t\t\t<\/a>\n\t\t\t\t\t\t\t\t<\/div>\n\t\t\t\t<div class=\"elementor-element elementor-element-7c6162a elementor-widget elementor-widget-spacer\" data-id=\"7c6162a\" data-element_type=\"widget\" data-e-type=\"widget\" data-widget_type=\"spacer.default\">\n\t\t\t\t\t\t\t<div class=\"elementor-spacer\">\n\t\t\t<div class=\"elementor-spacer-inner\"><\/div>\n\t\t<\/div>\n\t\t\t\t\t\t<\/div>\n\t\t\t\t<div class=\"elementor-element elementor-element-60afd2d elementor-widget elementor-widget-heading\" data-id=\"60afd2d\" data-element_type=\"widget\" data-e-type=\"widget\" data-widget_type=\"heading.default\">\n\t\t\t\t\t<h2 class=\"elementor-heading-title elementor-size-default\">Version Hard mode<\/h2>\t\t\t\t<\/div>\n\t\t\t\t<div class=\"elementor-element elementor-element-23ccd0a elementor-widget elementor-widget-text-editor\" data-id=\"23ccd0a\" data-element_type=\"widget\" data-e-type=\"widget\" data-widget_type=\"text-editor.default\">\n\t\t\t\t\t\t\t\t\t<p>Test Hard Mode ( 5 euros &#8211; 15 jours d&rsquo;acces ) 200 questions, une version avanc\u00e9e,<\/p><p>\u00a0<\/p><p>destin\u00e9e aux profils tr\u00e8s \u00e0 l\u2019aise avec l\u2019abstraction et la complexit\u00e9.<\/p>\t\t\t\t\t\t\t\t<\/div>\n\t\t\t\t<div class=\"elementor-element elementor-element-12d6a0c elementor-widget elementor-widget-button\" data-id=\"12d6a0c\" data-element_type=\"widget\" data-e-type=\"widget\" data-widget_type=\"button.default\">\n\t\t\t\t\t\t\t\t\t\t<a class=\"elementor-button elementor-button-link elementor-size-sm\" href=\"https:\/\/iota-society.com\/index.php\/acces-au-test-de-qi-consentement\/\">\n\t\t\t\t\t\t<span class=\"elementor-button-content-wrapper\">\n\t\t\t\t\t\t\t\t\t<span class=\"elementor-button-text\">Commencer le test<\/span>\n\t\t\t\t\t<\/span>\n\t\t\t\t\t<\/a>\n\t\t\t\t\t\t\t\t<\/div>\n\t\t\t\t<div class=\"elementor-element elementor-element-bb6882f elementor-widget elementor-widget-spacer\" data-id=\"bb6882f\" data-element_type=\"widget\" data-e-type=\"widget\" data-widget_type=\"spacer.default\">\n\t\t\t\t\t\t\t<div class=\"elementor-spacer\">\n\t\t\t<div class=\"elementor-spacer-inner\"><\/div>\n\t\t<\/div>\n\t\t\t\t\t\t<\/div>\n\t\t\t\t<div class=\"elementor-element elementor-element-c876e24 elementor-widget elementor-widget-heading\" data-id=\"c876e24\" data-element_type=\"widget\" data-e-type=\"widget\" data-widget_type=\"heading.default\">\n\t\t\t\t\t<h2 class=\"elementor-heading-title elementor-size-default\">M\u00e9thodologie et Conditions<\/h2>\t\t\t\t<\/div>\n\t\t\t\t\t<\/div>\n\t\t\t\t<\/div>\n\t\t<div class=\"elementor-element elementor-element-bd74317 e-flex e-con-boxed e-con e-parent\" data-id=\"bd74317\" data-element_type=\"container\" data-e-type=\"container\">\n\t\t\t\t\t<div class=\"e-con-inner\">\n\t\t\t\t<div class=\"elementor-element elementor-element-9a49137 elementor-widget elementor-widget-button\" data-id=\"9a49137\" data-element_type=\"widget\" data-e-type=\"widget\" data-widget_type=\"button.default\">\n\t\t\t\t\t\t\t\t\t\t<a class=\"elementor-button elementor-button-link elementor-size-sm\" href=\"https:\/\/iota-society.com\/index.php\/methodologie-et-conditions\/\">\n\t\t\t\t\t\t<span class=\"elementor-button-content-wrapper\">\n\t\t\t\t\t\t\t\t\t<span class=\"elementor-button-text\">Cliquez ici<\/span>\n\t\t\t\t\t<\/span>\n\t\t\t\t\t<\/a>\n\t\t\t\t\t\t\t\t<\/div>\n\t\t\t\t<div class=\"elementor-element elementor-element-7d0a0b8 elementor-widget elementor-widget-spacer\" data-id=\"7d0a0b8\" data-element_type=\"widget\" data-e-type=\"widget\" data-widget_type=\"spacer.default\">\n\t\t\t\t\t\t\t<div class=\"elementor-spacer\">\n\t\t\t<div class=\"elementor-spacer-inner\"><\/div>\n\t\t<\/div>\n\t\t\t\t\t\t<\/div>\n\t\t\t\t<div class=\"elementor-element elementor-element-7a962f4 elementor-widget elementor-widget-heading\" data-id=\"7a962f4\" data-element_type=\"widget\" data-e-type=\"widget\" data-widget_type=\"heading.default\">\n\t\t\t\t\t<h2 class=\"elementor-heading-title elementor-size-default\">Quels types de raisonnements sont explor\u00e9s ?<\/h2>\t\t\t\t<\/div>\n\t\t\t\t<div class=\"elementor-element elementor-element-9d12a59 elementor-widget elementor-widget-spacer\" data-id=\"9d12a59\" data-element_type=\"widget\" data-e-type=\"widget\" data-widget_type=\"spacer.default\">\n\t\t\t\t\t\t\t<div class=\"elementor-spacer\">\n\t\t\t<div class=\"elementor-spacer-inner\"><\/div>\n\t\t<\/div>\n\t\t\t\t\t\t<\/div>\n\t\t\t\t<div class=\"elementor-element elementor-element-e76a939 elementor-widget elementor-widget-text-editor\" data-id=\"e76a939\" data-element_type=\"widget\" data-e-type=\"widget\" data-widget_type=\"text-editor.default\">\n\t\t\t\t\t\t\t\t\t<p>Raisonnement logique et abstrait<\/p><p>\u00a0<\/p><p>\u00a0<\/p><p>D\u00e9tection de r\u00e9gularit\u00e9s ( nombres, lettres, symboles )<\/p><p>\u00a0<\/p><p>\u00a0<\/p><p>Analyse de structures visuelles<\/p>\t\t\t\t\t\t\t\t<\/div>\n\t\t\t\t<div class=\"elementor-element elementor-element-b251d97 elementor-widget elementor-widget-spacer\" data-id=\"b251d97\" data-element_type=\"widget\" data-e-type=\"widget\" data-widget_type=\"spacer.default\">\n\t\t\t\t\t\t\t<div class=\"elementor-spacer\">\n\t\t\t<div class=\"elementor-spacer-inner\"><\/div>\n\t\t<\/div>\n\t\t\t\t\t\t<\/div>\n\t\t\t\t<div class=\"elementor-element elementor-element-1c3463e elementor-widget elementor-widget-heading\" data-id=\"1c3463e\" data-element_type=\"widget\" data-e-type=\"widget\" data-widget_type=\"heading.default\">\n\t\t\t\t\t<h2 class=\"elementor-heading-title elementor-size-default\">\u00c0 qui s\u2019adresse ce test de QI ?<\/h2>\t\t\t\t<\/div>\n\t\t\t\t<div class=\"elementor-element elementor-element-0af6981 elementor-widget elementor-widget-spacer\" data-id=\"0af6981\" data-element_type=\"widget\" data-e-type=\"widget\" data-widget_type=\"spacer.default\">\n\t\t\t\t\t\t\t<div class=\"elementor-spacer\">\n\t\t\t<div class=\"elementor-spacer-inner\"><\/div>\n\t\t<\/div>\n\t\t\t\t\t\t<\/div>\n\t\t\t\t<div class=\"elementor-element elementor-element-c79d232 elementor-widget elementor-widget-text-editor\" data-id=\"c79d232\" data-element_type=\"widget\" data-e-type=\"widget\" data-widget_type=\"text-editor.default\">\n\t\t\t\t\t\t\t\t\t<p data-start=\"2726\" data-end=\"2878\">Ce test s\u2019adresse \u00e0 toute personne curieuse de comprendre son mode<\/p><p data-start=\"2726\" data-end=\"2878\">\u00a0<\/p><p data-start=\"2726\" data-end=\"2878\">de raisonnement, qu\u2019il s\u2019agisse d\u2019\u00e9tudiants, d\u2019adultes ou de passionn\u00e9s de logique.<\/p><p data-start=\"2885\" data-end=\"3047\">\u00a0<\/p><p data-start=\"2885\" data-end=\"3047\">\u00a0<\/p><p data-start=\"2885\" data-end=\"3047\">Il convient \u00e9galement \u00e0 ceux qui souhaitent se confronter<\/p><p data-start=\"2885\" data-end=\"3047\">\u00a0<\/p><p data-start=\"2885\" data-end=\"3047\">\u00e0 des exercices intellectuellement stimulants, sans pression de performance<\/p><p data-start=\"2885\" data-end=\"3047\">\u00a0<\/p><p data-start=\"2885\" data-end=\"3047\">ni interpr\u00e9tation normative.<\/p>\t\t\t\t\t\t\t\t<\/div>\n\t\t\t\t<div class=\"elementor-element elementor-element-03f79cc elementor-widget elementor-widget-spacer\" data-id=\"03f79cc\" data-element_type=\"widget\" data-e-type=\"widget\" data-widget_type=\"spacer.default\">\n\t\t\t\t\t\t\t<div class=\"elementor-spacer\">\n\t\t\t<div class=\"elementor-spacer-inner\"><\/div>\n\t\t<\/div>\n\t\t\t\t\t\t<\/div>\n\t\t\t\t<div class=\"elementor-element elementor-element-8e23707 elementor-widget elementor-widget-heading\" data-id=\"8e23707\" data-element_type=\"widget\" data-e-type=\"widget\" data-widget_type=\"heading.default\">\n\t\t\t\t\t<h2 class=\"elementor-heading-title elementor-size-default\">Ce que ce test n\u2019est pas<\/h2>\t\t\t\t<\/div>\n\t\t\t\t<div class=\"elementor-element elementor-element-7fe775a elementor-widget elementor-widget-spacer\" data-id=\"7fe775a\" data-element_type=\"widget\" data-e-type=\"widget\" data-widget_type=\"spacer.default\">\n\t\t\t\t\t\t\t<div class=\"elementor-spacer\">\n\t\t\t<div class=\"elementor-spacer-inner\"><\/div>\n\t\t<\/div>\n\t\t\t\t\t\t<\/div>\n\t\t\t\t<div class=\"elementor-element elementor-element-9e30e7c elementor-widget elementor-widget-text-editor\" data-id=\"9e30e7c\" data-element_type=\"widget\" data-e-type=\"widget\" data-widget_type=\"text-editor.default\">\n\t\t\t\t\t\t\t\t\t<p data-start=\"3191\" data-end=\"3352\">Ce test ne constitue pas une \u00e9valuation psychom\u00e9trique clinique.<\/p><p data-start=\"3191\" data-end=\"3352\">\u00a0<\/p><p data-start=\"3191\" data-end=\"3352\">\u00a0<\/p><p data-start=\"3191\" data-end=\"3352\">Il ne se substitue pas \u00e0 un bilan r\u00e9alis\u00e9 par un psychologue \u00e0 l\u2019aide<\/p><p data-start=\"3191\" data-end=\"3352\">\u00a0<\/p><p data-start=\"3191\" data-end=\"3352\">d\u2019outils standardis\u00e9s.<\/p><p data-start=\"3357\" data-end=\"3563\">\u00a0<\/p><p data-start=\"3357\" data-end=\"3563\">\u00a0<\/p><p data-start=\"3357\" data-end=\"3563\">Si vous souhaitez une \u00e9valuation reconnue et approfondie,<\/p><p data-start=\"3357\" data-end=\"3563\">\u00a0<\/p><p data-start=\"3357\" data-end=\"3563\">il est recommand\u00e9 de consulter un psychologue clinicien,<\/p><p data-start=\"3357\" data-end=\"3563\">\u00a0<\/p><p data-start=\"3357\" data-end=\"3563\">qui pourra proposer un bilan tel que le WAIS (adultes)<\/p><p data-start=\"3357\" data-end=\"3563\">\u00a0<\/p><p data-start=\"3357\" data-end=\"3563\">ou le WISC (enfants et adolescents).<\/p><p data-start=\"3357\" data-end=\"3563\">\u00a0<\/p><p data-start=\"3357\" data-end=\"3563\">\u00a0<\/p><p data-start=\"3357\" data-end=\"3563\"><em data-start=\"688\" data-end=\"797\">Ce test constitue une passerelle exploratoire <\/em><em data-start=\"688\" data-end=\"797\">vers la compr\u00e9hension <\/em><\/p><p data-start=\"3357\" data-end=\"3563\">\u00a0<\/p><p data-start=\"3357\" data-end=\"3563\"><em data-start=\"688\" data-end=\"797\">de certains m\u00e9canismes du raisonnement.<\/em><\/p><p data-start=\"3357\" data-end=\"3563\">\u00a0<\/p><p data-start=\"3357\" data-end=\"3563\">\u00a0<\/p><p data-start=\"3357\" data-end=\"3563\"><em data-start=\"802\" data-end=\"1022\">Si l\u2019exp\u00e9rience vous int\u00e9resse ou vous questionne, <\/em><\/p><p data-start=\"3357\" data-end=\"3563\">\u00a0<\/p><p data-start=\"3357\" data-end=\"3563\"><em data-start=\"802\" data-end=\"1022\">elle peut naturellement vous conduire \u00e0 consulter un <\/em><\/p><p data-start=\"3357\" data-end=\"3563\">\u00a0<\/p><p data-start=\"3357\" data-end=\"3563\"><em data-start=\"802\" data-end=\"1022\">psychologue clinicien, <\/em><em data-start=\"802\" data-end=\"1022\">habilit\u00e9 \u00e0 r\u00e9aliser une \u00e9valuation psychom\u00e9trique <\/em><\/p><p data-start=\"3357\" data-end=\"3563\">\u00a0<\/p><p data-start=\"3357\" data-end=\"3563\"><em data-start=\"802\" data-end=\"1022\">standardis\u00e9e dans un cadre professionnel.<\/em><\/p><p>.<\/p><p>\u00a0<\/p>\t\t\t\t\t\t\t\t<\/div>\n\t\t\t\t<div class=\"elementor-element elementor-element-ba554e6 elementor-widget elementor-widget-image\" data-id=\"ba554e6\" data-element_type=\"widget\" data-e-type=\"widget\" data-widget_type=\"image.default\">\n\t\t\t\t\t\t\t\t\t\t\t\t\t\t\t<img fetchpriority=\"high\" decoding=\"async\" width=\"683\" height=\"1024\" src=\"https:\/\/iota-society.com\/wp-content\/uploads\/2025\/12\/Ping-pong-Newton-Einstein-683x1024.png\" class=\"attachment-large size-large wp-image-65\" alt=\"\" srcset=\"https:\/\/iota-society.com\/wp-content\/uploads\/2025\/12\/Ping-pong-Newton-Einstein-683x1024.png 683w, https:\/\/iota-society.com\/wp-content\/uploads\/2025\/12\/Ping-pong-Newton-Einstein-200x300.png 200w, https:\/\/iota-society.com\/wp-content\/uploads\/2025\/12\/Ping-pong-Newton-Einstein-768x1152.png 768w, https:\/\/iota-society.com\/wp-content\/uploads\/2025\/12\/Ping-pong-Newton-Einstein.png 1024w\" sizes=\"(max-width: 683px) 100vw, 683px\" \/>\t\t\t\t\t\t\t\t\t\t\t\t\t\t\t<\/div>\n\t\t\t\t\t<\/div>\n\t\t\t\t<\/div>\n\t\t\t\t<\/div>\n\t\t","protected":false},"excerpt":{"rendered":"<p>Test de QI Une exploration du raisonnement et de la logique Le terme \u00ab test de QI \u00bb d\u00e9signe un [&hellip;]<\/p>\n","protected":false},"author":1,"featured_media":0,"parent":0,"menu_order":0,"comment_status":"closed","ping_status":"closed","template":"elementor_header_footer","meta":{"site-sidebar-layout":"default","site-content-layout":"","ast-site-content-layout":"default","site-content-style":"default","site-sidebar-style":"default","ast-global-header-display":"","ast-banner-title-visibility":"","ast-main-header-display":"","ast-hfb-above-header-display":"","ast-hfb-below-header-display":"","ast-hfb-mobile-header-display":"","site-post-title":"","ast-breadcrumbs-content":"","ast-featured-img":"","footer-sml-layout":"","ast-disable-related-posts":"","theme-transparent-header-meta":"","adv-header-id-meta":"","stick-header-meta":"","header-above-stick-meta":"","header-main-stick-meta":"","header-below-stick-meta":"","astra-migrate-meta-layouts":"default","ast-page-background-enabled":"default","ast-page-background-meta":{"desktop":{"background-color":"var(--ast-global-color-5)","background-image":"","background-repeat":"repeat","background-position":"center center","background-size":"auto","background-attachment":"scroll","background-type":"","background-media":"","overlay-type":"","overlay-color":"","overlay-opacity":"","overlay-gradient":""},"tablet":{"background-color":"","background-image":"","background-repeat":"repeat","background-position":"center center","background-size":"auto","background-attachment":"scroll","background-type":"","background-media":"","overlay-type":"","overlay-color":"","overlay-opacity":"","overlay-gradient":""},"mobile":{"background-color":"","background-image":"","background-repeat":"repeat","background-position":"center center","background-size":"auto","background-attachment":"scroll","background-type":"","background-media":"","overlay-type":"","overlay-color":"","overlay-opacity":"","overlay-gradient":""}},"ast-content-background-meta":{"desktop":{"background-color":"var(--ast-global-color-4)","background-image":"","background-repeat":"repeat","background-position":"center center","background-size":"auto","background-attachment":"scroll","background-type":"","background-media":"","overlay-type":"","overlay-color":"","overlay-opacity":"","overlay-gradient":""},"tablet":{"background-color":"var(--ast-global-color-4)","background-image":"","background-repeat":"repeat","background-position":"center center","background-size":"auto","background-attachment":"scroll","background-type":"","background-media":"","overlay-type":"","overlay-color":"","overlay-opacity":"","overlay-gradient":""},"mobile":{"background-color":"var(--ast-global-color-4)","background-image":"","background-repeat":"repeat","background-position":"center center","background-size":"auto","background-attachment":"scroll","background-type":"","background-media":"","overlay-type":"","overlay-color":"","overlay-opacity":"","overlay-gradient":""}},"footnotes":""},"class_list":["post-37","page","type-page","status-publish","hentry"],"_links":{"self":[{"href":"https:\/\/iota-society.com\/index.php\/wp-json\/wp\/v2\/pages\/37","targetHints":{"allow":["GET"]}}],"collection":[{"href":"https:\/\/iota-society.com\/index.php\/wp-json\/wp\/v2\/pages"}],"about":[{"href":"https:\/\/iota-society.com\/index.php\/wp-json\/wp\/v2\/types\/page"}],"author":[{"embeddable":true,"href":"https:\/\/iota-society.com\/index.php\/wp-json\/wp\/v2\/users\/1"}],"replies":[{"embeddable":true,"href":"https:\/\/iota-society.com\/index.php\/wp-json\/wp\/v2\/comments?post=37"}],"version-history":[{"count":73,"href":"https:\/\/iota-society.com\/index.php\/wp-json\/wp\/v2\/pages\/37\/revisions"}],"predecessor-version":[{"id":3934,"href":"https:\/\/iota-society.com\/index.php\/wp-json\/wp\/v2\/pages\/37\/revisions\/3934"}],"wp:attachment":[{"href":"https:\/\/iota-society.com\/index.php\/wp-json\/wp\/v2\/media?parent=37"}],"curies":[{"name":"wp","href":"https:\/\/api.w.org\/{rel}","templated":true}]}}