{"id":3,"date":"2025-12-19T15:05:34","date_gmt":"2025-12-19T15:05:34","guid":{"rendered":"http:\/\/iota-society.com\/?page_id=3"},"modified":"2025-12-25T08:03:15","modified_gmt":"2025-12-25T08:03:15","slug":"privacy-policy","status":"publish","type":"page","link":"https:\/\/iota-society.com\/index.php\/privacy-policy\/","title":{"rendered":"Privacy Policy"},"content":{"rendered":"\t\t<div data-elementor-type=\"wp-page\" data-elementor-id=\"3\" class=\"elementor elementor-3\">\n\t\t\t\t<div class=\"elementor-element elementor-element-22e2c659 e-flex e-con-boxed e-con e-parent\" data-id=\"22e2c659\" data-element_type=\"container\" data-e-type=\"container\">\n\t\t\t\t\t<div class=\"e-con-inner\">\n\t\t\t\t<div class=\"elementor-element elementor-element-14262a8d elementor-widget elementor-widget-text-editor\" data-id=\"14262a8d\" data-element_type=\"widget\" data-e-type=\"widget\" data-widget_type=\"text-editor.default\">\n\t\t\t\t\t\t\t\t\t<h1>Politique de confidentialit\u00e9<\/h1>\t\t\t\t\t\t\t\t<\/div>\n\t\t\t\t<div class=\"elementor-element elementor-element-1612d61 elementor-widget elementor-widget-heading\" data-id=\"1612d61\" data-element_type=\"widget\" data-e-type=\"widget\" data-widget_type=\"heading.default\">\n\t\t\t\t\t<h2 class=\"elementor-heading-title elementor-size-default\">IOTA Society attache une importance particuli\u00e8re au respect de la vie priv\u00e9e de ses utilisateurs.<\/h2>\t\t\t\t<\/div>\n\t\t\t\t<div class=\"elementor-element elementor-element-1c82db3 elementor-widget elementor-widget-text-editor\" data-id=\"1c82db3\" data-element_type=\"widget\" data-e-type=\"widget\" data-widget_type=\"text-editor.default\">\n\t\t\t\t\t\t\t\t\t<p data-start=\"1182\" data-end=\"1204\">\u00a0<\/p><p data-start=\"1182\" data-end=\"1204\">Donn\u00e9es collect\u00e9es<\/p><p data-start=\"1205\" data-end=\"1354\">Les donn\u00e9es personnelles susceptibles d\u2019\u00eatre collect\u00e9es sont limit\u00e9es aux informations strictement<\/p><p data-start=\"1205\" data-end=\"1354\">n\u00e9cessaires au fonctionnement du site, notamment :<\/p><ul data-start=\"1355\" data-end=\"1463\"><li data-start=\"1355\" data-end=\"1403\"><p data-start=\"1357\" data-end=\"1403\">adresse e-mail (via le formulaire de contact),<\/p><\/li><li data-start=\"1404\" data-end=\"1463\"><p data-start=\"1406\" data-end=\"1463\">donn\u00e9es techniques anonymes (statistiques de navigation).<\/p><\/li><\/ul><p data-start=\"1465\" data-end=\"1533\">Aucune donn\u00e9e personnelle n\u2019est collect\u00e9e \u00e0 l\u2019insu de l\u2019utilisateur.<\/p><hr data-start=\"1535\" data-end=\"1538\" \/><h3 data-start=\"1540\" data-end=\"1567\">Utilisation des donn\u00e9es<\/h3><p data-start=\"1568\" data-end=\"1626\">Les donn\u00e9es collect\u00e9es sont utilis\u00e9es exclusivement pour :<\/p><ul data-start=\"1627\" data-end=\"1744\"><li data-start=\"1627\" data-end=\"1688\"><p data-start=\"1629\" data-end=\"1688\">r\u00e9pondre aux messages envoy\u00e9s via le formulaire de contact,<\/p><\/li><li data-start=\"1689\" data-end=\"1744\"><p data-start=\"1691\" data-end=\"1744\">assurer le bon fonctionnement et la s\u00e9curit\u00e9 du site.<\/p><\/li><\/ul><p data-start=\"1746\" data-end=\"1808\">Elles ne font l\u2019objet d\u2019aucune cession ou revente \u00e0 des tiers.<\/p><hr data-start=\"1810\" data-end=\"1813\" \/><h3 data-start=\"1815\" data-end=\"1836\">Tests et contenus<\/h3><p data-start=\"1837\" data-end=\"2036\">\u00a0<\/p><p data-start=\"1837\" data-end=\"2036\">Les tests propos\u00e9s sur le site n\u2019ont <strong data-start=\"1874\" data-end=\"1933\">aucune valeur diagnostique ou psychom\u00e9trique officielle<\/strong>.<\/p><p data-start=\"1837\" data-end=\"2036\">Aucune exploitation automatis\u00e9e ou profilage des utilisateurs n\u2019est r\u00e9alis\u00e9 \u00e0 partir des r\u00e9sultats.<\/p><hr data-start=\"2038\" data-end=\"2041\" \/><h3 data-start=\"2043\" data-end=\"2054\">Cookies<\/h3><p data-start=\"2055\" data-end=\"2261\">Le site peut utiliser des cookies strictement n\u00e9cessaires \u00e0 son fonctionnement ou \u00e0 des mesures<\/p><p data-start=\"2055\" data-end=\"2261\">statistiques anonymes.<\/p><p data-start=\"2055\" data-end=\"2261\">\u00a0<\/p><p data-start=\"2055\" data-end=\"2261\">L\u2019utilisateur peut configurer son navigateur pour refuser tout ou partie des cookies.<\/p><hr data-start=\"2263\" data-end=\"2266\" \/><h3 data-start=\"2268\" data-end=\"2295\">Droits des utilisateurs<\/h3><p data-start=\"2296\" data-end=\"2462\">Conform\u00e9ment \u00e0 la r\u00e9glementation en vigueur, chaque utilisateur dispose d\u2019un droit d\u2019acc\u00e8s, de<\/p><p data-start=\"2296\" data-end=\"2462\">rectification et de suppression des donn\u00e9es personnelles le concernant.<\/p><p data-start=\"2464\" data-end=\"2521\">Toute demande peut \u00eatre adress\u00e9e via la page <strong data-start=\"2509\" data-end=\"2520\">Contact<\/strong>.<\/p>\t\t\t\t\t\t\t\t<\/div>\n\t\t\t\t<div class=\"elementor-element elementor-element-ec7d3ee elementor-widget elementor-widget-image\" data-id=\"ec7d3ee\" data-element_type=\"widget\" data-e-type=\"widget\" data-widget_type=\"image.default\">\n\t\t\t\t\t\t\t\t\t\t\t\t\t\t\t<img fetchpriority=\"high\" decoding=\"async\" width=\"1024\" height=\"1024\" src=\"https:\/\/iota-society.com\/wp-content\/uploads\/2025\/12\/Cathedrale-Claude-monet.png\" class=\"attachment-large size-large wp-image-68\" alt=\"\" srcset=\"https:\/\/iota-society.com\/wp-content\/uploads\/2025\/12\/Cathedrale-Claude-monet.png 1024w, https:\/\/iota-society.com\/wp-content\/uploads\/2025\/12\/Cathedrale-Claude-monet-300x300.png 300w, https:\/\/iota-society.com\/wp-content\/uploads\/2025\/12\/Cathedrale-Claude-monet-150x150.png 150w, https:\/\/iota-society.com\/wp-content\/uploads\/2025\/12\/Cathedrale-Claude-monet-768x768.png 768w\" sizes=\"(max-width: 1024px) 100vw, 1024px\" \/>\t\t\t\t\t\t\t\t\t\t\t\t\t\t\t<\/div>\n\t\t\t\t<div class=\"elementor-element elementor-element-3493acf elementor-widget elementor-widget-heading\" data-id=\"3493acf\" data-element_type=\"widget\" data-e-type=\"widget\" data-widget_type=\"heading.default\">\n\t\t\t\t\t<h2 class=\"elementor-heading-title elementor-size-default\">Une cath\u00e9drale de style gothique flamboyant peinte par Monet<\/h2>\t\t\t\t<\/div>\n\t\t\t\t\t<\/div>\n\t\t\t\t<\/div>\n\t\t\t\t<\/div>\n\t\t","protected":false},"excerpt":{"rendered":"<p>Politique de confidentialit\u00e9 IOTA Society attache une importance particuli\u00e8re au respect de la vie priv\u00e9e de ses utilisateurs. \u00a0 Donn\u00e9es [&hellip;]<\/p>\n","protected":false},"author":1,"featured_media":0,"parent":0,"menu_order":0,"comment_status":"closed","ping_status":"open","template":"","meta":{"site-sidebar-layout":"default","site-content-layout":"","ast-site-content-layout":"default","site-content-style":"default","site-sidebar-style":"default","ast-global-header-display":"","ast-banner-title-visibility":"","ast-main-header-display":"","ast-hfb-above-header-display":"","ast-hfb-below-header-display":"","ast-hfb-mobile-header-display":"","site-post-title":"","ast-breadcrumbs-content":"","ast-featured-img":"","footer-sml-layout":"","ast-disable-related-posts":"","theme-transparent-header-meta":"","adv-header-id-meta":"","stick-header-meta":"","header-above-stick-meta":"","header-main-stick-meta":"","header-below-stick-meta":"","astra-migrate-meta-layouts":"default","ast-page-background-enabled":"default","ast-page-background-meta":{"desktop":{"background-color":"var(--ast-global-color-5)","background-image":"","background-repeat":"repeat","background-position":"center center","background-size":"auto","background-attachment":"scroll","background-type":"","background-media":"","overlay-type":"","overlay-color":"","overlay-opacity":"","overlay-gradient":""},"tablet":{"background-color":"","background-image":"","background-repeat":"repeat","background-position":"center center","background-size":"auto","background-attachment":"scroll","background-type":"","background-media":"","overlay-type":"","overlay-color":"","overlay-opacity":"","overlay-gradient":""},"mobile":{"background-color":"","background-image":"","background-repeat":"repeat","background-position":"center center","background-size":"auto","background-attachment":"scroll","background-type":"","background-media":"","overlay-type":"","overlay-color":"","overlay-opacity":"","overlay-gradient":""}},"ast-content-background-meta":{"desktop":{"background-color":"var(--ast-global-color-4)","background-image":"","background-repeat":"repeat","background-position":"center center","background-size":"auto","background-attachment":"scroll","background-type":"","background-media":"","overlay-type":"","overlay-color":"","overlay-opacity":"","overlay-gradient":""},"tablet":{"background-color":"var(--ast-global-color-4)","background-image":"","background-repeat":"repeat","background-position":"center center","background-size":"auto","background-attachment":"scroll","background-type":"","background-media":"","overlay-type":"","overlay-color":"","overlay-opacity":"","overlay-gradient":""},"mobile":{"background-color":"var(--ast-global-color-4)","background-image":"","background-repeat":"repeat","background-position":"center center","background-size":"auto","background-attachment":"scroll","background-type":"","background-media":"","overlay-type":"","overlay-color":"","overlay-opacity":"","overlay-gradient":""}},"footnotes":""},"class_list":["post-3","page","type-page","status-publish","hentry"],"_links":{"self":[{"href":"https:\/\/iota-society.com\/index.php\/wp-json\/wp\/v2\/pages\/3","targetHints":{"allow":["GET"]}}],"collection":[{"href":"https:\/\/iota-society.com\/index.php\/wp-json\/wp\/v2\/pages"}],"about":[{"href":"https:\/\/iota-society.com\/index.php\/wp-json\/wp\/v2\/types\/page"}],"author":[{"embeddable":true,"href":"https:\/\/iota-society.com\/index.php\/wp-json\/wp\/v2\/users\/1"}],"replies":[{"embeddable":true,"href":"https:\/\/iota-society.com\/index.php\/wp-json\/wp\/v2\/comments?post=3"}],"version-history":[{"count":9,"href":"https:\/\/iota-society.com\/index.php\/wp-json\/wp\/v2\/pages\/3\/revisions"}],"predecessor-version":[{"id":203,"href":"https:\/\/iota-society.com\/index.php\/wp-json\/wp\/v2\/pages\/3\/revisions\/203"}],"wp:attachment":[{"href":"https:\/\/iota-society.com\/index.php\/wp-json\/wp\/v2\/media?parent=3"}],"curies":[{"name":"wp","href":"https:\/\/api.w.org\/{rel}","templated":true}]}}