{"id":2876,"date":"2026-01-14T18:28:11","date_gmt":"2026-01-14T18:28:11","guid":{"rendered":"https:\/\/iota-society.com\/?page_id=2876"},"modified":"2026-01-14T18:41:02","modified_gmt":"2026-01-14T18:41:02","slug":"profil-iota-le-voyageur","status":"publish","type":"page","link":"https:\/\/iota-society.com\/index.php\/profil-iota-le-voyageur\/","title":{"rendered":"Profil IOTA &#8211; le Voyageur"},"content":{"rendered":"\t\t<div data-elementor-type=\"wp-page\" data-elementor-id=\"2876\" class=\"elementor elementor-2876\">\n\t\t\t\t<div class=\"elementor-element elementor-element-1177686 e-flex e-con-boxed e-con e-parent\" data-id=\"1177686\" data-element_type=\"container\" data-e-type=\"container\">\n\t\t\t\t\t<div class=\"e-con-inner\">\n\t\t\t\t<div class=\"elementor-element elementor-element-24f96d3 elementor-widget elementor-widget-heading\" data-id=\"24f96d3\" data-element_type=\"widget\" data-e-type=\"widget\" data-widget_type=\"heading.default\">\n\t\t\t\t\t<h2 class=\"elementor-heading-title elementor-size-default\">Le Voyageur ou kang le conqu\u00e9rant<\/h2>\t\t\t\t<\/div>\n\t\t\t\t<div class=\"elementor-element elementor-element-8638aa0 elementor-widget elementor-widget-spacer\" data-id=\"8638aa0\" data-element_type=\"widget\" data-e-type=\"widget\" data-widget_type=\"spacer.default\">\n\t\t\t\t\t\t\t<div class=\"elementor-spacer\">\n\t\t\t<div class=\"elementor-spacer-inner\"><\/div>\n\t\t<\/div>\n\t\t\t\t\t\t<\/div>\n\t\t\t\t<div class=\"elementor-element elementor-element-f283576 elementor-widget elementor-widget-text-editor\" data-id=\"f283576\" data-element_type=\"widget\" data-e-type=\"widget\" data-widget_type=\"text-editor.default\">\n\t\t\t\t\t\t\t\t\t<p>Super Vilain du monde marvel comics Books, il commence sa vie comme \u00e9tudiant<\/p><p>\u00a0<\/p><p>\u00a0<\/p><p>lambda en science robotique. Il fabrique un vaisseau spatial lui permettant de voyager<\/p><p>\u00a0<\/p><p>\u00a0<\/p><p>\u00e0 travers l&rsquo;espace temps.<\/p><p>\u00a0<\/p><p>\u00a0<\/p><p>Il rencontre alors la civilisation egyptienne dont il reprend les us et coutumes.<\/p><p>\u00a0<\/p><p>\u00a0<\/p><p>De retour de son voyage temporel le scientifique Nathaniel Richards rencontre<\/p><p>\u00a0<\/p><p>\u00a0<\/p><p>une plan\u00e8te terre diff\u00e9rente de celle qu&rsquo;il a quitt\u00e9.<\/p><p>\u00a0<\/p><p>\u00a0<\/p><p>Il d\u00e9cide alors de devenir Kang le conqu\u00e9rant.<\/p><p>\u00a0<\/p><p>\u00a0<\/p><p>Ses pouvoirs lui permettent rapidement de prendre le contr\u00f4le de toute la galaxie.<\/p><p>\u00a0<\/p><p>\u00a0<\/p><p>Avec le Dr Fatalis il fait partie des deux SuperVilain les plus puissants<\/p><p>\u00a0<\/p><p>des comics Marvel.<\/p><p>\u00a0<\/p><p>\u00a0<\/p><p>On le retrouve derni\u00e8rement dans la s\u00e9rie TV Loki aux prises avec le TVA<\/p><p>\u00a0<\/p><p>\u00a0<\/p><p>ou Tribunal des Variations Anachroniques.<\/p>\t\t\t\t\t\t\t\t<\/div>\n\t\t\t\t<div class=\"elementor-element elementor-element-029241b elementor-widget elementor-widget-spacer\" data-id=\"029241b\" data-element_type=\"widget\" data-e-type=\"widget\" data-widget_type=\"spacer.default\">\n\t\t\t\t\t\t\t<div class=\"elementor-spacer\">\n\t\t\t<div class=\"elementor-spacer-inner\"><\/div>\n\t\t<\/div>\n\t\t\t\t\t\t<\/div>\n\t\t\t\t<div class=\"elementor-element elementor-element-06754e4 elementor-widget elementor-widget-image\" data-id=\"06754e4\" data-element_type=\"widget\" data-e-type=\"widget\" data-widget_type=\"image.default\">\n\t\t\t\t\t\t\t\t\t\t\t\t\t\t\t<img fetchpriority=\"high\" decoding=\"async\" width=\"683\" height=\"1024\" src=\"https:\/\/iota-society.com\/wp-content\/uploads\/2026\/01\/K-N-683x1024.png\" class=\"attachment-large size-large wp-image-2703\" alt=\"\" srcset=\"https:\/\/iota-society.com\/wp-content\/uploads\/2026\/01\/K-N-683x1024.png 683w, https:\/\/iota-society.com\/wp-content\/uploads\/2026\/01\/K-N-200x300.png 200w, https:\/\/iota-society.com\/wp-content\/uploads\/2026\/01\/K-N-768x1152.png 768w, https:\/\/iota-society.com\/wp-content\/uploads\/2026\/01\/K-N.png 1024w\" sizes=\"(max-width: 683px) 100vw, 683px\" \/>\t\t\t\t\t\t\t\t\t\t\t\t\t\t\t<\/div>\n\t\t\t\t\t<\/div>\n\t\t\t\t<\/div>\n\t\t\t\t<\/div>\n\t\t","protected":false},"excerpt":{"rendered":"<p>Le Voyageur ou kang le conqu\u00e9rant Super Vilain du monde marvel comics Books, il commence sa vie comme \u00e9tudiant \u00a0 [&hellip;]<\/p>\n","protected":false},"author":1,"featured_media":0,"parent":0,"menu_order":0,"comment_status":"closed","ping_status":"closed","template":"","meta":{"site-sidebar-layout":"no-sidebar","site-content-layout":"","ast-site-content-layout":"full-width-container","site-content-style":"default","site-sidebar-style":"default","ast-global-header-display":"","ast-banner-title-visibility":"","ast-main-header-display":"","ast-hfb-above-header-display":"","ast-hfb-below-header-display":"","ast-hfb-mobile-header-display":"","site-post-title":"","ast-breadcrumbs-content":"","ast-featured-img":"disabled","footer-sml-layout":"","ast-disable-related-posts":"","theme-transparent-header-meta":"","adv-header-id-meta":"","stick-header-meta":"","header-above-stick-meta":"","header-main-stick-meta":"","header-below-stick-meta":"","astra-migrate-meta-layouts":"default","ast-page-background-enabled":"default","ast-page-background-meta":{"desktop":{"background-color":"var(--ast-global-color-5)","background-image":"","background-repeat":"repeat","background-position":"center center","background-size":"auto","background-attachment":"scroll","background-type":"","background-media":"","overlay-type":"","overlay-color":"","overlay-opacity":"","overlay-gradient":""},"tablet":{"background-color":"","background-image":"","background-repeat":"repeat","background-position":"center center","background-size":"auto","background-attachment":"scroll","background-type":"","background-media":"","overlay-type":"","overlay-color":"","overlay-opacity":"","overlay-gradient":""},"mobile":{"background-color":"","background-image":"","background-repeat":"repeat","background-position":"center center","background-size":"auto","background-attachment":"scroll","background-type":"","background-media":"","overlay-type":"","overlay-color":"","overlay-opacity":"","overlay-gradient":""}},"ast-content-background-meta":{"desktop":{"background-color":"var(--ast-global-color-4)","background-image":"","background-repeat":"repeat","background-position":"center center","background-size":"auto","background-attachment":"scroll","background-type":"","background-media":"","overlay-type":"","overlay-color":"","overlay-opacity":"","overlay-gradient":""},"tablet":{"background-color":"var(--ast-global-color-4)","background-image":"","background-repeat":"repeat","background-position":"center center","background-size":"auto","background-attachment":"scroll","background-type":"","background-media":"","overlay-type":"","overlay-color":"","overlay-opacity":"","overlay-gradient":""},"mobile":{"background-color":"var(--ast-global-color-4)","background-image":"","background-repeat":"repeat","background-position":"center center","background-size":"auto","background-attachment":"scroll","background-type":"","background-media":"","overlay-type":"","overlay-color":"","overlay-opacity":"","overlay-gradient":""}},"footnotes":""},"class_list":["post-2876","page","type-page","status-publish","hentry"],"_links":{"self":[{"href":"https:\/\/iota-society.com\/index.php\/wp-json\/wp\/v2\/pages\/2876","targetHints":{"allow":["GET"]}}],"collection":[{"href":"https:\/\/iota-society.com\/index.php\/wp-json\/wp\/v2\/pages"}],"about":[{"href":"https:\/\/iota-society.com\/index.php\/wp-json\/wp\/v2\/types\/page"}],"author":[{"embeddable":true,"href":"https:\/\/iota-society.com\/index.php\/wp-json\/wp\/v2\/users\/1"}],"replies":[{"embeddable":true,"href":"https:\/\/iota-society.com\/index.php\/wp-json\/wp\/v2\/comments?post=2876"}],"version-history":[{"count":7,"href":"https:\/\/iota-society.com\/index.php\/wp-json\/wp\/v2\/pages\/2876\/revisions"}],"predecessor-version":[{"id":2883,"href":"https:\/\/iota-society.com\/index.php\/wp-json\/wp\/v2\/pages\/2876\/revisions\/2883"}],"wp:attachment":[{"href":"https:\/\/iota-society.com\/index.php\/wp-json\/wp\/v2\/media?parent=2876"}],"curies":[{"name":"wp","href":"https:\/\/api.w.org\/{rel}","templated":true}]}}