{"id":2863,"date":"2026-01-14T17:59:05","date_gmt":"2026-01-14T17:59:05","guid":{"rendered":"https:\/\/iota-society.com\/?page_id=2863"},"modified":"2026-01-17T12:08:22","modified_gmt":"2026-01-17T12:08:22","slug":"profil-iota-hari-seldon","status":"publish","type":"page","link":"https:\/\/iota-society.com\/index.php\/profil-iota-hari-seldon\/","title":{"rendered":"Profil IOTA &#8211; Hari Seldon"},"content":{"rendered":"\t\t<div data-elementor-type=\"wp-page\" data-elementor-id=\"2863\" class=\"elementor elementor-2863\">\n\t\t\t\t<div class=\"elementor-element elementor-element-2e3f289 e-flex e-con-boxed e-con e-parent\" data-id=\"2e3f289\" data-element_type=\"container\" data-e-type=\"container\">\n\t\t\t\t\t<div class=\"e-con-inner\">\n\t\t\t\t<div class=\"elementor-element elementor-element-ee8f36d elementor-widget elementor-widget-heading\" data-id=\"ee8f36d\" data-element_type=\"widget\" data-e-type=\"widget\" data-widget_type=\"heading.default\">\n\t\t\t\t\t<h2 class=\"elementor-heading-title elementor-size-default\">Hari Seldon de Fondation<\/h2>\t\t\t\t<\/div>\n\t\t\t\t<div class=\"elementor-element elementor-element-a08b501 elementor-widget elementor-widget-spacer\" data-id=\"a08b501\" data-element_type=\"widget\" data-e-type=\"widget\" data-widget_type=\"spacer.default\">\n\t\t\t\t\t\t\t<div class=\"elementor-spacer\">\n\t\t\t<div class=\"elementor-spacer-inner\"><\/div>\n\t\t<\/div>\n\t\t\t\t\t\t<\/div>\n\t\t\t\t<div class=\"elementor-element elementor-element-16c2d02 elementor-widget elementor-widget-text-editor\" data-id=\"16c2d02\" data-element_type=\"widget\" data-e-type=\"widget\" data-widget_type=\"text-editor.default\">\n\t\t\t\t\t\t\t\t\t<p><span style=\"font-size: x-large;\">Scientifique embl\u00e9matique de Fondation dont l\u2019intrigue tourne autour <\/span><span style=\"font-size: x-large;\">de lui de bout en bout.<\/span><\/p><p>\u00a0<\/p><p>\u00a0<\/p><p><span style=\"font-size: x-large;\">Isaac Asimov dont l\u2019imagination d\u00e9bordante accouche d\u2019une des plus importantes <\/span><span style=\"font-size: x-large;\">oeuvres parmi <\/span><\/p><p>\u00a0<\/p><p><span style=\"font-size: x-large;\">la litt\u00e9rature de science fiction.<\/span><\/p><p>\u00a0<\/p><p>\u00a0<\/p><p><span style=\"font-size: x-large;\">Sa psychohistoire comme une baguette magique essaye d\u2019effacer <\/span><span style=\"font-size: x-large;\">plusieurs mill\u00e9naires de <\/span><\/p><p>\u00a0<\/p><p><span style=\"font-size: x-large;\">barbarie.<\/span><\/p><p>\u00a0<\/p><p>\u00a0<\/p><p><span style=\"font-size: x-large;\">Ils sont peu nombreux qui par leur invention ont permis <\/span><span style=\"font-size: x-large;\">de changer drastiquement de paradigme, <\/span><\/p><p>\u00a0<\/p><p><span style=\"font-size: x-large;\">Newton, Einstein, <\/span><span style=\"font-size: x-large;\">ne vous m\u00e9prenez pas Hari seldon fait partie de cette trempe.<\/span><\/p><p>\u00a0<\/p><p>\u00a0<\/p><p><span style=\"font-size: x-large;\">L\u2019intelligence chez lui fr\u00f4le le g\u00e9nie et se mat\u00e9rialise dans tous les aspects<\/span><\/p><p>\u00a0<\/p><p><span style=\"font-size: x-large;\">propre au facteur g cher \u00e0 Wechsler.<\/span><\/p><p>\u00a0<\/p>\t\t\t\t\t\t\t\t<\/div>\n\t\t\t\t<div class=\"elementor-element elementor-element-6eb7dde elementor-widget elementor-widget-spacer\" data-id=\"6eb7dde\" data-element_type=\"widget\" data-e-type=\"widget\" data-widget_type=\"spacer.default\">\n\t\t\t\t\t\t\t<div class=\"elementor-spacer\">\n\t\t\t<div class=\"elementor-spacer-inner\"><\/div>\n\t\t<\/div>\n\t\t\t\t\t\t<\/div>\n\t\t\t\t<div class=\"elementor-element elementor-element-e4b294e elementor-widget elementor-widget-image\" data-id=\"e4b294e\" data-element_type=\"widget\" data-e-type=\"widget\" data-widget_type=\"image.default\">\n\t\t\t\t\t\t\t\t\t\t\t\t\t\t\t<img fetchpriority=\"high\" decoding=\"async\" width=\"683\" height=\"1024\" src=\"https:\/\/iota-society.com\/wp-content\/uploads\/2026\/01\/H-S-N-683x1024.png\" class=\"attachment-large size-large wp-image-2701\" alt=\"\" srcset=\"https:\/\/iota-society.com\/wp-content\/uploads\/2026\/01\/H-S-N-683x1024.png 683w, https:\/\/iota-society.com\/wp-content\/uploads\/2026\/01\/H-S-N-200x300.png 200w, https:\/\/iota-society.com\/wp-content\/uploads\/2026\/01\/H-S-N-768x1152.png 768w, https:\/\/iota-society.com\/wp-content\/uploads\/2026\/01\/H-S-N.png 1024w\" sizes=\"(max-width: 683px) 100vw, 683px\" \/>\t\t\t\t\t\t\t\t\t\t\t\t\t\t\t<\/div>\n\t\t\t\t\t<\/div>\n\t\t\t\t<\/div>\n\t\t\t\t<\/div>\n\t\t","protected":false},"excerpt":{"rendered":"<p>Hari Seldon de Fondation Scientifique embl\u00e9matique de Fondation dont l\u2019intrigue tourne autour de lui de bout en bout. \u00a0 \u00a0 [&hellip;]<\/p>\n","protected":false},"author":1,"featured_media":0,"parent":0,"menu_order":0,"comment_status":"closed","ping_status":"closed","template":"","meta":{"site-sidebar-layout":"no-sidebar","site-content-layout":"","ast-site-content-layout":"full-width-container","site-content-style":"default","site-sidebar-style":"default","ast-global-header-display":"","ast-banner-title-visibility":"","ast-main-header-display":"","ast-hfb-above-header-display":"","ast-hfb-below-header-display":"","ast-hfb-mobile-header-display":"","site-post-title":"","ast-breadcrumbs-content":"","ast-featured-img":"disabled","footer-sml-layout":"","ast-disable-related-posts":"","theme-transparent-header-meta":"","adv-header-id-meta":"","stick-header-meta":"","header-above-stick-meta":"","header-main-stick-meta":"","header-below-stick-meta":"","astra-migrate-meta-layouts":"default","ast-page-background-enabled":"default","ast-page-background-meta":{"desktop":{"background-color":"var(--ast-global-color-5)","background-image":"","background-repeat":"repeat","background-position":"center center","background-size":"auto","background-attachment":"scroll","background-type":"","background-media":"","overlay-type":"","overlay-color":"","overlay-opacity":"","overlay-gradient":""},"tablet":{"background-color":"","background-image":"","background-repeat":"repeat","background-position":"center center","background-size":"auto","background-attachment":"scroll","background-type":"","background-media":"","overlay-type":"","overlay-color":"","overlay-opacity":"","overlay-gradient":""},"mobile":{"background-color":"","background-image":"","background-repeat":"repeat","background-position":"center center","background-size":"auto","background-attachment":"scroll","background-type":"","background-media":"","overlay-type":"","overlay-color":"","overlay-opacity":"","overlay-gradient":""}},"ast-content-background-meta":{"desktop":{"background-color":"var(--ast-global-color-4)","background-image":"","background-repeat":"repeat","background-position":"center center","background-size":"auto","background-attachment":"scroll","background-type":"","background-media":"","overlay-type":"","overlay-color":"","overlay-opacity":"","overlay-gradient":""},"tablet":{"background-color":"var(--ast-global-color-4)","background-image":"","background-repeat":"repeat","background-position":"center center","background-size":"auto","background-attachment":"scroll","background-type":"","background-media":"","overlay-type":"","overlay-color":"","overlay-opacity":"","overlay-gradient":""},"mobile":{"background-color":"var(--ast-global-color-4)","background-image":"","background-repeat":"repeat","background-position":"center center","background-size":"auto","background-attachment":"scroll","background-type":"","background-media":"","overlay-type":"","overlay-color":"","overlay-opacity":"","overlay-gradient":""}},"footnotes":""},"class_list":["post-2863","page","type-page","status-publish","hentry"],"_links":{"self":[{"href":"https:\/\/iota-society.com\/index.php\/wp-json\/wp\/v2\/pages\/2863","targetHints":{"allow":["GET"]}}],"collection":[{"href":"https:\/\/iota-society.com\/index.php\/wp-json\/wp\/v2\/pages"}],"about":[{"href":"https:\/\/iota-society.com\/index.php\/wp-json\/wp\/v2\/types\/page"}],"author":[{"embeddable":true,"href":"https:\/\/iota-society.com\/index.php\/wp-json\/wp\/v2\/users\/1"}],"replies":[{"embeddable":true,"href":"https:\/\/iota-society.com\/index.php\/wp-json\/wp\/v2\/comments?post=2863"}],"version-history":[{"count":7,"href":"https:\/\/iota-society.com\/index.php\/wp-json\/wp\/v2\/pages\/2863\/revisions"}],"predecessor-version":[{"id":3253,"href":"https:\/\/iota-society.com\/index.php\/wp-json\/wp\/v2\/pages\/2863\/revisions\/3253"}],"wp:attachment":[{"href":"https:\/\/iota-society.com\/index.php\/wp-json\/wp\/v2\/media?parent=2863"}],"curies":[{"name":"wp","href":"https:\/\/api.w.org\/{rel}","templated":true}]}}