{"id":2858,"date":"2026-01-14T17:49:24","date_gmt":"2026-01-14T17:49:24","guid":{"rendered":"https:\/\/iota-society.com\/?page_id=2858"},"modified":"2026-01-14T17:57:05","modified_gmt":"2026-01-14T17:57:05","slug":"profil-iota-athena","status":"publish","type":"page","link":"https:\/\/iota-society.com\/index.php\/profil-iota-athena\/","title":{"rendered":"Profil IOTA &#8211; Ath\u00e9na"},"content":{"rendered":"\t\t<div data-elementor-type=\"wp-page\" data-elementor-id=\"2858\" class=\"elementor elementor-2858\">\n\t\t\t\t<div class=\"elementor-element elementor-element-e9af3cf e-flex e-con-boxed e-con e-parent\" data-id=\"e9af3cf\" data-element_type=\"container\" data-e-type=\"container\">\n\t\t\t\t\t<div class=\"e-con-inner\">\n\t\t\t\t<div class=\"elementor-element elementor-element-4319b0a elementor-widget elementor-widget-heading\" data-id=\"4319b0a\" data-element_type=\"widget\" data-e-type=\"widget\" data-widget_type=\"heading.default\">\n\t\t\t\t\t<h2 class=\"elementor-heading-title elementor-size-default\">La d\u00e9esse Ath\u00e9na<\/h2>\t\t\t\t<\/div>\n\t\t\t\t<div class=\"elementor-element elementor-element-eeafa64 elementor-widget elementor-widget-spacer\" data-id=\"eeafa64\" data-element_type=\"widget\" data-e-type=\"widget\" data-widget_type=\"spacer.default\">\n\t\t\t\t\t\t\t<div class=\"elementor-spacer\">\n\t\t\t<div class=\"elementor-spacer-inner\"><\/div>\n\t\t<\/div>\n\t\t\t\t\t\t<\/div>\n\t\t\t\t<div class=\"elementor-element elementor-element-d071f05 elementor-widget elementor-widget-text-editor\" data-id=\"d071f05\" data-element_type=\"widget\" data-e-type=\"widget\" data-widget_type=\"text-editor.default\">\n\t\t\t\t\t\t\t\t\t<p>Fille de Zeus, elle repr\u00e9sente la sagesse, l&rsquo;art de la guerre, les sciences et les arts.<\/p><p>\u00a0<\/p><p>\u00a0<\/p><p>Elle gagne contre Pos\u00e9idon son oncle, le defi du nom de la ville de tous les grecs.\u00a0<\/p><p>\u00a0<\/p><p>\u00a0<\/p><p>Le d\u00e9fi consiste \u00e0 donner \u00e0 cette ville la chose la plus utile.<\/p><p>\u00a0<\/p><p>\u00a0<\/p><p>Les juges arbitres sont les douze grands dieux de l&rsquo;Olympe.\u00a0<\/p><p>\u00a0<\/p><p>\u00a0<\/p><p>Le Dieu de la mer utilise son trident pour faire apparaitre un cheval de terre.<\/p><p>\u00a0<\/p><p>\u00a0<\/p><p>Ath\u00e9na elle de son c\u00f4t\u00e9 fait sortir un arbre de terre il s&rsquo;agit d&rsquo;un olivier.<\/p><p>\u00a0<\/p><p>\u00a0<\/p><p>Elle remporte haut la main le duel et la cit\u00e9 se nommera Ath\u00e8nes.<\/p>\t\t\t\t\t\t\t\t<\/div>\n\t\t\t\t<div class=\"elementor-element elementor-element-7aff1c4 elementor-widget elementor-widget-spacer\" data-id=\"7aff1c4\" data-element_type=\"widget\" data-e-type=\"widget\" data-widget_type=\"spacer.default\">\n\t\t\t\t\t\t\t<div class=\"elementor-spacer\">\n\t\t\t<div class=\"elementor-spacer-inner\"><\/div>\n\t\t<\/div>\n\t\t\t\t\t\t<\/div>\n\t\t\t\t<div class=\"elementor-element elementor-element-b14f332 elementor-widget elementor-widget-image\" data-id=\"b14f332\" data-element_type=\"widget\" data-e-type=\"widget\" data-widget_type=\"image.default\">\n\t\t\t\t\t\t\t\t\t\t\t\t\t\t\t<img fetchpriority=\"high\" decoding=\"async\" width=\"683\" height=\"1024\" src=\"https:\/\/iota-society.com\/wp-content\/uploads\/2026\/01\/Ath-N-683x1024.png\" class=\"attachment-large size-large wp-image-2700\" alt=\"\" srcset=\"https:\/\/iota-society.com\/wp-content\/uploads\/2026\/01\/Ath-N-683x1024.png 683w, https:\/\/iota-society.com\/wp-content\/uploads\/2026\/01\/Ath-N-200x300.png 200w, https:\/\/iota-society.com\/wp-content\/uploads\/2026\/01\/Ath-N-768x1152.png 768w, https:\/\/iota-society.com\/wp-content\/uploads\/2026\/01\/Ath-N.png 1024w\" sizes=\"(max-width: 683px) 100vw, 683px\" \/>\t\t\t\t\t\t\t\t\t\t\t\t\t\t\t<\/div>\n\t\t\t\t\t<\/div>\n\t\t\t\t<\/div>\n\t\t\t\t<\/div>\n\t\t","protected":false},"excerpt":{"rendered":"<p>La d\u00e9esse Ath\u00e9na Fille de Zeus, elle repr\u00e9sente la sagesse, l&rsquo;art de la guerre, les sciences et les arts. \u00a0 [&hellip;]<\/p>\n","protected":false},"author":1,"featured_media":0,"parent":0,"menu_order":0,"comment_status":"closed","ping_status":"closed","template":"","meta":{"site-sidebar-layout":"no-sidebar","site-content-layout":"","ast-site-content-layout":"full-width-container","site-content-style":"default","site-sidebar-style":"default","ast-global-header-display":"","ast-banner-title-visibility":"","ast-main-header-display":"","ast-hfb-above-header-display":"","ast-hfb-below-header-display":"","ast-hfb-mobile-header-display":"","site-post-title":"","ast-breadcrumbs-content":"","ast-featured-img":"disabled","footer-sml-layout":"","ast-disable-related-posts":"","theme-transparent-header-meta":"","adv-header-id-meta":"","stick-header-meta":"","header-above-stick-meta":"","header-main-stick-meta":"","header-below-stick-meta":"","astra-migrate-meta-layouts":"default","ast-page-background-enabled":"default","ast-page-background-meta":{"desktop":{"background-color":"var(--ast-global-color-5)","background-image":"","background-repeat":"repeat","background-position":"center center","background-size":"auto","background-attachment":"scroll","background-type":"","background-media":"","overlay-type":"","overlay-color":"","overlay-opacity":"","overlay-gradient":""},"tablet":{"background-color":"","background-image":"","background-repeat":"repeat","background-position":"center center","background-size":"auto","background-attachment":"scroll","background-type":"","background-media":"","overlay-type":"","overlay-color":"","overlay-opacity":"","overlay-gradient":""},"mobile":{"background-color":"","background-image":"","background-repeat":"repeat","background-position":"center center","background-size":"auto","background-attachment":"scroll","background-type":"","background-media":"","overlay-type":"","overlay-color":"","overlay-opacity":"","overlay-gradient":""}},"ast-content-background-meta":{"desktop":{"background-color":"var(--ast-global-color-4)","background-image":"","background-repeat":"repeat","background-position":"center center","background-size":"auto","background-attachment":"scroll","background-type":"","background-media":"","overlay-type":"","overlay-color":"","overlay-opacity":"","overlay-gradient":""},"tablet":{"background-color":"var(--ast-global-color-4)","background-image":"","background-repeat":"repeat","background-position":"center center","background-size":"auto","background-attachment":"scroll","background-type":"","background-media":"","overlay-type":"","overlay-color":"","overlay-opacity":"","overlay-gradient":""},"mobile":{"background-color":"var(--ast-global-color-4)","background-image":"","background-repeat":"repeat","background-position":"center center","background-size":"auto","background-attachment":"scroll","background-type":"","background-media":"","overlay-type":"","overlay-color":"","overlay-opacity":"","overlay-gradient":""}},"footnotes":""},"class_list":["post-2858","page","type-page","status-publish","hentry"],"_links":{"self":[{"href":"https:\/\/iota-society.com\/index.php\/wp-json\/wp\/v2\/pages\/2858","targetHints":{"allow":["GET"]}}],"collection":[{"href":"https:\/\/iota-society.com\/index.php\/wp-json\/wp\/v2\/pages"}],"about":[{"href":"https:\/\/iota-society.com\/index.php\/wp-json\/wp\/v2\/types\/page"}],"author":[{"embeddable":true,"href":"https:\/\/iota-society.com\/index.php\/wp-json\/wp\/v2\/users\/1"}],"replies":[{"embeddable":true,"href":"https:\/\/iota-society.com\/index.php\/wp-json\/wp\/v2\/comments?post=2858"}],"version-history":[{"count":4,"href":"https:\/\/iota-society.com\/index.php\/wp-json\/wp\/v2\/pages\/2858\/revisions"}],"predecessor-version":[{"id":2862,"href":"https:\/\/iota-society.com\/index.php\/wp-json\/wp\/v2\/pages\/2858\/revisions\/2862"}],"wp:attachment":[{"href":"https:\/\/iota-society.com\/index.php\/wp-json\/wp\/v2\/media?parent=2858"}],"curies":[{"name":"wp","href":"https:\/\/api.w.org\/{rel}","templated":true}]}}