{"id":2817,"date":"2026-01-13T16:58:05","date_gmt":"2026-01-13T16:58:05","guid":{"rendered":"https:\/\/iota-society.com\/?page_id=2817"},"modified":"2026-01-13T17:08:39","modified_gmt":"2026-01-13T17:08:39","slug":"profil-iota-nefertiti","status":"publish","type":"page","link":"https:\/\/iota-society.com\/index.php\/profil-iota-nefertiti\/","title":{"rendered":"profil IOTA &#8211; N\u00e9fertiti"},"content":{"rendered":"\t\t<div data-elementor-type=\"wp-page\" data-elementor-id=\"2817\" class=\"elementor elementor-2817\">\n\t\t\t\t<div class=\"elementor-element elementor-element-6b04b3b e-flex e-con-boxed e-con e-parent\" data-id=\"6b04b3b\" data-element_type=\"container\" data-e-type=\"container\">\n\t\t\t\t\t<div class=\"e-con-inner\">\n\t\t\t\t<div class=\"elementor-element elementor-element-3302204 elementor-widget elementor-widget-heading\" data-id=\"3302204\" data-element_type=\"widget\" data-e-type=\"widget\" data-widget_type=\"heading.default\">\n\t\t\t\t\t<h2 class=\"elementor-heading-title elementor-size-default\">N\u00e9fertiti reine d'Egypte<\/h2>\t\t\t\t<\/div>\n\t\t\t\t<div class=\"elementor-element elementor-element-d4298af elementor-widget elementor-widget-spacer\" data-id=\"d4298af\" data-element_type=\"widget\" data-e-type=\"widget\" data-widget_type=\"spacer.default\">\n\t\t\t\t\t\t\t<div class=\"elementor-spacer\">\n\t\t\t<div class=\"elementor-spacer-inner\"><\/div>\n\t\t<\/div>\n\t\t\t\t\t\t<\/div>\n\t\t\t\t<div class=\"elementor-element elementor-element-bd1f059 elementor-widget elementor-widget-text-editor\" data-id=\"bd1f059\" data-element_type=\"widget\" data-e-type=\"widget\" data-widget_type=\"text-editor.default\">\n\t\t\t\t\t\t\t\t\t<p>Epouse du pharaon Akh\u00e9naton ils d\u00e9butent la p\u00e9riode dites du nouvel Empire.<\/p><p>\u00a0<\/p><p>\u00a0<\/p><p>Cette p\u00e9riode reste la plus prosp\u00e8re de toute l&rsquo;\u00e9pop\u00e9e \u00e9gyptienne.<\/p><p>\u00a0<\/p><p>\u00a0<\/p><p>Sa beaut\u00e9 \u00e9blouit quiconque s&rsquo;approche d&rsquo;elle et rivalise avec son intelligence.<\/p><p>\u00a0<\/p><p>\u00a0<\/p><p>Elle reste encore aujourd&rsquo;hui une ic\u00f4ne et son nom est associ\u00e9 \u00e0 de nombreuses<\/p><p>\u00a0<\/p><p>\u00a0<\/p><p>marques de luxe.<\/p><p>\u00a0<\/p><p>\u00a0<\/p><p>Elle a jou\u00e9 un r\u00f4le important dans la politique, fille d&rsquo;un haut dignitaire elle \u00e9tait<\/p><p>\u00a0<\/p><p>\u00a0<\/p><p>depuis toute jeune rompue \u00e0 l&rsquo;exercice du pouvoir. Elle contribue au rayonnement<\/p><p>\u00a0<\/p><p>\u00a0<\/p><p>avec son \u00e9poux de la XVIII\u00e8me\u00a0 dynastie.<\/p>\t\t\t\t\t\t\t\t<\/div>\n\t\t\t\t<div class=\"elementor-element elementor-element-e651f5f elementor-widget elementor-widget-spacer\" data-id=\"e651f5f\" data-element_type=\"widget\" data-e-type=\"widget\" data-widget_type=\"spacer.default\">\n\t\t\t\t\t\t\t<div class=\"elementor-spacer\">\n\t\t\t<div class=\"elementor-spacer-inner\"><\/div>\n\t\t<\/div>\n\t\t\t\t\t\t<\/div>\n\t\t\t\t<div class=\"elementor-element elementor-element-28d62b6 elementor-widget elementor-widget-image\" data-id=\"28d62b6\" data-element_type=\"widget\" data-e-type=\"widget\" data-widget_type=\"image.default\">\n\t\t\t\t\t\t\t\t\t\t\t\t\t\t\t<img fetchpriority=\"high\" decoding=\"async\" width=\"683\" height=\"1024\" src=\"https:\/\/iota-society.com\/wp-content\/uploads\/2026\/01\/N-N-683x1024.png\" class=\"attachment-large size-large wp-image-2696\" alt=\"\" srcset=\"https:\/\/iota-society.com\/wp-content\/uploads\/2026\/01\/N-N-683x1024.png 683w, https:\/\/iota-society.com\/wp-content\/uploads\/2026\/01\/N-N-200x300.png 200w, https:\/\/iota-society.com\/wp-content\/uploads\/2026\/01\/N-N-768x1152.png 768w, https:\/\/iota-society.com\/wp-content\/uploads\/2026\/01\/N-N.png 1024w\" sizes=\"(max-width: 683px) 100vw, 683px\" \/>\t\t\t\t\t\t\t\t\t\t\t\t\t\t\t<\/div>\n\t\t\t\t\t<\/div>\n\t\t\t\t<\/div>\n\t\t\t\t<\/div>\n\t\t","protected":false},"excerpt":{"rendered":"<p>N\u00e9fertiti reine d&rsquo;Egypte Epouse du pharaon Akh\u00e9naton ils d\u00e9butent la p\u00e9riode dites du nouvel Empire. \u00a0 \u00a0 Cette p\u00e9riode reste [&hellip;]<\/p>\n","protected":false},"author":1,"featured_media":0,"parent":0,"menu_order":0,"comment_status":"closed","ping_status":"closed","template":"","meta":{"site-sidebar-layout":"no-sidebar","site-content-layout":"","ast-site-content-layout":"full-width-container","site-content-style":"default","site-sidebar-style":"default","ast-global-header-display":"","ast-banner-title-visibility":"","ast-main-header-display":"","ast-hfb-above-header-display":"","ast-hfb-below-header-display":"","ast-hfb-mobile-header-display":"","site-post-title":"","ast-breadcrumbs-content":"","ast-featured-img":"disabled","footer-sml-layout":"","ast-disable-related-posts":"","theme-transparent-header-meta":"","adv-header-id-meta":"","stick-header-meta":"","header-above-stick-meta":"","header-main-stick-meta":"","header-below-stick-meta":"","astra-migrate-meta-layouts":"default","ast-page-background-enabled":"default","ast-page-background-meta":{"desktop":{"background-color":"var(--ast-global-color-5)","background-image":"","background-repeat":"repeat","background-position":"center center","background-size":"auto","background-attachment":"scroll","background-type":"","background-media":"","overlay-type":"","overlay-color":"","overlay-opacity":"","overlay-gradient":""},"tablet":{"background-color":"","background-image":"","background-repeat":"repeat","background-position":"center center","background-size":"auto","background-attachment":"scroll","background-type":"","background-media":"","overlay-type":"","overlay-color":"","overlay-opacity":"","overlay-gradient":""},"mobile":{"background-color":"","background-image":"","background-repeat":"repeat","background-position":"center center","background-size":"auto","background-attachment":"scroll","background-type":"","background-media":"","overlay-type":"","overlay-color":"","overlay-opacity":"","overlay-gradient":""}},"ast-content-background-meta":{"desktop":{"background-color":"var(--ast-global-color-4)","background-image":"","background-repeat":"repeat","background-position":"center center","background-size":"auto","background-attachment":"scroll","background-type":"","background-media":"","overlay-type":"","overlay-color":"","overlay-opacity":"","overlay-gradient":""},"tablet":{"background-color":"var(--ast-global-color-4)","background-image":"","background-repeat":"repeat","background-position":"center center","background-size":"auto","background-attachment":"scroll","background-type":"","background-media":"","overlay-type":"","overlay-color":"","overlay-opacity":"","overlay-gradient":""},"mobile":{"background-color":"var(--ast-global-color-4)","background-image":"","background-repeat":"repeat","background-position":"center center","background-size":"auto","background-attachment":"scroll","background-type":"","background-media":"","overlay-type":"","overlay-color":"","overlay-opacity":"","overlay-gradient":""}},"footnotes":""},"class_list":["post-2817","page","type-page","status-publish","hentry"],"_links":{"self":[{"href":"https:\/\/iota-society.com\/index.php\/wp-json\/wp\/v2\/pages\/2817","targetHints":{"allow":["GET"]}}],"collection":[{"href":"https:\/\/iota-society.com\/index.php\/wp-json\/wp\/v2\/pages"}],"about":[{"href":"https:\/\/iota-society.com\/index.php\/wp-json\/wp\/v2\/types\/page"}],"author":[{"embeddable":true,"href":"https:\/\/iota-society.com\/index.php\/wp-json\/wp\/v2\/users\/1"}],"replies":[{"embeddable":true,"href":"https:\/\/iota-society.com\/index.php\/wp-json\/wp\/v2\/comments?post=2817"}],"version-history":[{"count":7,"href":"https:\/\/iota-society.com\/index.php\/wp-json\/wp\/v2\/pages\/2817\/revisions"}],"predecessor-version":[{"id":2824,"href":"https:\/\/iota-society.com\/index.php\/wp-json\/wp\/v2\/pages\/2817\/revisions\/2824"}],"wp:attachment":[{"href":"https:\/\/iota-society.com\/index.php\/wp-json\/wp\/v2\/media?parent=2817"}],"curies":[{"name":"wp","href":"https:\/\/api.w.org\/{rel}","templated":true}]}}