{"id":2812,"date":"2026-01-13T16:55:24","date_gmt":"2026-01-13T16:55:24","guid":{"rendered":"https:\/\/iota-society.com\/?page_id=2812"},"modified":"2026-01-13T16:56:24","modified_gmt":"2026-01-13T16:56:24","slug":"profil-iota-sherlock-holmes","status":"publish","type":"page","link":"https:\/\/iota-society.com\/index.php\/profil-iota-sherlock-holmes\/","title":{"rendered":"Profil IOTA &#8211; Sherlock Holmes"},"content":{"rendered":"\t\t<div data-elementor-type=\"wp-page\" data-elementor-id=\"2812\" class=\"elementor elementor-2812\">\n\t\t\t\t<div class=\"elementor-element elementor-element-3311c36 e-flex e-con-boxed e-con e-parent\" data-id=\"3311c36\" data-element_type=\"container\" data-e-type=\"container\">\n\t\t\t\t\t<div class=\"e-con-inner\">\n\t\t\t\t<div class=\"elementor-element elementor-element-32af9e9 elementor-widget elementor-widget-heading\" data-id=\"32af9e9\" data-element_type=\"widget\" data-e-type=\"widget\" data-widget_type=\"heading.default\">\n\t\t\t\t\t<h2 class=\"elementor-heading-title elementor-size-default\">Sherlock Holmes <\/h2>\t\t\t\t<\/div>\n\t\t\t\t<div class=\"elementor-element elementor-element-ce66a3e elementor-widget elementor-widget-spacer\" data-id=\"ce66a3e\" data-element_type=\"widget\" data-e-type=\"widget\" data-widget_type=\"spacer.default\">\n\t\t\t\t\t\t\t<div class=\"elementor-spacer\">\n\t\t\t<div class=\"elementor-spacer-inner\"><\/div>\n\t\t<\/div>\n\t\t\t\t\t\t<\/div>\n\t\t\t\t<div class=\"elementor-element elementor-element-f6ce4ff elementor-widget elementor-widget-text-editor\" data-id=\"f6ce4ff\" data-element_type=\"widget\" data-e-type=\"widget\" data-widget_type=\"text-editor.default\">\n\t\t\t\t\t\t\t\t\t<p><span style=\"color: #444444;\"><span style=\"font-family: Inter, sans-serif;\"><span style=\"font-size: x-large;\"><br \/>Ce personnage de Conan doyle est l\u2019arch\u00e9type de l\u2019enqu\u00eateur .<\/span><\/span><\/span><\/p><p><span style=\"color: #444444;\">\u00a0<\/span><\/p><p><span style=\"color: #444444;\">\u00a0<\/span><\/p><p><span style=\"color: #444444;\"><span style=\"font-family: Inter, sans-serif;\"><span style=\"font-size: x-large;\">Perspicace, logique et rationnel il d\u00e9cortique une \u00e0 une les \u00e9nigmes\u00a0<\/span><\/span><\/span><\/p><p><span style=\"color: #444444;\">\u00a0<\/span><\/p><p><span style=\"color: #444444;\">\u00a0<\/span><\/p><p><span style=\"color: #444444;\"><span style=\"font-family: Inter, sans-serif;\"><span style=\"font-size: x-large;\">p\u00eale m\u00eale au fur et \u00e0 mesure de ses p\u00e9r\u00e9grinations.<\/span><\/span><\/span><\/p><p><span style=\"color: #444444;\">\u00a0<\/span><\/p><p><span style=\"color: #444444;\">\u00a0<\/span><\/p><p><span style=\"color: #444444;\">\u00a0<\/span><\/p><p><span style=\"color: #444444;\"><span style=\"font-family: Inter, sans-serif;\"><span style=\"font-size: x-large;\">Accompagn\u00e9 de son fid\u00e8le acolyte le Dr watson il forme un des duos<\/span><\/span><\/span><\/p><p><span style=\"color: #444444;\">\u00a0<\/span><\/p><p><span style=\"color: #444444;\">\u00a0<\/span><\/p><p><span style=\"color: #444444;\"><span style=\"font-family: Inter, sans-serif;\"><span style=\"font-size: x-large;\">les plus c\u00e9l\u00e8bres de la litt\u00e9rature.<\/span><\/span><\/span><\/p><p><span style=\"color: #444444;\">\u00a0<\/span><\/p><p><span style=\"color: #444444;\">\u00a0<\/span><\/p><p><span style=\"color: #444444;\"><span style=\"font-family: Inter, sans-serif;\"><span style=\"font-size: x-large;\">Dans l\u2019inconscient collectif Sherlock Holmes repr\u00e9sente l\u2019intelligence par excellence.<\/span><\/span><\/span><\/p><p><span style=\"color: #444444;\">\u00a0<\/span><\/p><p><span style=\"color: #444444;\">\u00a0<\/span><\/p><p><span style=\"color: #444444;\"><span style=\"font-family: Inter, sans-serif;\"><span style=\"font-size: x-large;\">Dou\u00e9 dans tous les domaines, il r\u00e9ussit \u00e0 d\u00e9jouer tous les pi\u00e8ges les plus retors<\/span><\/span><\/span><\/p><p><span style=\"color: #444444;\">\u00a0<\/span><\/p><p><span style=\"color: #444444;\">\u00a0<\/span><\/p><p><span style=\"color: #444444;\"><span style=\"font-family: Inter, sans-serif;\"><span style=\"font-size: x-large;\">gr\u00e2ce \u00e0 sa rigueur et sa tenacit\u00e9.<\/span><\/span><\/span><\/p>\t\t\t\t\t\t\t\t<\/div>\n\t\t\t\t<div class=\"elementor-element elementor-element-bd0329a elementor-widget elementor-widget-spacer\" data-id=\"bd0329a\" data-element_type=\"widget\" data-e-type=\"widget\" data-widget_type=\"spacer.default\">\n\t\t\t\t\t\t\t<div class=\"elementor-spacer\">\n\t\t\t<div class=\"elementor-spacer-inner\"><\/div>\n\t\t<\/div>\n\t\t\t\t\t\t<\/div>\n\t\t\t\t<div class=\"elementor-element elementor-element-f3eb19c elementor-widget elementor-widget-image\" data-id=\"f3eb19c\" data-element_type=\"widget\" data-e-type=\"widget\" data-widget_type=\"image.default\">\n\t\t\t\t\t\t\t\t\t\t\t\t\t\t\t<img fetchpriority=\"high\" decoding=\"async\" width=\"683\" height=\"1024\" src=\"https:\/\/iota-society.com\/wp-content\/uploads\/2026\/01\/S-H-N-683x1024.png\" class=\"attachment-large size-large wp-image-2695\" alt=\"\" srcset=\"https:\/\/iota-society.com\/wp-content\/uploads\/2026\/01\/S-H-N-683x1024.png 683w, https:\/\/iota-society.com\/wp-content\/uploads\/2026\/01\/S-H-N-200x300.png 200w, https:\/\/iota-society.com\/wp-content\/uploads\/2026\/01\/S-H-N-768x1152.png 768w, https:\/\/iota-society.com\/wp-content\/uploads\/2026\/01\/S-H-N.png 1024w\" sizes=\"(max-width: 683px) 100vw, 683px\" \/>\t\t\t\t\t\t\t\t\t\t\t\t\t\t\t<\/div>\n\t\t\t\t\t<\/div>\n\t\t\t\t<\/div>\n\t\t\t\t<\/div>\n\t\t","protected":false},"excerpt":{"rendered":"<p>Sherlock Holmes Ce personnage de Conan doyle est l\u2019arch\u00e9type de l\u2019enqu\u00eateur . \u00a0 \u00a0 Perspicace, logique et rationnel il d\u00e9cortique [&hellip;]<\/p>\n","protected":false},"author":1,"featured_media":0,"parent":0,"menu_order":0,"comment_status":"closed","ping_status":"closed","template":"","meta":{"site-sidebar-layout":"no-sidebar","site-content-layout":"","ast-site-content-layout":"full-width-container","site-content-style":"default","site-sidebar-style":"default","ast-global-header-display":"","ast-banner-title-visibility":"","ast-main-header-display":"","ast-hfb-above-header-display":"","ast-hfb-below-header-display":"","ast-hfb-mobile-header-display":"","site-post-title":"","ast-breadcrumbs-content":"","ast-featured-img":"disabled","footer-sml-layout":"","ast-disable-related-posts":"","theme-transparent-header-meta":"","adv-header-id-meta":"","stick-header-meta":"","header-above-stick-meta":"","header-main-stick-meta":"","header-below-stick-meta":"","astra-migrate-meta-layouts":"default","ast-page-background-enabled":"default","ast-page-background-meta":{"desktop":{"background-color":"var(--ast-global-color-5)","background-image":"","background-repeat":"repeat","background-position":"center center","background-size":"auto","background-attachment":"scroll","background-type":"","background-media":"","overlay-type":"","overlay-color":"","overlay-opacity":"","overlay-gradient":""},"tablet":{"background-color":"","background-image":"","background-repeat":"repeat","background-position":"center center","background-size":"auto","background-attachment":"scroll","background-type":"","background-media":"","overlay-type":"","overlay-color":"","overlay-opacity":"","overlay-gradient":""},"mobile":{"background-color":"","background-image":"","background-repeat":"repeat","background-position":"center center","background-size":"auto","background-attachment":"scroll","background-type":"","background-media":"","overlay-type":"","overlay-color":"","overlay-opacity":"","overlay-gradient":""}},"ast-content-background-meta":{"desktop":{"background-color":"var(--ast-global-color-4)","background-image":"","background-repeat":"repeat","background-position":"center center","background-size":"auto","background-attachment":"scroll","background-type":"","background-media":"","overlay-type":"","overlay-color":"","overlay-opacity":"","overlay-gradient":""},"tablet":{"background-color":"var(--ast-global-color-4)","background-image":"","background-repeat":"repeat","background-position":"center center","background-size":"auto","background-attachment":"scroll","background-type":"","background-media":"","overlay-type":"","overlay-color":"","overlay-opacity":"","overlay-gradient":""},"mobile":{"background-color":"var(--ast-global-color-4)","background-image":"","background-repeat":"repeat","background-position":"center center","background-size":"auto","background-attachment":"scroll","background-type":"","background-media":"","overlay-type":"","overlay-color":"","overlay-opacity":"","overlay-gradient":""}},"footnotes":""},"class_list":["post-2812","page","type-page","status-publish","hentry"],"_links":{"self":[{"href":"https:\/\/iota-society.com\/index.php\/wp-json\/wp\/v2\/pages\/2812","targetHints":{"allow":["GET"]}}],"collection":[{"href":"https:\/\/iota-society.com\/index.php\/wp-json\/wp\/v2\/pages"}],"about":[{"href":"https:\/\/iota-society.com\/index.php\/wp-json\/wp\/v2\/types\/page"}],"author":[{"embeddable":true,"href":"https:\/\/iota-society.com\/index.php\/wp-json\/wp\/v2\/users\/1"}],"replies":[{"embeddable":true,"href":"https:\/\/iota-society.com\/index.php\/wp-json\/wp\/v2\/comments?post=2812"}],"version-history":[{"count":4,"href":"https:\/\/iota-society.com\/index.php\/wp-json\/wp\/v2\/pages\/2812\/revisions"}],"predecessor-version":[{"id":2816,"href":"https:\/\/iota-society.com\/index.php\/wp-json\/wp\/v2\/pages\/2812\/revisions\/2816"}],"wp:attachment":[{"href":"https:\/\/iota-society.com\/index.php\/wp-json\/wp\/v2\/media?parent=2812"}],"curies":[{"name":"wp","href":"https:\/\/api.w.org\/{rel}","templated":true}]}}