{"id":2771,"date":"2026-01-13T16:13:51","date_gmt":"2026-01-13T16:13:51","guid":{"rendered":"https:\/\/iota-society.com\/?page_id=2771"},"modified":"2026-01-13T16:16:26","modified_gmt":"2026-01-13T16:16:26","slug":"profil-iota-ezio-auditore","status":"publish","type":"page","link":"https:\/\/iota-society.com\/index.php\/profil-iota-ezio-auditore\/","title":{"rendered":"Profil IOTA &#8211; Ezio Auditore"},"content":{"rendered":"\t\t<div data-elementor-type=\"wp-page\" data-elementor-id=\"2771\" class=\"elementor elementor-2771\">\n\t\t\t\t<div class=\"elementor-element elementor-element-b89ab54 e-flex e-con-boxed e-con e-parent\" data-id=\"b89ab54\" data-element_type=\"container\" data-e-type=\"container\">\n\t\t\t\t\t<div class=\"e-con-inner\">\n\t\t\t\t<div class=\"elementor-element elementor-element-c257a3b elementor-widget elementor-widget-heading\" data-id=\"c257a3b\" data-element_type=\"widget\" data-e-type=\"widget\" data-widget_type=\"heading.default\">\n\t\t\t\t\t<h2 class=\"elementor-heading-title elementor-size-default\">Ezio Auditore Assassin's Creed<\/h2>\t\t\t\t<\/div>\n\t\t\t\t<div class=\"elementor-element elementor-element-487b3b1 elementor-widget elementor-widget-spacer\" data-id=\"487b3b1\" data-element_type=\"widget\" data-e-type=\"widget\" data-widget_type=\"spacer.default\">\n\t\t\t\t\t\t\t<div class=\"elementor-spacer\">\n\t\t\t<div class=\"elementor-spacer-inner\"><\/div>\n\t\t<\/div>\n\t\t\t\t\t\t<\/div>\n\t\t\t\t<div class=\"elementor-element elementor-element-605bd0b elementor-widget elementor-widget-text-editor\" data-id=\"605bd0b\" data-element_type=\"widget\" data-e-type=\"widget\" data-widget_type=\"text-editor.default\">\n\t\t\t\t\t\t\t\t\t<p>Le protagoniste principal de la s\u00e9rie de jeux vid\u00e9o Assassin&rsquo;s Creed rassemble<\/p><p>\u00a0<\/p><p>\u00a0<\/p><p>une multitude d&rsquo;aptitudes diverses et vari\u00e9es et pas seulement<\/p><p>\u00a0<\/p><p>\u00a0<\/p><p>pour \u00e9liminer ses semblables.<\/p><p>\u00a0<\/p><p>\u00a0<\/p><p>C&rsquo;est un des personnages les plus appr\u00e9ci\u00e9s de tous les jeux vid\u00e9os avec Mario,<\/p><p>\u00a0<\/p><p>\u00a0<\/p><p>Link et Lara Croft.<\/p><p>\u00a0<\/p><p>\u00a0<\/p><p>\u00a0<\/p><p>Roi de l&rsquo;infiltration, on voyage \u00e0 travers les cit\u00e9s plus belles<\/p><p>\u00a0<\/p><p>\u00a0<\/p><p>de la Renaissance en l&rsquo;incarnant.<\/p><p>\u00a0<\/p><p>\u00a0<\/p><p>\u00a0<\/p>\t\t\t\t\t\t\t\t<\/div>\n\t\t\t\t<div class=\"elementor-element elementor-element-41de1a6 elementor-widget elementor-widget-spacer\" data-id=\"41de1a6\" data-element_type=\"widget\" data-e-type=\"widget\" data-widget_type=\"spacer.default\">\n\t\t\t\t\t\t\t<div class=\"elementor-spacer\">\n\t\t\t<div class=\"elementor-spacer-inner\"><\/div>\n\t\t<\/div>\n\t\t\t\t\t\t<\/div>\n\t\t\t\t<div class=\"elementor-element elementor-element-ac5bb54 elementor-widget elementor-widget-image\" data-id=\"ac5bb54\" data-element_type=\"widget\" data-e-type=\"widget\" data-widget_type=\"image.default\">\n\t\t\t\t\t\t\t\t\t\t\t\t\t\t\t<img fetchpriority=\"high\" decoding=\"async\" width=\"683\" height=\"1024\" src=\"https:\/\/iota-society.com\/wp-content\/uploads\/2026\/01\/E-A-N-683x1024.png\" class=\"attachment-large size-large wp-image-2694\" alt=\"\" srcset=\"https:\/\/iota-society.com\/wp-content\/uploads\/2026\/01\/E-A-N-683x1024.png 683w, https:\/\/iota-society.com\/wp-content\/uploads\/2026\/01\/E-A-N-200x300.png 200w, https:\/\/iota-society.com\/wp-content\/uploads\/2026\/01\/E-A-N-768x1152.png 768w, https:\/\/iota-society.com\/wp-content\/uploads\/2026\/01\/E-A-N.png 1024w\" sizes=\"(max-width: 683px) 100vw, 683px\" \/>\t\t\t\t\t\t\t\t\t\t\t\t\t\t\t<\/div>\n\t\t\t\t\t<\/div>\n\t\t\t\t<\/div>\n\t\t\t\t<\/div>\n\t\t","protected":false},"excerpt":{"rendered":"<p>Ezio Auditore Assassin&rsquo;s Creed Le protagoniste principal de la s\u00e9rie de jeux vid\u00e9o Assassin&rsquo;s Creed rassemble \u00a0 \u00a0 une multitude [&hellip;]<\/p>\n","protected":false},"author":1,"featured_media":0,"parent":0,"menu_order":0,"comment_status":"closed","ping_status":"closed","template":"","meta":{"site-sidebar-layout":"no-sidebar","site-content-layout":"","ast-site-content-layout":"full-width-container","site-content-style":"default","site-sidebar-style":"default","ast-global-header-display":"","ast-banner-title-visibility":"","ast-main-header-display":"","ast-hfb-above-header-display":"","ast-hfb-below-header-display":"","ast-hfb-mobile-header-display":"","site-post-title":"","ast-breadcrumbs-content":"","ast-featured-img":"disabled","footer-sml-layout":"","ast-disable-related-posts":"","theme-transparent-header-meta":"","adv-header-id-meta":"","stick-header-meta":"","header-above-stick-meta":"","header-main-stick-meta":"","header-below-stick-meta":"","astra-migrate-meta-layouts":"default","ast-page-background-enabled":"default","ast-page-background-meta":{"desktop":{"background-color":"var(--ast-global-color-5)","background-image":"","background-repeat":"repeat","background-position":"center center","background-size":"auto","background-attachment":"scroll","background-type":"","background-media":"","overlay-type":"","overlay-color":"","overlay-opacity":"","overlay-gradient":""},"tablet":{"background-color":"","background-image":"","background-repeat":"repeat","background-position":"center center","background-size":"auto","background-attachment":"scroll","background-type":"","background-media":"","overlay-type":"","overlay-color":"","overlay-opacity":"","overlay-gradient":""},"mobile":{"background-color":"","background-image":"","background-repeat":"repeat","background-position":"center center","background-size":"auto","background-attachment":"scroll","background-type":"","background-media":"","overlay-type":"","overlay-color":"","overlay-opacity":"","overlay-gradient":""}},"ast-content-background-meta":{"desktop":{"background-color":"var(--ast-global-color-4)","background-image":"","background-repeat":"repeat","background-position":"center center","background-size":"auto","background-attachment":"scroll","background-type":"","background-media":"","overlay-type":"","overlay-color":"","overlay-opacity":"","overlay-gradient":""},"tablet":{"background-color":"var(--ast-global-color-4)","background-image":"","background-repeat":"repeat","background-position":"center center","background-size":"auto","background-attachment":"scroll","background-type":"","background-media":"","overlay-type":"","overlay-color":"","overlay-opacity":"","overlay-gradient":""},"mobile":{"background-color":"var(--ast-global-color-4)","background-image":"","background-repeat":"repeat","background-position":"center center","background-size":"auto","background-attachment":"scroll","background-type":"","background-media":"","overlay-type":"","overlay-color":"","overlay-opacity":"","overlay-gradient":""}},"footnotes":""},"class_list":["post-2771","page","type-page","status-publish","hentry"],"_links":{"self":[{"href":"https:\/\/iota-society.com\/index.php\/wp-json\/wp\/v2\/pages\/2771","targetHints":{"allow":["GET"]}}],"collection":[{"href":"https:\/\/iota-society.com\/index.php\/wp-json\/wp\/v2\/pages"}],"about":[{"href":"https:\/\/iota-society.com\/index.php\/wp-json\/wp\/v2\/types\/page"}],"author":[{"embeddable":true,"href":"https:\/\/iota-society.com\/index.php\/wp-json\/wp\/v2\/users\/1"}],"replies":[{"embeddable":true,"href":"https:\/\/iota-society.com\/index.php\/wp-json\/wp\/v2\/comments?post=2771"}],"version-history":[{"count":4,"href":"https:\/\/iota-society.com\/index.php\/wp-json\/wp\/v2\/pages\/2771\/revisions"}],"predecessor-version":[{"id":2775,"href":"https:\/\/iota-society.com\/index.php\/wp-json\/wp\/v2\/pages\/2771\/revisions\/2775"}],"wp:attachment":[{"href":"https:\/\/iota-society.com\/index.php\/wp-json\/wp\/v2\/media?parent=2771"}],"curies":[{"name":"wp","href":"https:\/\/api.w.org\/{rel}","templated":true}]}}