{"id":2743,"date":"2026-01-13T14:03:32","date_gmt":"2026-01-13T14:03:32","guid":{"rendered":"https:\/\/iota-society.com\/?page_id=2743"},"modified":"2026-01-13T14:11:10","modified_gmt":"2026-01-13T14:11:10","slug":"profil-iota-arsene-lupin","status":"publish","type":"page","link":"https:\/\/iota-society.com\/index.php\/profil-iota-arsene-lupin\/","title":{"rendered":"Profil IOTA &#8211; Ars\u00e8ne Lupin"},"content":{"rendered":"\t\t<div data-elementor-type=\"wp-page\" data-elementor-id=\"2743\" class=\"elementor elementor-2743\">\n\t\t\t\t<div class=\"elementor-element elementor-element-e95b100 e-flex e-con-boxed e-con e-parent\" data-id=\"e95b100\" data-element_type=\"container\" data-e-type=\"container\">\n\t\t\t\t\t<div class=\"e-con-inner\">\n\t\t\t\t<div class=\"elementor-element elementor-element-8e9491d elementor-widget elementor-widget-heading\" data-id=\"8e9491d\" data-element_type=\"widget\" data-e-type=\"widget\" data-widget_type=\"heading.default\">\n\t\t\t\t\t<h2 class=\"elementor-heading-title elementor-size-default\">Ars\u00e8ne lupin gentleman cambrioleur<\/h2>\t\t\t\t<\/div>\n\t\t\t\t<div class=\"elementor-element elementor-element-d975566 elementor-widget elementor-widget-spacer\" data-id=\"d975566\" data-element_type=\"widget\" data-e-type=\"widget\" data-widget_type=\"spacer.default\">\n\t\t\t\t\t\t\t<div class=\"elementor-spacer\">\n\t\t\t<div class=\"elementor-spacer-inner\"><\/div>\n\t\t<\/div>\n\t\t\t\t\t\t<\/div>\n\t\t\t\t<div class=\"elementor-element elementor-element-478476c elementor-widget elementor-widget-text-editor\" data-id=\"478476c\" data-element_type=\"widget\" data-e-type=\"widget\" data-widget_type=\"text-editor.default\">\n\t\t\t\t\t\t\t\t\t<p>Aucun personnage fictif n&rsquo;aura plus us\u00e9 de\u00a0 la dissimulation et de d\u00e9guisements<\/p><p>\u00a0<\/p><p>\u00a0<\/p><p>qu&rsquo; Ars\u00e8ne Lupin.<\/p><p>\u00a0<\/p><p>\u00a0<\/p><p>Maurice Leblanc cr\u00e9e son personnage en l&rsquo;affublant<\/p><p>\u00a0<\/p><p>\u00a0<\/p><p>de toutes les tenus et postiches inimaginables.<\/p><p>\u00a0<\/p><p>\u00a0<\/p><p>Mais il parvient toujours \u00e0 r\u00e9ussir ces cambriolages sans faire de mort ou de bless\u00e9s.<\/p><p>\u00a0<\/p><p>\u00a0<\/p><p>\u00a0<\/p><p>Sa ruse, son agilit\u00e9, sa dext\u00e9rit\u00e9 son l\u00e9gendaire, elles font passer tous les autres<\/p><p>\u00a0<\/p><p>\u00a0<\/p><p>voleurs pour des amateurs. A chaque roman, il r\u00e9sout des enigmes tr\u00e8s ardus.<\/p>\t\t\t\t\t\t\t\t<\/div>\n\t\t\t\t<div class=\"elementor-element elementor-element-e4052d5 elementor-widget elementor-widget-spacer\" data-id=\"e4052d5\" data-element_type=\"widget\" data-e-type=\"widget\" data-widget_type=\"spacer.default\">\n\t\t\t\t\t\t\t<div class=\"elementor-spacer\">\n\t\t\t<div class=\"elementor-spacer-inner\"><\/div>\n\t\t<\/div>\n\t\t\t\t\t\t<\/div>\n\t\t\t\t<div class=\"elementor-element elementor-element-b10f35e elementor-widget elementor-widget-image\" data-id=\"b10f35e\" data-element_type=\"widget\" data-e-type=\"widget\" data-widget_type=\"image.default\">\n\t\t\t\t\t\t\t\t\t\t\t\t\t\t\t<img fetchpriority=\"high\" decoding=\"async\" width=\"1024\" height=\"1024\" src=\"https:\/\/iota-society.com\/wp-content\/uploads\/2026\/01\/A-L-N.png\" class=\"attachment-large size-large wp-image-2690\" alt=\"\" srcset=\"https:\/\/iota-society.com\/wp-content\/uploads\/2026\/01\/A-L-N.png 1024w, https:\/\/iota-society.com\/wp-content\/uploads\/2026\/01\/A-L-N-300x300.png 300w, https:\/\/iota-society.com\/wp-content\/uploads\/2026\/01\/A-L-N-150x150.png 150w, https:\/\/iota-society.com\/wp-content\/uploads\/2026\/01\/A-L-N-768x768.png 768w\" sizes=\"(max-width: 1024px) 100vw, 1024px\" \/>\t\t\t\t\t\t\t\t\t\t\t\t\t\t\t<\/div>\n\t\t\t\t\t<\/div>\n\t\t\t\t<\/div>\n\t\t\t\t<\/div>\n\t\t","protected":false},"excerpt":{"rendered":"<p>Ars\u00e8ne lupin gentleman cambrioleur Aucun personnage fictif n&rsquo;aura plus us\u00e9 de\u00a0 la dissimulation et de d\u00e9guisements \u00a0 \u00a0 qu&rsquo; Ars\u00e8ne [&hellip;]<\/p>\n","protected":false},"author":1,"featured_media":0,"parent":0,"menu_order":0,"comment_status":"closed","ping_status":"closed","template":"","meta":{"site-sidebar-layout":"no-sidebar","site-content-layout":"","ast-site-content-layout":"full-width-container","site-content-style":"default","site-sidebar-style":"default","ast-global-header-display":"","ast-banner-title-visibility":"","ast-main-header-display":"","ast-hfb-above-header-display":"","ast-hfb-below-header-display":"","ast-hfb-mobile-header-display":"","site-post-title":"","ast-breadcrumbs-content":"","ast-featured-img":"disabled","footer-sml-layout":"","ast-disable-related-posts":"","theme-transparent-header-meta":"","adv-header-id-meta":"","stick-header-meta":"","header-above-stick-meta":"","header-main-stick-meta":"","header-below-stick-meta":"","astra-migrate-meta-layouts":"default","ast-page-background-enabled":"default","ast-page-background-meta":{"desktop":{"background-color":"var(--ast-global-color-5)","background-image":"","background-repeat":"repeat","background-position":"center center","background-size":"auto","background-attachment":"scroll","background-type":"","background-media":"","overlay-type":"","overlay-color":"","overlay-opacity":"","overlay-gradient":""},"tablet":{"background-color":"","background-image":"","background-repeat":"repeat","background-position":"center center","background-size":"auto","background-attachment":"scroll","background-type":"","background-media":"","overlay-type":"","overlay-color":"","overlay-opacity":"","overlay-gradient":""},"mobile":{"background-color":"","background-image":"","background-repeat":"repeat","background-position":"center center","background-size":"auto","background-attachment":"scroll","background-type":"","background-media":"","overlay-type":"","overlay-color":"","overlay-opacity":"","overlay-gradient":""}},"ast-content-background-meta":{"desktop":{"background-color":"var(--ast-global-color-4)","background-image":"","background-repeat":"repeat","background-position":"center center","background-size":"auto","background-attachment":"scroll","background-type":"","background-media":"","overlay-type":"","overlay-color":"","overlay-opacity":"","overlay-gradient":""},"tablet":{"background-color":"var(--ast-global-color-4)","background-image":"","background-repeat":"repeat","background-position":"center center","background-size":"auto","background-attachment":"scroll","background-type":"","background-media":"","overlay-type":"","overlay-color":"","overlay-opacity":"","overlay-gradient":""},"mobile":{"background-color":"var(--ast-global-color-4)","background-image":"","background-repeat":"repeat","background-position":"center center","background-size":"auto","background-attachment":"scroll","background-type":"","background-media":"","overlay-type":"","overlay-color":"","overlay-opacity":"","overlay-gradient":""}},"footnotes":""},"class_list":["post-2743","page","type-page","status-publish","hentry"],"_links":{"self":[{"href":"https:\/\/iota-society.com\/index.php\/wp-json\/wp\/v2\/pages\/2743","targetHints":{"allow":["GET"]}}],"collection":[{"href":"https:\/\/iota-society.com\/index.php\/wp-json\/wp\/v2\/pages"}],"about":[{"href":"https:\/\/iota-society.com\/index.php\/wp-json\/wp\/v2\/types\/page"}],"author":[{"embeddable":true,"href":"https:\/\/iota-society.com\/index.php\/wp-json\/wp\/v2\/users\/1"}],"replies":[{"embeddable":true,"href":"https:\/\/iota-society.com\/index.php\/wp-json\/wp\/v2\/comments?post=2743"}],"version-history":[{"count":4,"href":"https:\/\/iota-society.com\/index.php\/wp-json\/wp\/v2\/pages\/2743\/revisions"}],"predecessor-version":[{"id":2747,"href":"https:\/\/iota-society.com\/index.php\/wp-json\/wp\/v2\/pages\/2743\/revisions\/2747"}],"wp:attachment":[{"href":"https:\/\/iota-society.com\/index.php\/wp-json\/wp\/v2\/media?parent=2743"}],"curies":[{"name":"wp","href":"https:\/\/api.w.org\/{rel}","templated":true}]}}