{"id":2730,"date":"2026-01-11T15:48:38","date_gmt":"2026-01-11T15:48:38","guid":{"rendered":"https:\/\/iota-society.com\/?page_id=2730"},"modified":"2026-01-13T13:55:16","modified_gmt":"2026-01-13T13:55:16","slug":"profil-iota-geralt-de-riv-the-witcher-sorceleur","status":"publish","type":"page","link":"https:\/\/iota-society.com\/index.php\/profil-iota-geralt-de-riv-the-witcher-sorceleur\/","title":{"rendered":"Profil IOTA &#8211; Geralt de Riv The Witcher \u00a0\u00bb Sorceleur \u00ab\u00a0"},"content":{"rendered":"\t\t<div data-elementor-type=\"wp-page\" data-elementor-id=\"2730\" class=\"elementor elementor-2730\">\n\t\t\t\t<div class=\"elementor-element elementor-element-30b3f1c e-flex e-con-boxed e-con e-parent\" data-id=\"30b3f1c\" data-element_type=\"container\" data-e-type=\"container\">\n\t\t\t\t\t<div class=\"e-con-inner\">\n\t\t\t\t<div class=\"elementor-element elementor-element-72b5d0d elementor-widget elementor-widget-heading\" data-id=\"72b5d0d\" data-element_type=\"widget\" data-e-type=\"widget\" data-widget_type=\"heading.default\">\n\t\t\t\t\t<h2 class=\"elementor-heading-title elementor-size-default\">Geralt de Riv The Witcher<\/h2>\t\t\t\t<\/div>\n\t\t\t\t<div class=\"elementor-element elementor-element-1ac5af3 elementor-widget elementor-widget-spacer\" data-id=\"1ac5af3\" data-element_type=\"widget\" data-e-type=\"widget\" data-widget_type=\"spacer.default\">\n\t\t\t\t\t\t\t<div class=\"elementor-spacer\">\n\t\t\t<div class=\"elementor-spacer-inner\"><\/div>\n\t\t<\/div>\n\t\t\t\t\t\t<\/div>\n\t\t\t\t<div class=\"elementor-element elementor-element-d9878f6 elementor-widget elementor-widget-spacer\" data-id=\"d9878f6\" data-element_type=\"widget\" data-e-type=\"widget\" data-widget_type=\"spacer.default\">\n\t\t\t\t\t\t\t<div class=\"elementor-spacer\">\n\t\t\t<div class=\"elementor-spacer-inner\"><\/div>\n\t\t<\/div>\n\t\t\t\t\t\t<\/div>\n\t\t\t\t<div class=\"elementor-element elementor-element-1a08a14 elementor-widget elementor-widget-text-editor\" data-id=\"1a08a14\" data-element_type=\"widget\" data-e-type=\"widget\" data-widget_type=\"text-editor.default\">\n\t\t\t\t\t\t\t\t\t<p>Le romancier Andrzej Sapkowski nous offre avec sa s\u00e9rie de romans Heroic fantasy\u00a0<\/p><p>\u00a0<\/p><p>\u00a0<\/p><p>le sorceleur et son h\u00e9ro Geralt de Riv une des plus belle saga fantastique.<\/p><p>\u00a0<\/p><p>\u00a0<\/p><p>Le sorceleur est un m\u00e9lange hybride de sorcier et de guerrier mi elfe mi humain<\/p><p>\u00a0<\/p><p>\u00a0<\/p><p>dot\u00e9 de pouvoirs magiques . La nuit est son \u00e9l\u00e9ment puisqu&rsquo; il est nyctalope<\/p><p>\u00a0<\/p><p>\u00a0<\/p><p>et chasse des monstres et d\u00e9mons qui hantent les contr\u00e9es de Nilfgaard notamment.<\/p><p>\u00a0<\/p><p>\u00a0<\/p><p>Son courage et sa bravoure impose le respect et son nom devient au fur et \u00e0 mesure\u00a0<\/p><p>\u00a0<\/p><p>\u00a0<\/p><p>l\u00e9gendaire.<\/p>\t\t\t\t\t\t\t\t<\/div>\n\t\t\t\t<div class=\"elementor-element elementor-element-f6d592f elementor-widget elementor-widget-spacer\" data-id=\"f6d592f\" data-element_type=\"widget\" data-e-type=\"widget\" data-widget_type=\"spacer.default\">\n\t\t\t\t\t\t\t<div class=\"elementor-spacer\">\n\t\t\t<div class=\"elementor-spacer-inner\"><\/div>\n\t\t<\/div>\n\t\t\t\t\t\t<\/div>\n\t\t\t\t<div class=\"elementor-element elementor-element-601a3e8 elementor-widget elementor-widget-image\" data-id=\"601a3e8\" data-element_type=\"widget\" data-e-type=\"widget\" data-widget_type=\"image.default\">\n\t\t\t\t\t\t\t\t\t\t\t\t\t\t\t<img fetchpriority=\"high\" decoding=\"async\" width=\"1024\" height=\"1024\" src=\"https:\/\/iota-society.com\/wp-content\/uploads\/2026\/01\/G-W-N.png\" class=\"attachment-large size-large wp-image-2688\" alt=\"\" srcset=\"https:\/\/iota-society.com\/wp-content\/uploads\/2026\/01\/G-W-N.png 1024w, https:\/\/iota-society.com\/wp-content\/uploads\/2026\/01\/G-W-N-300x300.png 300w, https:\/\/iota-society.com\/wp-content\/uploads\/2026\/01\/G-W-N-150x150.png 150w, https:\/\/iota-society.com\/wp-content\/uploads\/2026\/01\/G-W-N-768x768.png 768w\" sizes=\"(max-width: 1024px) 100vw, 1024px\" \/>\t\t\t\t\t\t\t\t\t\t\t\t\t\t\t<\/div>\n\t\t\t\t\t<\/div>\n\t\t\t\t<\/div>\n\t\t\t\t<\/div>\n\t\t","protected":false},"excerpt":{"rendered":"<p>Geralt de Riv The Witcher Le romancier Andrzej Sapkowski nous offre avec sa s\u00e9rie de romans Heroic fantasy\u00a0 \u00a0 \u00a0 [&hellip;]<\/p>\n","protected":false},"author":1,"featured_media":0,"parent":0,"menu_order":0,"comment_status":"closed","ping_status":"closed","template":"","meta":{"site-sidebar-layout":"no-sidebar","site-content-layout":"","ast-site-content-layout":"full-width-container","site-content-style":"default","site-sidebar-style":"default","ast-global-header-display":"","ast-banner-title-visibility":"","ast-main-header-display":"","ast-hfb-above-header-display":"","ast-hfb-below-header-display":"","ast-hfb-mobile-header-display":"","site-post-title":"","ast-breadcrumbs-content":"","ast-featured-img":"disabled","footer-sml-layout":"","ast-disable-related-posts":"","theme-transparent-header-meta":"","adv-header-id-meta":"","stick-header-meta":"","header-above-stick-meta":"","header-main-stick-meta":"","header-below-stick-meta":"","astra-migrate-meta-layouts":"default","ast-page-background-enabled":"default","ast-page-background-meta":{"desktop":{"background-color":"var(--ast-global-color-5)","background-image":"","background-repeat":"repeat","background-position":"center center","background-size":"auto","background-attachment":"scroll","background-type":"","background-media":"","overlay-type":"","overlay-color":"","overlay-opacity":"","overlay-gradient":""},"tablet":{"background-color":"","background-image":"","background-repeat":"repeat","background-position":"center center","background-size":"auto","background-attachment":"scroll","background-type":"","background-media":"","overlay-type":"","overlay-color":"","overlay-opacity":"","overlay-gradient":""},"mobile":{"background-color":"","background-image":"","background-repeat":"repeat","background-position":"center center","background-size":"auto","background-attachment":"scroll","background-type":"","background-media":"","overlay-type":"","overlay-color":"","overlay-opacity":"","overlay-gradient":""}},"ast-content-background-meta":{"desktop":{"background-color":"var(--ast-global-color-4)","background-image":"","background-repeat":"repeat","background-position":"center center","background-size":"auto","background-attachment":"scroll","background-type":"","background-media":"","overlay-type":"","overlay-color":"","overlay-opacity":"","overlay-gradient":""},"tablet":{"background-color":"var(--ast-global-color-4)","background-image":"","background-repeat":"repeat","background-position":"center center","background-size":"auto","background-attachment":"scroll","background-type":"","background-media":"","overlay-type":"","overlay-color":"","overlay-opacity":"","overlay-gradient":""},"mobile":{"background-color":"var(--ast-global-color-4)","background-image":"","background-repeat":"repeat","background-position":"center center","background-size":"auto","background-attachment":"scroll","background-type":"","background-media":"","overlay-type":"","overlay-color":"","overlay-opacity":"","overlay-gradient":""}},"footnotes":""},"class_list":["post-2730","page","type-page","status-publish","hentry"],"_links":{"self":[{"href":"https:\/\/iota-society.com\/index.php\/wp-json\/wp\/v2\/pages\/2730","targetHints":{"allow":["GET"]}}],"collection":[{"href":"https:\/\/iota-society.com\/index.php\/wp-json\/wp\/v2\/pages"}],"about":[{"href":"https:\/\/iota-society.com\/index.php\/wp-json\/wp\/v2\/types\/page"}],"author":[{"embeddable":true,"href":"https:\/\/iota-society.com\/index.php\/wp-json\/wp\/v2\/users\/1"}],"replies":[{"embeddable":true,"href":"https:\/\/iota-society.com\/index.php\/wp-json\/wp\/v2\/comments?post=2730"}],"version-history":[{"count":7,"href":"https:\/\/iota-society.com\/index.php\/wp-json\/wp\/v2\/pages\/2730\/revisions"}],"predecessor-version":[{"id":2737,"href":"https:\/\/iota-society.com\/index.php\/wp-json\/wp\/v2\/pages\/2730\/revisions\/2737"}],"wp:attachment":[{"href":"https:\/\/iota-society.com\/index.php\/wp-json\/wp\/v2\/media?parent=2730"}],"curies":[{"name":"wp","href":"https:\/\/api.w.org\/{rel}","templated":true}]}}