{"id":2722,"date":"2026-01-11T15:36:45","date_gmt":"2026-01-11T15:36:45","guid":{"rendered":"https:\/\/iota-society.com\/?page_id=2722"},"modified":"2026-01-13T17:37:44","modified_gmt":"2026-01-13T17:37:44","slug":"profil-iota-normal-alice-au-pays-des-merveilles","status":"publish","type":"page","link":"https:\/\/iota-society.com\/index.php\/profil-iota-normal-alice-au-pays-des-merveilles\/","title":{"rendered":"Profil IOTA Normal &#8211; Alice au pays des merveilles"},"content":{"rendered":"\t\t<div data-elementor-type=\"wp-page\" data-elementor-id=\"2722\" class=\"elementor elementor-2722\">\n\t\t\t\t<div class=\"elementor-element elementor-element-d8250a2 e-flex e-con-boxed e-con e-parent\" data-id=\"d8250a2\" data-element_type=\"container\" data-e-type=\"container\">\n\t\t\t\t\t<div class=\"e-con-inner\">\n\t\t\t\t<div class=\"elementor-element elementor-element-e0b19f2 elementor-widget elementor-widget-heading\" data-id=\"e0b19f2\" data-element_type=\"widget\" data-e-type=\"widget\" data-widget_type=\"heading.default\">\n\t\t\t\t\t<h2 class=\"elementor-heading-title elementor-size-default\">Alice au pays des merveilles <\/h2>\t\t\t\t<\/div>\n\t\t\t\t<div class=\"elementor-element elementor-element-5c3bdb2 elementor-widget elementor-widget-spacer\" data-id=\"5c3bdb2\" data-element_type=\"widget\" data-e-type=\"widget\" data-widget_type=\"spacer.default\">\n\t\t\t\t\t\t\t<div class=\"elementor-spacer\">\n\t\t\t<div class=\"elementor-spacer-inner\"><\/div>\n\t\t<\/div>\n\t\t\t\t\t\t<\/div>\n\t\t\t\t<div class=\"elementor-element elementor-element-84179d4 elementor-widget elementor-widget-text-editor\" data-id=\"84179d4\" data-element_type=\"widget\" data-e-type=\"widget\" data-widget_type=\"text-editor.default\">\n\t\t\t\t\t\t\t\t\t<p>Personnage du roman \u00e9ponyme de Lewis Caroll, nous transporte dans un tout autre<\/p><p>\u00a0<\/p><p>\u00a0<\/p><p>univers\u00a0 \u00a0De l&rsquo;autre c\u00f4t\u00e9 du miroir .<\/p><p>\u00a0<\/p><p>\u00a0<\/p><p>Cette parabole devient pr\u00e9monitoire \u00e0 l&rsquo;heure des trous noirs<\/p><p>\u00a0<\/p><p>\u00a0<\/p><p>et des possibles multivers.<\/p><p>\u00a0<\/p><p>\u00a0<\/p><p>La rencontre avec des personnages tous plus \u00e9tranges les uns des autres<\/p><p>\u00a0<\/p><p>\u00a0<\/p><p>nous am\u00e8ne \u00e0 faire l&rsquo;\u00e9loge de la diversit\u00e9.\u00a0<\/p><p>\u00a0<\/p><p>\u00a0<\/p><p>Alice devient ainsi une avant &#8211; gardiste de la pens\u00e9e Queer. Vous l&rsquo;aurez compris<\/p><p>\u00a0<\/p><p>\u00a0<\/p><p>ces deux romans bousculent plus que l&rsquo;on croit notre perception de la vie .<\/p>\t\t\t\t\t\t\t\t<\/div>\n\t\t\t\t<div class=\"elementor-element elementor-element-a408d3f elementor-widget elementor-widget-spacer\" data-id=\"a408d3f\" data-element_type=\"widget\" data-e-type=\"widget\" data-widget_type=\"spacer.default\">\n\t\t\t\t\t\t\t<div class=\"elementor-spacer\">\n\t\t\t<div class=\"elementor-spacer-inner\"><\/div>\n\t\t<\/div>\n\t\t\t\t\t\t<\/div>\n\t\t\t\t<div class=\"elementor-element elementor-element-cb0aa22 elementor-widget elementor-widget-image\" data-id=\"cb0aa22\" data-element_type=\"widget\" data-e-type=\"widget\" data-widget_type=\"image.default\">\n\t\t\t\t\t\t\t\t\t\t\t\t\t\t\t<img fetchpriority=\"high\" decoding=\"async\" width=\"1024\" height=\"1024\" src=\"https:\/\/iota-society.com\/wp-content\/uploads\/2026\/01\/A-N.png\" class=\"attachment-large size-large wp-image-2687\" alt=\"\" srcset=\"https:\/\/iota-society.com\/wp-content\/uploads\/2026\/01\/A-N.png 1024w, https:\/\/iota-society.com\/wp-content\/uploads\/2026\/01\/A-N-300x300.png 300w, https:\/\/iota-society.com\/wp-content\/uploads\/2026\/01\/A-N-150x150.png 150w, https:\/\/iota-society.com\/wp-content\/uploads\/2026\/01\/A-N-768x768.png 768w\" sizes=\"(max-width: 1024px) 100vw, 1024px\" \/>\t\t\t\t\t\t\t\t\t\t\t\t\t\t\t<\/div>\n\t\t\t\t\t<\/div>\n\t\t\t\t<\/div>\n\t\t\t\t<\/div>\n\t\t","protected":false},"excerpt":{"rendered":"<p>Alice au pays des merveilles Personnage du roman \u00e9ponyme de Lewis Caroll, nous transporte dans un tout autre \u00a0 \u00a0 [&hellip;]<\/p>\n","protected":false},"author":1,"featured_media":0,"parent":0,"menu_order":0,"comment_status":"closed","ping_status":"closed","template":"","meta":{"site-sidebar-layout":"no-sidebar","site-content-layout":"","ast-site-content-layout":"full-width-container","site-content-style":"default","site-sidebar-style":"default","ast-global-header-display":"","ast-banner-title-visibility":"","ast-main-header-display":"","ast-hfb-above-header-display":"","ast-hfb-below-header-display":"","ast-hfb-mobile-header-display":"","site-post-title":"","ast-breadcrumbs-content":"","ast-featured-img":"disabled","footer-sml-layout":"","ast-disable-related-posts":"","theme-transparent-header-meta":"","adv-header-id-meta":"","stick-header-meta":"","header-above-stick-meta":"","header-main-stick-meta":"","header-below-stick-meta":"","astra-migrate-meta-layouts":"default","ast-page-background-enabled":"default","ast-page-background-meta":{"desktop":{"background-color":"var(--ast-global-color-5)","background-image":"","background-repeat":"repeat","background-position":"center center","background-size":"auto","background-attachment":"scroll","background-type":"","background-media":"","overlay-type":"","overlay-color":"","overlay-opacity":"","overlay-gradient":""},"tablet":{"background-color":"","background-image":"","background-repeat":"repeat","background-position":"center center","background-size":"auto","background-attachment":"scroll","background-type":"","background-media":"","overlay-type":"","overlay-color":"","overlay-opacity":"","overlay-gradient":""},"mobile":{"background-color":"","background-image":"","background-repeat":"repeat","background-position":"center center","background-size":"auto","background-attachment":"scroll","background-type":"","background-media":"","overlay-type":"","overlay-color":"","overlay-opacity":"","overlay-gradient":""}},"ast-content-background-meta":{"desktop":{"background-color":"var(--ast-global-color-4)","background-image":"","background-repeat":"repeat","background-position":"center center","background-size":"auto","background-attachment":"scroll","background-type":"","background-media":"","overlay-type":"","overlay-color":"","overlay-opacity":"","overlay-gradient":""},"tablet":{"background-color":"var(--ast-global-color-4)","background-image":"","background-repeat":"repeat","background-position":"center center","background-size":"auto","background-attachment":"scroll","background-type":"","background-media":"","overlay-type":"","overlay-color":"","overlay-opacity":"","overlay-gradient":""},"mobile":{"background-color":"var(--ast-global-color-4)","background-image":"","background-repeat":"repeat","background-position":"center center","background-size":"auto","background-attachment":"scroll","background-type":"","background-media":"","overlay-type":"","overlay-color":"","overlay-opacity":"","overlay-gradient":""}},"footnotes":""},"class_list":["post-2722","page","type-page","status-publish","hentry"],"_links":{"self":[{"href":"https:\/\/iota-society.com\/index.php\/wp-json\/wp\/v2\/pages\/2722","targetHints":{"allow":["GET"]}}],"collection":[{"href":"https:\/\/iota-society.com\/index.php\/wp-json\/wp\/v2\/pages"}],"about":[{"href":"https:\/\/iota-society.com\/index.php\/wp-json\/wp\/v2\/types\/page"}],"author":[{"embeddable":true,"href":"https:\/\/iota-society.com\/index.php\/wp-json\/wp\/v2\/users\/1"}],"replies":[{"embeddable":true,"href":"https:\/\/iota-society.com\/index.php\/wp-json\/wp\/v2\/comments?post=2722"}],"version-history":[{"count":10,"href":"https:\/\/iota-society.com\/index.php\/wp-json\/wp\/v2\/pages\/2722\/revisions"}],"predecessor-version":[{"id":2844,"href":"https:\/\/iota-society.com\/index.php\/wp-json\/wp\/v2\/pages\/2722\/revisions\/2844"}],"wp:attachment":[{"href":"https:\/\/iota-society.com\/index.php\/wp-json\/wp\/v2\/media?parent=2722"}],"curies":[{"name":"wp","href":"https:\/\/api.w.org\/{rel}","templated":true}]}}