{"id":2708,"date":"2026-01-11T15:26:49","date_gmt":"2026-01-11T15:26:49","guid":{"rendered":"https:\/\/iota-society.com\/?page_id=2708"},"modified":"2026-01-11T15:35:41","modified_gmt":"2026-01-11T15:35:41","slug":"profil-iota-normal-mon-voisin-totoro","status":"publish","type":"page","link":"https:\/\/iota-society.com\/index.php\/profil-iota-normal-mon-voisin-totoro\/","title":{"rendered":"Profil IOTA Normal &#8211; Mon voisin Totoro"},"content":{"rendered":"\t\t<div data-elementor-type=\"wp-page\" data-elementor-id=\"2708\" class=\"elementor elementor-2708\">\n\t\t\t\t<div class=\"elementor-element elementor-element-bd77059 e-flex e-con-boxed e-con e-parent\" data-id=\"bd77059\" data-element_type=\"container\" data-e-type=\"container\">\n\t\t\t\t\t<div class=\"e-con-inner\">\n\t\t\t\t<div class=\"elementor-element elementor-element-ccc3be9 elementor-widget elementor-widget-heading\" data-id=\"ccc3be9\" data-element_type=\"widget\" data-e-type=\"widget\" data-widget_type=\"heading.default\">\n\t\t\t\t\t<h2 class=\"elementor-heading-title elementor-size-default\">Mon voisin Totoro<\/h2>\t\t\t\t<\/div>\n\t\t\t\t<div class=\"elementor-element elementor-element-1f49dee elementor-widget elementor-widget-spacer\" data-id=\"1f49dee\" data-element_type=\"widget\" data-e-type=\"widget\" data-widget_type=\"spacer.default\">\n\t\t\t\t\t\t\t<div class=\"elementor-spacer\">\n\t\t\t<div class=\"elementor-spacer-inner\"><\/div>\n\t\t<\/div>\n\t\t\t\t\t\t<\/div>\n\t\t\t\t<div class=\"elementor-element elementor-element-d4b282e elementor-widget elementor-widget-text-editor\" data-id=\"d4b282e\" data-element_type=\"widget\" data-e-type=\"widget\" data-widget_type=\"text-editor.default\">\n\t\t\t\t\t\t\t\t\t<p>Chef d&rsquo;oeuvre de Hayao Miyazaki, ce personnage du studio Ghibli<\/p><p>\u00a0<\/p><p>\u00a0<\/p><p>et son anime nous transpose dans un univers onirique . Totoro est un esprit de la for\u00eat,<\/p><p>\u00a0<\/p><p>\u00a0<\/p><p>on retrouve ici une inspiration directe \u00e0\u00a0 l&rsquo;animisme o\u00f9 un animal totem ici une sorte<\/p><p>\u00a0<\/p><p>\u00a0<\/p><p>de gros nounours se pare de pouvoirs f\u00e9eriques sur la nature.<\/p><p>\u00a0<\/p><p>\u00a0<\/p><p>Son empathie envers la jeune fille qui le d\u00e9couvre et est la seule \u00e0 le voir renforce<\/p><p>\u00a0<\/p><p>\u00a0<\/p><p>le c\u00f4t\u00e9 spirituel avec une morale implacable sur le respect et la beaut\u00e9 de la Nature.<\/p>\t\t\t\t\t\t\t\t<\/div>\n\t\t\t\t<div class=\"elementor-element elementor-element-1cd80b4 elementor-widget elementor-widget-spacer\" data-id=\"1cd80b4\" data-element_type=\"widget\" data-e-type=\"widget\" data-widget_type=\"spacer.default\">\n\t\t\t\t\t\t\t<div class=\"elementor-spacer\">\n\t\t\t<div class=\"elementor-spacer-inner\"><\/div>\n\t\t<\/div>\n\t\t\t\t\t\t<\/div>\n\t\t\t\t\t<\/div>\n\t\t\t\t<\/div>\n\t\t<div class=\"elementor-element elementor-element-32846da e-flex e-con-boxed e-con e-parent\" data-id=\"32846da\" data-element_type=\"container\" data-e-type=\"container\">\n\t\t\t\t\t<div class=\"e-con-inner\">\n\t\t\t\t<div class=\"elementor-element elementor-element-efe7901 elementor-widget elementor-widget-image\" data-id=\"efe7901\" data-element_type=\"widget\" data-e-type=\"widget\" data-widget_type=\"image.default\">\n\t\t\t\t\t\t\t\t\t\t\t\t\t\t\t<img fetchpriority=\"high\" decoding=\"async\" width=\"1024\" height=\"1024\" src=\"https:\/\/iota-society.com\/wp-content\/uploads\/2026\/01\/T-N.png\" class=\"attachment-large size-large wp-image-2686\" alt=\"\" srcset=\"https:\/\/iota-society.com\/wp-content\/uploads\/2026\/01\/T-N.png 1024w, https:\/\/iota-society.com\/wp-content\/uploads\/2026\/01\/T-N-300x300.png 300w, https:\/\/iota-society.com\/wp-content\/uploads\/2026\/01\/T-N-150x150.png 150w, https:\/\/iota-society.com\/wp-content\/uploads\/2026\/01\/T-N-768x768.png 768w\" sizes=\"(max-width: 1024px) 100vw, 1024px\" \/>\t\t\t\t\t\t\t\t\t\t\t\t\t\t\t<\/div>\n\t\t\t\t\t<\/div>\n\t\t\t\t<\/div>\n\t\t\t\t<\/div>\n\t\t","protected":false},"excerpt":{"rendered":"<p>Mon voisin Totoro Chef d&rsquo;oeuvre de Hayao Miyazaki, ce personnage du studio Ghibli \u00a0 \u00a0 et son anime nous transpose [&hellip;]<\/p>\n","protected":false},"author":1,"featured_media":0,"parent":0,"menu_order":0,"comment_status":"closed","ping_status":"closed","template":"","meta":{"site-sidebar-layout":"no-sidebar","site-content-layout":"","ast-site-content-layout":"full-width-container","site-content-style":"default","site-sidebar-style":"default","ast-global-header-display":"","ast-banner-title-visibility":"","ast-main-header-display":"","ast-hfb-above-header-display":"","ast-hfb-below-header-display":"","ast-hfb-mobile-header-display":"","site-post-title":"","ast-breadcrumbs-content":"","ast-featured-img":"disabled","footer-sml-layout":"","ast-disable-related-posts":"","theme-transparent-header-meta":"","adv-header-id-meta":"","stick-header-meta":"","header-above-stick-meta":"","header-main-stick-meta":"","header-below-stick-meta":"","astra-migrate-meta-layouts":"default","ast-page-background-enabled":"default","ast-page-background-meta":{"desktop":{"background-color":"var(--ast-global-color-5)","background-image":"","background-repeat":"repeat","background-position":"center center","background-size":"auto","background-attachment":"scroll","background-type":"","background-media":"","overlay-type":"","overlay-color":"","overlay-opacity":"","overlay-gradient":""},"tablet":{"background-color":"","background-image":"","background-repeat":"repeat","background-position":"center center","background-size":"auto","background-attachment":"scroll","background-type":"","background-media":"","overlay-type":"","overlay-color":"","overlay-opacity":"","overlay-gradient":""},"mobile":{"background-color":"","background-image":"","background-repeat":"repeat","background-position":"center center","background-size":"auto","background-attachment":"scroll","background-type":"","background-media":"","overlay-type":"","overlay-color":"","overlay-opacity":"","overlay-gradient":""}},"ast-content-background-meta":{"desktop":{"background-color":"var(--ast-global-color-4)","background-image":"","background-repeat":"repeat","background-position":"center center","background-size":"auto","background-attachment":"scroll","background-type":"","background-media":"","overlay-type":"","overlay-color":"","overlay-opacity":"","overlay-gradient":""},"tablet":{"background-color":"var(--ast-global-color-4)","background-image":"","background-repeat":"repeat","background-position":"center center","background-size":"auto","background-attachment":"scroll","background-type":"","background-media":"","overlay-type":"","overlay-color":"","overlay-opacity":"","overlay-gradient":""},"mobile":{"background-color":"var(--ast-global-color-4)","background-image":"","background-repeat":"repeat","background-position":"center center","background-size":"auto","background-attachment":"scroll","background-type":"","background-media":"","overlay-type":"","overlay-color":"","overlay-opacity":"","overlay-gradient":""}},"footnotes":""},"class_list":["post-2708","page","type-page","status-publish","hentry"],"_links":{"self":[{"href":"https:\/\/iota-society.com\/index.php\/wp-json\/wp\/v2\/pages\/2708","targetHints":{"allow":["GET"]}}],"collection":[{"href":"https:\/\/iota-society.com\/index.php\/wp-json\/wp\/v2\/pages"}],"about":[{"href":"https:\/\/iota-society.com\/index.php\/wp-json\/wp\/v2\/types\/page"}],"author":[{"embeddable":true,"href":"https:\/\/iota-society.com\/index.php\/wp-json\/wp\/v2\/users\/1"}],"replies":[{"embeddable":true,"href":"https:\/\/iota-society.com\/index.php\/wp-json\/wp\/v2\/comments?post=2708"}],"version-history":[{"count":13,"href":"https:\/\/iota-society.com\/index.php\/wp-json\/wp\/v2\/pages\/2708\/revisions"}],"predecessor-version":[{"id":2721,"href":"https:\/\/iota-society.com\/index.php\/wp-json\/wp\/v2\/pages\/2708\/revisions\/2721"}],"wp:attachment":[{"href":"https:\/\/iota-society.com\/index.php\/wp-json\/wp\/v2\/media?parent=2708"}],"curies":[{"name":"wp","href":"https:\/\/api.w.org\/{rel}","templated":true}]}}