{"id":2189,"date":"2026-01-08T16:04:37","date_gmt":"2026-01-08T16:04:37","guid":{"rendered":"https:\/\/iota-society.com\/?page_id=2189"},"modified":"2026-01-20T16:07:37","modified_gmt":"2026-01-20T16:07:37","slug":"test-de-qi-normal-item-91","status":"publish","type":"page","link":"https:\/\/iota-society.com\/index.php\/test-de-qi-normal-item-91\/","title":{"rendered":"Test de qi normal item 91"},"content":{"rendered":"\t\t<div data-elementor-type=\"wp-page\" data-elementor-id=\"2189\" class=\"elementor elementor-2189\">\n\t\t\t\t<div class=\"elementor-element elementor-element-40244b4 e-flex e-con-boxed e-con e-parent\" data-id=\"40244b4\" data-element_type=\"container\" data-e-type=\"container\">\n\t\t\t\t\t<div class=\"e-con-inner\">\n\t\t\t\t<div class=\"elementor-element elementor-element-70a5638 elementor-widget elementor-widget-heading\" data-id=\"70a5638\" data-element_type=\"widget\" data-e-type=\"widget\" data-widget_type=\"heading.default\">\n\t\t\t\t\t<h2 class=\"elementor-heading-title elementor-size-default\">Test de domino item 91<\/h2>\t\t\t\t<\/div>\n\t\t\t\t<div class=\"elementor-element elementor-element-14e27a8 elementor-widget elementor-widget-spacer\" data-id=\"14e27a8\" data-element_type=\"widget\" data-e-type=\"widget\" data-widget_type=\"spacer.default\">\n\t\t\t\t\t\t\t<div class=\"elementor-spacer\">\n\t\t\t<div class=\"elementor-spacer-inner\"><\/div>\n\t\t<\/div>\n\t\t\t\t\t\t<\/div>\n\t\t\t\t<div class=\"elementor-element elementor-element-711a287 elementor-widget elementor-widget-text-editor\" data-id=\"711a287\" data-element_type=\"widget\" data-e-type=\"widget\" data-widget_type=\"text-editor.default\">\n\t\t\t\t\t\t\t\t\t<p><em data-start=\"1082\" data-end=\"1172\">Ce subtest propose d\u2019analyser des structures symboliques <\/em><\/p><p>\u00a0<\/p><p>\u00a0<\/p><p><em data-start=\"1082\" data-end=\"1172\">afin d\u2019en anticiper la logique.<\/em><\/p><p>\u00a0<\/p><p>\u00a0<\/p><p>\u00a0<\/p><p><em data-start=\"1177\" data-end=\"1267\">Il mobilise le raisonnement logique et la manipulation mentale, sans vis\u00e9e diagnostique.<\/em><\/p>\t\t\t\t\t\t\t\t<\/div>\n\t\t\t\t<div class=\"elementor-element elementor-element-5b39690 elementor-widget elementor-widget-spacer\" data-id=\"5b39690\" data-element_type=\"widget\" data-e-type=\"widget\" data-widget_type=\"spacer.default\">\n\t\t\t\t\t\t\t<div class=\"elementor-spacer\">\n\t\t\t<div class=\"elementor-spacer-inner\"><\/div>\n\t\t<\/div>\n\t\t\t\t\t\t<\/div>\n\t\t\t\t\t<\/div>\n\t\t\t\t<\/div>\n\t\t<div class=\"elementor-element elementor-element-a8bc24a e-flex e-con-boxed e-con e-parent\" data-id=\"a8bc24a\" data-element_type=\"container\" data-e-type=\"container\">\n\t\t\t\t\t<div class=\"e-con-inner\">\n\t\t\t\t<div class=\"elementor-element elementor-element-b33de5d elementor-widget elementor-widget-text-editor\" data-id=\"b33de5d\" data-element_type=\"widget\" data-e-type=\"widget\" data-widget_type=\"text-editor.default\">\n\t\t\t\t\t\t\t\t\t<p>Trouvez le domino qui poursuit la suite logiquement .<\/p>\t\t\t\t\t\t\t\t<\/div>\n\t\t\t\t<div class=\"elementor-element elementor-element-35b5365 elementor-widget elementor-widget-spacer\" data-id=\"35b5365\" data-element_type=\"widget\" data-e-type=\"widget\" data-widget_type=\"spacer.default\">\n\t\t\t\t\t\t\t<div class=\"elementor-spacer\">\n\t\t\t<div class=\"elementor-spacer-inner\"><\/div>\n\t\t<\/div>\n\t\t\t\t\t\t<\/div>\n\t\t<div class=\"elementor-element elementor-element-e70b420 e-grid e-con-full e-con e-child\" data-id=\"e70b420\" data-element_type=\"container\" data-e-type=\"container\">\n\t\t\t\t<div class=\"elementor-element elementor-element-eb62934 elementor-widget elementor-widget-image\" data-id=\"eb62934\" data-element_type=\"widget\" data-e-type=\"widget\" data-widget_type=\"image.default\">\n\t\t\t\t\t\t\t\t\t\t\t\t\t\t\t<img fetchpriority=\"high\" decoding=\"async\" width=\"800\" height=\"516\" src=\"https:\/\/iota-society.com\/wp-content\/uploads\/2026\/01\/Domino-1-3-1.png\" class=\"attachment-large size-large wp-image-2403\" alt=\"\" srcset=\"https:\/\/iota-society.com\/wp-content\/uploads\/2026\/01\/Domino-1-3-1.png 800w, https:\/\/iota-society.com\/wp-content\/uploads\/2026\/01\/Domino-1-3-1-300x194.png 300w, https:\/\/iota-society.com\/wp-content\/uploads\/2026\/01\/Domino-1-3-1-768x495.png 768w\" sizes=\"(max-width: 800px) 100vw, 800px\" \/>\t\t\t\t\t\t\t\t\t\t\t\t\t\t\t<\/div>\n\t\t\t\t<div class=\"elementor-element elementor-element-6b60af2 elementor-widget elementor-widget-image\" data-id=\"6b60af2\" data-element_type=\"widget\" data-e-type=\"widget\" data-widget_type=\"image.default\">\n\t\t\t\t\t\t\t\t\t\t\t\t\t\t\t<img decoding=\"async\" width=\"800\" height=\"516\" src=\"https:\/\/iota-society.com\/wp-content\/uploads\/2026\/01\/Domino-2-3.png\" class=\"attachment-large size-large wp-image-2438\" alt=\"\" srcset=\"https:\/\/iota-society.com\/wp-content\/uploads\/2026\/01\/Domino-2-3.png 800w, https:\/\/iota-society.com\/wp-content\/uploads\/2026\/01\/Domino-2-3-300x194.png 300w, https:\/\/iota-society.com\/wp-content\/uploads\/2026\/01\/Domino-2-3-768x495.png 768w\" sizes=\"(max-width: 800px) 100vw, 800px\" \/>\t\t\t\t\t\t\t\t\t\t\t\t\t\t\t<\/div>\n\t\t\t\t<div class=\"elementor-element elementor-element-90bc9e7 elementor-widget elementor-widget-image\" data-id=\"90bc9e7\" data-element_type=\"widget\" data-e-type=\"widget\" data-widget_type=\"image.default\">\n\t\t\t\t\t\t\t\t\t\t\t\t\t\t\t<img decoding=\"async\" width=\"800\" height=\"516\" src=\"https:\/\/iota-society.com\/wp-content\/uploads\/2026\/01\/Domino-3-3.png\" class=\"attachment-large size-large wp-image-2429\" alt=\"\" srcset=\"https:\/\/iota-society.com\/wp-content\/uploads\/2026\/01\/Domino-3-3.png 800w, https:\/\/iota-society.com\/wp-content\/uploads\/2026\/01\/Domino-3-3-300x194.png 300w, https:\/\/iota-society.com\/wp-content\/uploads\/2026\/01\/Domino-3-3-768x495.png 768w\" sizes=\"(max-width: 800px) 100vw, 800px\" \/>\t\t\t\t\t\t\t\t\t\t\t\t\t\t\t<\/div>\n\t\t\t\t<div class=\"elementor-element elementor-element-4a1244c elementor-widget elementor-widget-image\" data-id=\"4a1244c\" data-element_type=\"widget\" data-e-type=\"widget\" data-widget_type=\"image.default\">\n\t\t\t\t\t\t\t\t\t\t\t\t\t\t\t<img loading=\"lazy\" decoding=\"async\" width=\"800\" height=\"400\" src=\"https:\/\/iota-society.com\/wp-content\/uploads\/2026\/01\/domino_question_big.png\" class=\"attachment-large size-large wp-image-2449\" alt=\"\" srcset=\"https:\/\/iota-society.com\/wp-content\/uploads\/2026\/01\/domino_question_big.png 800w, https:\/\/iota-society.com\/wp-content\/uploads\/2026\/01\/domino_question_big-300x150.png 300w, https:\/\/iota-society.com\/wp-content\/uploads\/2026\/01\/domino_question_big-768x384.png 768w\" sizes=\"(max-width: 800px) 100vw, 800px\" \/>\t\t\t\t\t\t\t\t\t\t\t\t\t\t\t<\/div>\n\t\t\t\t<div class=\"elementor-element elementor-element-5392b8c elementor-widget elementor-widget-spacer\" data-id=\"5392b8c\" data-element_type=\"widget\" data-e-type=\"widget\" data-widget_type=\"spacer.default\">\n\t\t\t\t\t\t\t<div class=\"elementor-spacer\">\n\t\t\t<div class=\"elementor-spacer-inner\"><\/div>\n\t\t<\/div>\n\t\t\t\t\t\t<\/div>\n\t\t\t\t<\/div>\n\t\t\t\t\t<\/div>\n\t\t\t\t<\/div>\n\t\t<div class=\"elementor-element elementor-element-4221838 e-flex e-con-boxed e-con e-parent\" data-id=\"4221838\" data-element_type=\"container\" data-e-type=\"container\">\n\t\t\t\t\t<div class=\"e-con-inner\">\n\t\t\t\t<div class=\"elementor-element elementor-element-9bb1cba elementor-widget elementor-widget-text-editor\" data-id=\"9bb1cba\" data-element_type=\"widget\" data-e-type=\"widget\" data-widget_type=\"text-editor.default\">\n\t\t\t\t\t\t\t\t\t<p>R\u00e9pondre par des nombres de 0 \u00e0 6 sous la forme suivante par exemple 6 6<\/p>\t\t\t\t\t\t\t\t<\/div>\n\t\t\t\t\t<\/div>\n\t\t\t\t<\/div>\n\t\t<div class=\"elementor-element elementor-element-b3bf681 e-flex e-con-boxed e-con e-parent\" data-id=\"b3bf681\" data-element_type=\"container\" data-e-type=\"container\">\n\t\t\t\t\t<div class=\"e-con-inner\">\n\t\t\t\t<div class=\"elementor-element elementor-element-0d96230 elementor-widget elementor-widget-formidable\" data-id=\"0d96230\" data-element_type=\"widget\" data-e-type=\"widget\" data-widget_type=\"formidable.default\">\n\t\t\t\t<div class=\"elementor-widget-container\">\n\t\t\t\t\t<div class=\"frm_forms  with_frm_style frm_style_style-formidable\" id=\"frm_form_112_container\" data-token=\"f23294f3fe90d11c4f8282c8a58b021e\">\n<form enctype=\"multipart\/form-data\" method=\"post\" class=\"frm-show-form \" id=\"form_f8h3p\" data-token=\"f23294f3fe90d11c4f8282c8a58b021e\">\n<div class=\"frm_form_fields \">\n<fieldset>\n<legend class=\"frm_screen_reader\">item 91<\/legend>\r\n\r\n<div class=\"frm_fields_container\">\n<input type=\"hidden\" name=\"frm_action\" value=\"create\" \/>\n<input type=\"hidden\" name=\"form_id\" value=\"112\" \/>\n<input type=\"hidden\" name=\"frm_hide_fields_112\" id=\"frm_hide_fields_112\" value=\"\" \/>\n<input type=\"hidden\" name=\"form_key\" value=\"f8h3p\" \/>\n<input type=\"hidden\" name=\"item_meta[0]\" value=\"\" \/>\n<input type=\"hidden\" id=\"frm_submit_entry_112\" name=\"frm_submit_entry_112\" value=\"43c7f6bb6a\" \/><input type=\"hidden\" name=\"_wp_http_referer\" value=\"\/index.php\/wp-json\/wp\/v2\/pages\/2189\" \/><div id=\"frm_field_235_container\" class=\"frm_form_field form-field  frm_top_container\">\r\n\t<label for=\"field_rk7js\" id=\"field_rk7js_label\" class=\"frm_primary_label\">Ecrivez sous forme de nombre le domino correct avec un espace seulement entre les deux \r\n\t\t<span class=\"frm_required\" aria-hidden=\"true\"><\/span>\r\n\t<\/label>\r\n\t<input type=\"text\" id=\"field_rk7js\" name=\"item_meta[235]\" value=\"\"  data-invmsg=\"Ecrivez sous forme de nombre le domino correct avec un espace seulement entre les deux  est non valide\" aria-invalid=\"false\"  \/>\r\n\t\r\n\t\r\n<\/div>\n<div id=\"frm_field_234_container\" class=\"frm_form_field form-field \">\r\n\t<div class=\"frm_submit frm_flex\">\r\n<button class=\"frm_button_submit\" type=\"submit\"  >Envoyer<\/button>\r\n\r\n\r\n\r\n<\/div>\r\n<\/div>\n\t<input type=\"hidden\" name=\"item_key\" value=\"\" \/>\n\t\t\t<div id=\"frm_field_257_container\">\n\t\t\t<label for=\"field_1ggty\" >\n\t\t\t\tSi vous \u00eates un humain, ne remplissez pas ce champ.\t\t\t<\/label>\n\t\t\t<input  id=\"field_1ggty\" type=\"text\" class=\"frm_form_field form-field frm_verify\" name=\"item_meta[257]\" value=\"\"  \/>\n\t\t<\/div>\n\t\t<input name=\"frm_state\" type=\"hidden\" value=\"sMTuaVT0ASMTylgqFZmvAFhv\/iqvyCzGE7Hs63ervBY=\" \/><\/div>\n<\/fieldset>\n<\/div>\n\n<\/form>\n<\/div>\n\t\t\t\t<\/div>\n\t\t\t\t<\/div>\n\t\t\t\t\t<\/div>\n\t\t\t\t<\/div>\n\t\t<div class=\"elementor-element elementor-element-94e3b83 e-flex e-con-boxed e-con e-parent\" data-id=\"94e3b83\" data-element_type=\"container\" data-e-type=\"container\">\n\t\t\t\t\t<div class=\"e-con-inner\">\n\t\t\t\t<div class=\"elementor-element elementor-element-c0cad0c elementor-widget elementor-widget-image\" data-id=\"c0cad0c\" data-element_type=\"widget\" data-e-type=\"widget\" data-widget_type=\"image.default\">\n\t\t\t\t\t\t\t\t\t\t\t\t\t\t\t<img loading=\"lazy\" decoding=\"async\" width=\"683\" height=\"1024\" src=\"https:\/\/iota-society.com\/wp-content\/uploads\/2026\/01\/D-81-683x1024.png\" class=\"attachment-large size-large wp-image-2552\" alt=\"\" srcset=\"https:\/\/iota-society.com\/wp-content\/uploads\/2026\/01\/D-81-683x1024.png 683w, https:\/\/iota-society.com\/wp-content\/uploads\/2026\/01\/D-81-200x300.png 200w, https:\/\/iota-society.com\/wp-content\/uploads\/2026\/01\/D-81-768x1152.png 768w, https:\/\/iota-society.com\/wp-content\/uploads\/2026\/01\/D-81.png 1024w\" sizes=\"(max-width: 683px) 100vw, 683px\" \/>\t\t\t\t\t\t\t\t\t\t\t\t\t\t\t<\/div>\n\t\t\t\t\t<\/div>\n\t\t\t\t<\/div>\n\t\t<div class=\"elementor-element elementor-element-9a3db84 e-flex e-con-boxed e-con e-parent\" data-id=\"9a3db84\" data-element_type=\"container\" data-e-type=\"container\">\n\t\t\t\t\t<div class=\"e-con-inner\">\n\t\t\t\t<div class=\"elementor-element elementor-element-0b07fbd elementor-widget elementor-widget-html\" data-id=\"0b07fbd\" data-element_type=\"widget\" data-e-type=\"widget\" data-widget_type=\"html.default\">\n\t\t\t\t\t<script>\r\n(function(){\r\n  const KEY=\"iota_dominos_score\", ITEM=91, GOOD=[\"4 3\"];\r\n  const DONE_KEY=\"iota_done_\"+ITEM;\r\n\r\n  const norm = s => (s||\"\")\r\n    .toString()\r\n    .trim()\r\n    .toLowerCase()\r\n    .replace(\/[^0-9a-z]+\/g,\" \")\r\n    .replace(\/\\s+\/g,\" \")\r\n    .trim();\r\n\r\n  const getInt = k => {\r\n    const n = parseInt(localStorage.getItem(k) || \"0\", 10);\r\n    return Number.isFinite(n) ? n : 0;\r\n  };\r\n\r\n  \/\/ D\u00e9tecte le champ \"r\u00e9ponse\" de fa\u00e7on robuste dans un formulaire CF7\r\n  const findField = f => {\r\n    const els = f.querySelectorAll(\"input,textarea,select\");\r\n    for (const el of els) {\r\n      if (el.disabled) continue;\r\n      const tag = (el.tagName||\"\").toUpperCase();\r\n      const type = (el.type||\"\").toLowerCase();\r\n      const name = (el.name||\"\").toLowerCase();\r\n\r\n      \/\/ Ignore les champs CF7 techniques + trucs \u00e9vidents\r\n      if (type === \"hidden\") continue;\r\n      if ([\"submit\",\"button\",\"reset\",\"file\",\"checkbox\",\"radio\"].includes(type)) continue;\r\n      if (name.includes(\"_wpcf7\") || name.includes(\"g-recaptcha\") || name.includes(\"recaptcha\")) continue;\r\n\r\n      \/\/ Prend textarea\/select en priorit\u00e9, sinon input texte-like\r\n      if (tag === \"TEXTAREA\" || tag === \"SELECT\") return el;\r\n      if (tag === \"INPUT\" && [\"text\",\"number\",\"tel\",\"search\",\"email\",\"url\"].includes(type)) return el;\r\n    }\r\n    \/\/ fallback\r\n    return f.querySelector(\"textarea, input[type='text'], input[type='search'], input[type='tel'], input[type='number'], input[type='email'], input[type='url']\");\r\n  };\r\n\r\n  document.addEventListener(\"submit\", function(e){\r\n    const f = e.target;\r\n    if (!f || !f.querySelector) return;\r\n\r\n    \/\/ Anti double-comptage: si la cl\u00e9 existe d\u00e9j\u00e0 (0 ou 1), on ne recompte pas\r\n    if (localStorage.getItem(DONE_KEY) !== null) return;\r\n\r\n    const field = findField(f);\r\n    if (!field) return;\r\n\r\n    const user = norm(field.value);\r\n    const goodSet = new Set(GOOD.map(norm));\r\n    const ok = goodSet.has(user);\r\n\r\n    if (ok) localStorage.setItem(KEY, String(getInt(KEY) + 1));\r\n\r\n    \/\/ IMPORTANT: on marque done m\u00eame si faux (pour emp\u00eacher double submit)\r\n    localStorage.setItem(DONE_KEY, ok ? \"1\" : \"0\");\r\n  }, true);\r\n})();\r\n<\/script>\r\n\t\t\t\t<\/div>\n\t\t\t\t\t<\/div>\n\t\t\t\t<\/div>\n\t\t\t\t<\/div>\n\t\t","protected":false},"excerpt":{"rendered":"<p>Test de domino item 91 Ce subtest propose d\u2019analyser des structures symboliques \u00a0 \u00a0 afin d\u2019en anticiper la logique. \u00a0 [&hellip;]<\/p>\n","protected":false},"author":1,"featured_media":0,"parent":0,"menu_order":0,"comment_status":"closed","ping_status":"closed","template":"","meta":{"site-sidebar-layout":"no-sidebar","site-content-layout":"","ast-site-content-layout":"full-width-container","site-content-style":"default","site-sidebar-style":"default","ast-global-header-display":"","ast-banner-title-visibility":"","ast-main-header-display":"","ast-hfb-above-header-display":"","ast-hfb-below-header-display":"","ast-hfb-mobile-header-display":"","site-post-title":"","ast-breadcrumbs-content":"","ast-featured-img":"disabled","footer-sml-layout":"","ast-disable-related-posts":"","theme-transparent-header-meta":"","adv-header-id-meta":"","stick-header-meta":"","header-above-stick-meta":"","header-main-stick-meta":"","header-below-stick-meta":"","astra-migrate-meta-layouts":"default","ast-page-background-enabled":"default","ast-page-background-meta":{"desktop":{"background-color":"var(--ast-global-color-5)","background-image":"","background-repeat":"repeat","background-position":"center center","background-size":"auto","background-attachment":"scroll","background-type":"","background-media":"","overlay-type":"","overlay-color":"","overlay-opacity":"","overlay-gradient":""},"tablet":{"background-color":"","background-image":"","background-repeat":"repeat","background-position":"center center","background-size":"auto","background-attachment":"scroll","background-type":"","background-media":"","overlay-type":"","overlay-color":"","overlay-opacity":"","overlay-gradient":""},"mobile":{"background-color":"","background-image":"","background-repeat":"repeat","background-position":"center center","background-size":"auto","background-attachment":"scroll","background-type":"","background-media":"","overlay-type":"","overlay-color":"","overlay-opacity":"","overlay-gradient":""}},"ast-content-background-meta":{"desktop":{"background-color":"var(--ast-global-color-4)","background-image":"","background-repeat":"repeat","background-position":"center center","background-size":"auto","background-attachment":"scroll","background-type":"","background-media":"","overlay-type":"","overlay-color":"","overlay-opacity":"","overlay-gradient":""},"tablet":{"background-color":"var(--ast-global-color-4)","background-image":"","background-repeat":"repeat","background-position":"center center","background-size":"auto","background-attachment":"scroll","background-type":"","background-media":"","overlay-type":"","overlay-color":"","overlay-opacity":"","overlay-gradient":""},"mobile":{"background-color":"var(--ast-global-color-4)","background-image":"","background-repeat":"repeat","background-position":"center center","background-size":"auto","background-attachment":"scroll","background-type":"","background-media":"","overlay-type":"","overlay-color":"","overlay-opacity":"","overlay-gradient":""}},"footnotes":""},"class_list":["post-2189","page","type-page","status-publish","hentry"],"_links":{"self":[{"href":"https:\/\/iota-society.com\/index.php\/wp-json\/wp\/v2\/pages\/2189","targetHints":{"allow":["GET"]}}],"collection":[{"href":"https:\/\/iota-society.com\/index.php\/wp-json\/wp\/v2\/pages"}],"about":[{"href":"https:\/\/iota-society.com\/index.php\/wp-json\/wp\/v2\/types\/page"}],"author":[{"embeddable":true,"href":"https:\/\/iota-society.com\/index.php\/wp-json\/wp\/v2\/users\/1"}],"replies":[{"embeddable":true,"href":"https:\/\/iota-society.com\/index.php\/wp-json\/wp\/v2\/comments?post=2189"}],"version-history":[{"count":59,"href":"https:\/\/iota-society.com\/index.php\/wp-json\/wp\/v2\/pages\/2189\/revisions"}],"predecessor-version":[{"id":3669,"href":"https:\/\/iota-society.com\/index.php\/wp-json\/wp\/v2\/pages\/2189\/revisions\/3669"}],"wp:attachment":[{"href":"https:\/\/iota-society.com\/index.php\/wp-json\/wp\/v2\/media?parent=2189"}],"curies":[{"name":"wp","href":"https:\/\/api.w.org\/{rel}","templated":true}]}}