{"id":1903,"date":"2026-01-03T17:33:47","date_gmt":"2026-01-03T17:33:47","guid":{"rendered":"https:\/\/iota-society.com\/?page_id=1903"},"modified":"2026-01-03T17:39:32","modified_gmt":"2026-01-03T17:39:32","slug":"profil-iota-free-sherlock-holmes","status":"publish","type":"page","link":"https:\/\/iota-society.com\/index.php\/profil-iota-free-sherlock-holmes\/","title":{"rendered":"Profil IOTA Free &#8211; Sherlock Holmes"},"content":{"rendered":"\t\t<div data-elementor-type=\"wp-page\" data-elementor-id=\"1903\" class=\"elementor elementor-1903\">\n\t\t\t\t<div class=\"elementor-element elementor-element-915a135 e-flex e-con-boxed e-con e-parent\" data-id=\"915a135\" data-element_type=\"container\" data-e-type=\"container\">\n\t\t\t\t\t<div class=\"e-con-inner\">\n\t\t\t\t<div class=\"elementor-element elementor-element-c522004 elementor-widget elementor-widget-heading\" data-id=\"c522004\" data-element_type=\"widget\" data-e-type=\"widget\" data-widget_type=\"heading.default\">\n\t\t\t\t\t<h2 class=\"elementor-heading-title elementor-size-default\">Sherlock Holmes<\/h2>\t\t\t\t<\/div>\n\t\t\t\t<div class=\"elementor-element elementor-element-e67d445 elementor-widget elementor-widget-spacer\" data-id=\"e67d445\" data-element_type=\"widget\" data-e-type=\"widget\" data-widget_type=\"spacer.default\">\n\t\t\t\t\t\t\t<div class=\"elementor-spacer\">\n\t\t\t<div class=\"elementor-spacer-inner\"><\/div>\n\t\t<\/div>\n\t\t\t\t\t\t<\/div>\n\t\t\t\t<div class=\"elementor-element elementor-element-1aaf405 elementor-widget elementor-widget-text-editor\" data-id=\"1aaf405\" data-element_type=\"widget\" data-e-type=\"widget\" data-widget_type=\"text-editor.default\">\n\t\t\t\t\t\t\t\t\t<p>Ce personnage de Conan doyle est l&rsquo;arch\u00e9type de l&rsquo;enqu\u00eateur .<\/p><p>\u00a0<\/p><p>\u00a0<\/p><p>Perspicace, logique et rationnel il d\u00e9cortique une \u00e0 une les \u00e9nigmes\u00a0<\/p><p>\u00a0<\/p><p>\u00a0<\/p><p>p\u00eale m\u00eale au fur et \u00e0 mesure de ses p\u00e9r\u00e9grinations.<\/p><p>\u00a0<\/p><p>\u00a0<\/p><p>\u00a0<\/p><p>Accompagn\u00e9 de son fid\u00e8le acolyte le Dr watson il forme un des duos<\/p><p>\u00a0<\/p><p>\u00a0<\/p><p>les plus c\u00e9l\u00e8bres de la litt\u00e9rature.<\/p><p>\u00a0<\/p><p>\u00a0<\/p><p>Dans l&rsquo;inconscient collectif Sherlock Holmes repr\u00e9sente l&rsquo;intelligence par excellence.<\/p><p>\u00a0<\/p><p>\u00a0<\/p><p>Dou\u00e9 dans tous les domaines, il r\u00e9ussit \u00e0 d\u00e9jouer tous les pi\u00e8ges les plus retors<\/p><p>\u00a0<\/p><p>\u00a0<\/p><p>gr\u00e2ce \u00e0 sa rigueur et sa tenacit\u00e9.<\/p>\t\t\t\t\t\t\t\t<\/div>\n\t\t\t\t<div class=\"elementor-element elementor-element-cf6f1fc elementor-widget elementor-widget-image\" data-id=\"cf6f1fc\" data-element_type=\"widget\" data-e-type=\"widget\" data-widget_type=\"image.default\">\n\t\t\t\t\t\t\t\t\t\t\t\t\t\t\t<img fetchpriority=\"high\" decoding=\"async\" width=\"683\" height=\"1024\" src=\"https:\/\/iota-society.com\/wp-content\/uploads\/2026\/01\/test-de-qi-free-nv-6-683x1024.png\" class=\"attachment-large size-large wp-image-1870\" alt=\"\" srcset=\"https:\/\/iota-society.com\/wp-content\/uploads\/2026\/01\/test-de-qi-free-nv-6-683x1024.png 683w, https:\/\/iota-society.com\/wp-content\/uploads\/2026\/01\/test-de-qi-free-nv-6-200x300.png 200w, https:\/\/iota-society.com\/wp-content\/uploads\/2026\/01\/test-de-qi-free-nv-6-768x1152.png 768w, https:\/\/iota-society.com\/wp-content\/uploads\/2026\/01\/test-de-qi-free-nv-6.png 1024w\" sizes=\"(max-width: 683px) 100vw, 683px\" \/>\t\t\t\t\t\t\t\t\t\t\t\t\t\t\t<\/div>\n\t\t\t\t\t<\/div>\n\t\t\t\t<\/div>\n\t\t\t\t<\/div>\n\t\t","protected":false},"excerpt":{"rendered":"<p>Sherlock Holmes Ce personnage de Conan doyle est l&rsquo;arch\u00e9type de l&rsquo;enqu\u00eateur . \u00a0 \u00a0 Perspicace, logique et rationnel il d\u00e9cortique [&hellip;]<\/p>\n","protected":false},"author":1,"featured_media":0,"parent":0,"menu_order":0,"comment_status":"closed","ping_status":"closed","template":"","meta":{"site-sidebar-layout":"no-sidebar","site-content-layout":"","ast-site-content-layout":"full-width-container","site-content-style":"default","site-sidebar-style":"default","ast-global-header-display":"","ast-banner-title-visibility":"","ast-main-header-display":"","ast-hfb-above-header-display":"","ast-hfb-below-header-display":"","ast-hfb-mobile-header-display":"","site-post-title":"","ast-breadcrumbs-content":"","ast-featured-img":"disabled","footer-sml-layout":"","ast-disable-related-posts":"","theme-transparent-header-meta":"","adv-header-id-meta":"","stick-header-meta":"","header-above-stick-meta":"","header-main-stick-meta":"","header-below-stick-meta":"","astra-migrate-meta-layouts":"default","ast-page-background-enabled":"default","ast-page-background-meta":{"desktop":{"background-color":"var(--ast-global-color-5)","background-image":"","background-repeat":"repeat","background-position":"center center","background-size":"auto","background-attachment":"scroll","background-type":"","background-media":"","overlay-type":"","overlay-color":"","overlay-opacity":"","overlay-gradient":""},"tablet":{"background-color":"","background-image":"","background-repeat":"repeat","background-position":"center center","background-size":"auto","background-attachment":"scroll","background-type":"","background-media":"","overlay-type":"","overlay-color":"","overlay-opacity":"","overlay-gradient":""},"mobile":{"background-color":"","background-image":"","background-repeat":"repeat","background-position":"center center","background-size":"auto","background-attachment":"scroll","background-type":"","background-media":"","overlay-type":"","overlay-color":"","overlay-opacity":"","overlay-gradient":""}},"ast-content-background-meta":{"desktop":{"background-color":"var(--ast-global-color-4)","background-image":"","background-repeat":"repeat","background-position":"center center","background-size":"auto","background-attachment":"scroll","background-type":"","background-media":"","overlay-type":"","overlay-color":"","overlay-opacity":"","overlay-gradient":""},"tablet":{"background-color":"var(--ast-global-color-4)","background-image":"","background-repeat":"repeat","background-position":"center center","background-size":"auto","background-attachment":"scroll","background-type":"","background-media":"","overlay-type":"","overlay-color":"","overlay-opacity":"","overlay-gradient":""},"mobile":{"background-color":"var(--ast-global-color-4)","background-image":"","background-repeat":"repeat","background-position":"center center","background-size":"auto","background-attachment":"scroll","background-type":"","background-media":"","overlay-type":"","overlay-color":"","overlay-opacity":"","overlay-gradient":""}},"footnotes":""},"class_list":["post-1903","page","type-page","status-publish","hentry"],"_links":{"self":[{"href":"https:\/\/iota-society.com\/index.php\/wp-json\/wp\/v2\/pages\/1903","targetHints":{"allow":["GET"]}}],"collection":[{"href":"https:\/\/iota-society.com\/index.php\/wp-json\/wp\/v2\/pages"}],"about":[{"href":"https:\/\/iota-society.com\/index.php\/wp-json\/wp\/v2\/types\/page"}],"author":[{"embeddable":true,"href":"https:\/\/iota-society.com\/index.php\/wp-json\/wp\/v2\/users\/1"}],"replies":[{"embeddable":true,"href":"https:\/\/iota-society.com\/index.php\/wp-json\/wp\/v2\/comments?post=1903"}],"version-history":[{"count":4,"href":"https:\/\/iota-society.com\/index.php\/wp-json\/wp\/v2\/pages\/1903\/revisions"}],"predecessor-version":[{"id":1907,"href":"https:\/\/iota-society.com\/index.php\/wp-json\/wp\/v2\/pages\/1903\/revisions\/1907"}],"wp:attachment":[{"href":"https:\/\/iota-society.com\/index.php\/wp-json\/wp\/v2\/media?parent=1903"}],"curies":[{"name":"wp","href":"https:\/\/api.w.org\/{rel}","templated":true}]}}