{"id":1895,"date":"2026-01-03T17:21:22","date_gmt":"2026-01-03T17:21:22","guid":{"rendered":"https:\/\/iota-society.com\/?page_id=1895"},"modified":"2026-01-03T17:23:35","modified_gmt":"2026-01-03T17:23:35","slug":"profil-iota-free-javert","status":"publish","type":"page","link":"https:\/\/iota-society.com\/index.php\/profil-iota-free-javert\/","title":{"rendered":"Profil IOTA Free &#8211; Javert"},"content":{"rendered":"\t\t<div data-elementor-type=\"wp-page\" data-elementor-id=\"1895\" class=\"elementor elementor-1895\">\n\t\t\t\t<div class=\"elementor-element elementor-element-dcf3237 e-flex e-con-boxed e-con e-parent\" data-id=\"dcf3237\" data-element_type=\"container\" data-e-type=\"container\">\n\t\t\t\t\t<div class=\"e-con-inner\">\n\t\t\t\t<div class=\"elementor-element elementor-element-92c92b2 elementor-widget elementor-widget-heading\" data-id=\"92c92b2\" data-element_type=\"widget\" data-e-type=\"widget\" data-widget_type=\"heading.default\">\n\t\t\t\t\t<h2 class=\"elementor-heading-title elementor-size-default\">Javert<\/h2>\t\t\t\t<\/div>\n\t\t\t\t<div class=\"elementor-element elementor-element-8bb80b8 elementor-widget elementor-widget-spacer\" data-id=\"8bb80b8\" data-element_type=\"widget\" data-e-type=\"widget\" data-widget_type=\"spacer.default\">\n\t\t\t\t\t\t\t<div class=\"elementor-spacer\">\n\t\t\t<div class=\"elementor-spacer-inner\"><\/div>\n\t\t<\/div>\n\t\t\t\t\t\t<\/div>\n\t\t\t\t<div class=\"elementor-element elementor-element-631f830 elementor-widget elementor-widget-text-editor\" data-id=\"631f830\" data-element_type=\"widget\" data-e-type=\"widget\" data-widget_type=\"text-editor.default\">\n\t\t\t\t\t\t\t\t\t<p>Victor hugo dans les mis\u00e9rables peuple son\u00a0 livre de personnages complexes<\/p><p>\u00a0<\/p><p>dont Javert.<\/p><p>\u00a0<\/p><p>\u00a0<\/p><p>Son opini\u00e2tret\u00e9 est sans pareille quand il s&rsquo;agit de pourchasser Jean Valjean.<\/p><p>\u00a0<\/p><p>\u00a0<\/p><p>Son flair de fin limier m\u00e8ne la vire rude au vieil homme.<\/p><p>\u00a0<\/p><p>\u00a0<\/p><p>\u00a0<\/p><p>N\u00e9ammoins quand il r\u00e9alise la bont\u00e9 qui r\u00e9side chez Jean Valjean<\/p><p>\u00a0<\/p><p>\u00a0<\/p><p>son honneur lui impose un sort funeste.<\/p><p>\u00a0<\/p><p>\u00a0<\/p><p>Ce geste r\u00e9v\u00e8le alors sa grandeur d&rsquo;\u00e2me paradoxalement.\u00a0<\/p><p>\u00a0<\/p><p>\u00a0<\/p><p>Pour Victor Hugo la trajectoire de ce personnage Javert chevauche la vie de l&rsquo;auteur<\/p><p>\u00a0<\/p><p>\u00a0<\/p><p>qui apr\u00e8s le d\u00e9c\u00e8s pr\u00e9matur\u00e9 de sa fille a peur de succomber<\/p><p>\u00a0<\/p><p>\u00a0<\/p><p>au destin funeste de Javert.<\/p><p>\u00a0<\/p><p>\u00a0<\/p><p>Gr\u00e2ce \u00e0 dieu, Victor Hugo v\u00e9cut tr\u00e8s vieux et nous livra un h\u00e9ritage litt\u00e9raire<\/p><p>\u00a0<\/p><p>\u00a0<\/p><p>sans comparaison par sa profusion et sa pertinence.<\/p>\t\t\t\t\t\t\t\t<\/div>\n\t\t\t\t<div class=\"elementor-element elementor-element-1e8d552 elementor-widget elementor-widget-image\" data-id=\"1e8d552\" data-element_type=\"widget\" data-e-type=\"widget\" data-widget_type=\"image.default\">\n\t\t\t\t\t\t\t\t\t\t\t\t\t\t\t<img fetchpriority=\"high\" decoding=\"async\" width=\"683\" height=\"1024\" src=\"https:\/\/iota-society.com\/wp-content\/uploads\/2026\/01\/test-de-qi-free-nv-5-683x1024.png\" class=\"attachment-large size-large wp-image-1868\" alt=\"\" srcset=\"https:\/\/iota-society.com\/wp-content\/uploads\/2026\/01\/test-de-qi-free-nv-5-683x1024.png 683w, https:\/\/iota-society.com\/wp-content\/uploads\/2026\/01\/test-de-qi-free-nv-5-200x300.png 200w, https:\/\/iota-society.com\/wp-content\/uploads\/2026\/01\/test-de-qi-free-nv-5-768x1152.png 768w, https:\/\/iota-society.com\/wp-content\/uploads\/2026\/01\/test-de-qi-free-nv-5.png 1024w\" sizes=\"(max-width: 683px) 100vw, 683px\" \/>\t\t\t\t\t\t\t\t\t\t\t\t\t\t\t<\/div>\n\t\t\t\t\t<\/div>\n\t\t\t\t<\/div>\n\t\t\t\t<\/div>\n\t\t","protected":false},"excerpt":{"rendered":"<p>Javert Victor hugo dans les mis\u00e9rables peuple son\u00a0 livre de personnages complexes \u00a0 dont Javert. \u00a0 \u00a0 Son opini\u00e2tret\u00e9 est [&hellip;]<\/p>\n","protected":false},"author":1,"featured_media":0,"parent":0,"menu_order":0,"comment_status":"closed","ping_status":"closed","template":"","meta":{"site-sidebar-layout":"no-sidebar","site-content-layout":"","ast-site-content-layout":"full-width-container","site-content-style":"default","site-sidebar-style":"default","ast-global-header-display":"","ast-banner-title-visibility":"","ast-main-header-display":"","ast-hfb-above-header-display":"","ast-hfb-below-header-display":"","ast-hfb-mobile-header-display":"","site-post-title":"","ast-breadcrumbs-content":"","ast-featured-img":"disabled","footer-sml-layout":"","ast-disable-related-posts":"","theme-transparent-header-meta":"","adv-header-id-meta":"","stick-header-meta":"","header-above-stick-meta":"","header-main-stick-meta":"","header-below-stick-meta":"","astra-migrate-meta-layouts":"default","ast-page-background-enabled":"default","ast-page-background-meta":{"desktop":{"background-color":"var(--ast-global-color-5)","background-image":"","background-repeat":"repeat","background-position":"center center","background-size":"auto","background-attachment":"scroll","background-type":"","background-media":"","overlay-type":"","overlay-color":"","overlay-opacity":"","overlay-gradient":""},"tablet":{"background-color":"","background-image":"","background-repeat":"repeat","background-position":"center center","background-size":"auto","background-attachment":"scroll","background-type":"","background-media":"","overlay-type":"","overlay-color":"","overlay-opacity":"","overlay-gradient":""},"mobile":{"background-color":"","background-image":"","background-repeat":"repeat","background-position":"center center","background-size":"auto","background-attachment":"scroll","background-type":"","background-media":"","overlay-type":"","overlay-color":"","overlay-opacity":"","overlay-gradient":""}},"ast-content-background-meta":{"desktop":{"background-color":"var(--ast-global-color-4)","background-image":"","background-repeat":"repeat","background-position":"center center","background-size":"auto","background-attachment":"scroll","background-type":"","background-media":"","overlay-type":"","overlay-color":"","overlay-opacity":"","overlay-gradient":""},"tablet":{"background-color":"var(--ast-global-color-4)","background-image":"","background-repeat":"repeat","background-position":"center center","background-size":"auto","background-attachment":"scroll","background-type":"","background-media":"","overlay-type":"","overlay-color":"","overlay-opacity":"","overlay-gradient":""},"mobile":{"background-color":"var(--ast-global-color-4)","background-image":"","background-repeat":"repeat","background-position":"center center","background-size":"auto","background-attachment":"scroll","background-type":"","background-media":"","overlay-type":"","overlay-color":"","overlay-opacity":"","overlay-gradient":""}},"footnotes":""},"class_list":["post-1895","page","type-page","status-publish","hentry"],"_links":{"self":[{"href":"https:\/\/iota-society.com\/index.php\/wp-json\/wp\/v2\/pages\/1895","targetHints":{"allow":["GET"]}}],"collection":[{"href":"https:\/\/iota-society.com\/index.php\/wp-json\/wp\/v2\/pages"}],"about":[{"href":"https:\/\/iota-society.com\/index.php\/wp-json\/wp\/v2\/types\/page"}],"author":[{"embeddable":true,"href":"https:\/\/iota-society.com\/index.php\/wp-json\/wp\/v2\/users\/1"}],"replies":[{"embeddable":true,"href":"https:\/\/iota-society.com\/index.php\/wp-json\/wp\/v2\/comments?post=1895"}],"version-history":[{"count":7,"href":"https:\/\/iota-society.com\/index.php\/wp-json\/wp\/v2\/pages\/1895\/revisions"}],"predecessor-version":[{"id":1902,"href":"https:\/\/iota-society.com\/index.php\/wp-json\/wp\/v2\/pages\/1895\/revisions\/1902"}],"wp:attachment":[{"href":"https:\/\/iota-society.com\/index.php\/wp-json\/wp\/v2\/media?parent=1895"}],"curies":[{"name":"wp","href":"https:\/\/api.w.org\/{rel}","templated":true}]}}