{"id":1884,"date":"2026-01-03T17:00:09","date_gmt":"2026-01-03T17:00:09","guid":{"rendered":"https:\/\/iota-society.com\/?page_id=1884"},"modified":"2026-01-03T17:05:06","modified_gmt":"2026-01-03T17:05:06","slug":"profil-iota-free-sancho-panza","status":"publish","type":"page","link":"https:\/\/iota-society.com\/index.php\/profil-iota-free-sancho-panza\/","title":{"rendered":"Profil IOTA Free &#8211; Sancho Panza"},"content":{"rendered":"\t\t<div data-elementor-type=\"wp-page\" data-elementor-id=\"1884\" class=\"elementor elementor-1884\">\n\t\t\t\t<div class=\"elementor-element elementor-element-458e4b2 e-flex e-con-boxed e-con e-parent\" data-id=\"458e4b2\" data-element_type=\"container\" data-e-type=\"container\">\n\t\t\t\t\t<div class=\"e-con-inner\">\n\t\t\t\t<div class=\"elementor-element elementor-element-89fdc79 elementor-widget elementor-widget-heading\" data-id=\"89fdc79\" data-element_type=\"widget\" data-e-type=\"widget\" data-widget_type=\"heading.default\">\n\t\t\t\t\t<h2 class=\"elementor-heading-title elementor-size-default\">Sancho Panza<\/h2>\t\t\t\t<\/div>\n\t\t\t\t<div class=\"elementor-element elementor-element-6682d40 elementor-widget elementor-widget-spacer\" data-id=\"6682d40\" data-element_type=\"widget\" data-e-type=\"widget\" data-widget_type=\"spacer.default\">\n\t\t\t\t\t\t\t<div class=\"elementor-spacer\">\n\t\t\t<div class=\"elementor-spacer-inner\"><\/div>\n\t\t<\/div>\n\t\t\t\t\t\t<\/div>\n\t\t\t\t<div class=\"elementor-element elementor-element-2cff51f elementor-widget elementor-widget-text-editor\" data-id=\"2cff51f\" data-element_type=\"widget\" data-e-type=\"widget\" data-widget_type=\"text-editor.default\">\n\t\t\t\t\t\t\t\t\t<p>Anti h\u00e9ro de Cervant\u00e8s dans Don Quichotte, il accompagne celui-ci dans toutes<\/p><p>\u00a0<\/p><p>\u00a0<\/p><p>leurs p\u00e9rip\u00e9ties.<\/p><p>\u00a0<\/p><p>\u00a0<\/p><p>La o\u00f9 son ma\u00eetre divague et voit des mirages partout.<\/p><p>\u00a0<\/p><p>\u00a0<\/p><p>Sancho Panza, lui , permet au lecteur d&rsquo;\u00eatre ancr\u00e9 dans la r\u00e9alit\u00e9.<\/p><p>\u00a0<\/p><p>\u00a0<\/p><p>Il repr\u00e9sente le bon sens terrien et la fid\u00e9lit\u00e9.<\/p><p>\u00a0<\/p><p>\u00a0<\/p><p>Heureusement qu&rsquo;il existe des gens comme lui pour retrouver le bon chemin<\/p><p>\u00a0<\/p><p>\u00a0<\/p><p>quand la raison s&rsquo;\u00e9vanouit chez un compagnon de route.<\/p>\t\t\t\t\t\t\t\t<\/div>\n\t\t\t\t<div class=\"elementor-element elementor-element-334ecfd elementor-widget elementor-widget-image\" data-id=\"334ecfd\" data-element_type=\"widget\" data-e-type=\"widget\" data-widget_type=\"image.default\">\n\t\t\t\t\t\t\t\t\t\t\t\t\t\t\t<img fetchpriority=\"high\" decoding=\"async\" width=\"683\" height=\"1024\" src=\"https:\/\/iota-society.com\/wp-content\/uploads\/2026\/01\/test-de-qi-free-nv-3-683x1024.png\" class=\"attachment-large size-large wp-image-1866\" alt=\"\" srcset=\"https:\/\/iota-society.com\/wp-content\/uploads\/2026\/01\/test-de-qi-free-nv-3-683x1024.png 683w, https:\/\/iota-society.com\/wp-content\/uploads\/2026\/01\/test-de-qi-free-nv-3-200x300.png 200w, https:\/\/iota-society.com\/wp-content\/uploads\/2026\/01\/test-de-qi-free-nv-3-768x1152.png 768w, https:\/\/iota-society.com\/wp-content\/uploads\/2026\/01\/test-de-qi-free-nv-3.png 1024w\" sizes=\"(max-width: 683px) 100vw, 683px\" \/>\t\t\t\t\t\t\t\t\t\t\t\t\t\t\t<\/div>\n\t\t\t\t\t<\/div>\n\t\t\t\t<\/div>\n\t\t\t\t<\/div>\n\t\t","protected":false},"excerpt":{"rendered":"<p>Sancho Panza Anti h\u00e9ro de Cervant\u00e8s dans Don Quichotte, il accompagne celui-ci dans toutes \u00a0 \u00a0 leurs p\u00e9rip\u00e9ties. \u00a0 \u00a0 [&hellip;]<\/p>\n","protected":false},"author":1,"featured_media":0,"parent":0,"menu_order":0,"comment_status":"closed","ping_status":"closed","template":"","meta":{"site-sidebar-layout":"no-sidebar","site-content-layout":"","ast-site-content-layout":"full-width-container","site-content-style":"default","site-sidebar-style":"default","ast-global-header-display":"","ast-banner-title-visibility":"","ast-main-header-display":"","ast-hfb-above-header-display":"","ast-hfb-below-header-display":"","ast-hfb-mobile-header-display":"","site-post-title":"","ast-breadcrumbs-content":"","ast-featured-img":"disabled","footer-sml-layout":"","ast-disable-related-posts":"","theme-transparent-header-meta":"","adv-header-id-meta":"","stick-header-meta":"","header-above-stick-meta":"","header-main-stick-meta":"","header-below-stick-meta":"","astra-migrate-meta-layouts":"default","ast-page-background-enabled":"default","ast-page-background-meta":{"desktop":{"background-color":"var(--ast-global-color-5)","background-image":"","background-repeat":"repeat","background-position":"center center","background-size":"auto","background-attachment":"scroll","background-type":"","background-media":"","overlay-type":"","overlay-color":"","overlay-opacity":"","overlay-gradient":""},"tablet":{"background-color":"","background-image":"","background-repeat":"repeat","background-position":"center center","background-size":"auto","background-attachment":"scroll","background-type":"","background-media":"","overlay-type":"","overlay-color":"","overlay-opacity":"","overlay-gradient":""},"mobile":{"background-color":"","background-image":"","background-repeat":"repeat","background-position":"center center","background-size":"auto","background-attachment":"scroll","background-type":"","background-media":"","overlay-type":"","overlay-color":"","overlay-opacity":"","overlay-gradient":""}},"ast-content-background-meta":{"desktop":{"background-color":"var(--ast-global-color-4)","background-image":"","background-repeat":"repeat","background-position":"center center","background-size":"auto","background-attachment":"scroll","background-type":"","background-media":"","overlay-type":"","overlay-color":"","overlay-opacity":"","overlay-gradient":""},"tablet":{"background-color":"var(--ast-global-color-4)","background-image":"","background-repeat":"repeat","background-position":"center center","background-size":"auto","background-attachment":"scroll","background-type":"","background-media":"","overlay-type":"","overlay-color":"","overlay-opacity":"","overlay-gradient":""},"mobile":{"background-color":"var(--ast-global-color-4)","background-image":"","background-repeat":"repeat","background-position":"center center","background-size":"auto","background-attachment":"scroll","background-type":"","background-media":"","overlay-type":"","overlay-color":"","overlay-opacity":"","overlay-gradient":""}},"footnotes":""},"class_list":["post-1884","page","type-page","status-publish","hentry"],"_links":{"self":[{"href":"https:\/\/iota-society.com\/index.php\/wp-json\/wp\/v2\/pages\/1884","targetHints":{"allow":["GET"]}}],"collection":[{"href":"https:\/\/iota-society.com\/index.php\/wp-json\/wp\/v2\/pages"}],"about":[{"href":"https:\/\/iota-society.com\/index.php\/wp-json\/wp\/v2\/types\/page"}],"author":[{"embeddable":true,"href":"https:\/\/iota-society.com\/index.php\/wp-json\/wp\/v2\/users\/1"}],"replies":[{"embeddable":true,"href":"https:\/\/iota-society.com\/index.php\/wp-json\/wp\/v2\/comments?post=1884"}],"version-history":[{"count":4,"href":"https:\/\/iota-society.com\/index.php\/wp-json\/wp\/v2\/pages\/1884\/revisions"}],"predecessor-version":[{"id":1888,"href":"https:\/\/iota-society.com\/index.php\/wp-json\/wp\/v2\/pages\/1884\/revisions\/1888"}],"wp:attachment":[{"href":"https:\/\/iota-society.com\/index.php\/wp-json\/wp\/v2\/media?parent=1884"}],"curies":[{"name":"wp","href":"https:\/\/api.w.org\/{rel}","templated":true}]}}