{"id":1651,"date":"2026-01-02T16:00:56","date_gmt":"2026-01-02T16:00:56","guid":{"rendered":"https:\/\/iota-society.com\/?page_id=1651"},"modified":"2026-01-07T17:33:01","modified_gmt":"2026-01-07T17:33:01","slug":"test-de-qi-vs-free-item-15","status":"publish","type":"page","link":"https:\/\/iota-society.com\/index.php\/test-de-qi-vs-free-item-15\/","title":{"rendered":"Test de QI vs Free item 15"},"content":{"rendered":"\t\t<div data-elementor-type=\"wp-page\" data-elementor-id=\"1651\" class=\"elementor elementor-1651\">\n\t\t\t\t<div class=\"elementor-element elementor-element-a7ba9b6 e-flex e-con-boxed e-con e-parent\" data-id=\"a7ba9b6\" data-element_type=\"container\" data-e-type=\"container\">\n\t\t\t\t\t<div class=\"e-con-inner\">\n\t\t\t\t<div class=\"elementor-element elementor-element-28b0bf2 elementor-widget elementor-widget-heading\" data-id=\"28b0bf2\" data-element_type=\"widget\" data-e-type=\"widget\" data-widget_type=\"heading.default\">\n\t\t\t\t\t<h2 class=\"elementor-heading-title elementor-size-default\">Probl\u00e8mes Retors<\/h2>\t\t\t\t<\/div>\n\t\t\t\t<div class=\"elementor-element elementor-element-0802f80 elementor-widget elementor-widget-spacer\" data-id=\"0802f80\" data-element_type=\"widget\" data-e-type=\"widget\" data-widget_type=\"spacer.default\">\n\t\t\t\t\t\t\t<div class=\"elementor-spacer\">\n\t\t\t<div class=\"elementor-spacer-inner\"><\/div>\n\t\t<\/div>\n\t\t\t\t\t\t<\/div>\n\t\t\t\t<div class=\"elementor-element elementor-element-dae4f5b elementor-widget elementor-widget-text-editor\" data-id=\"dae4f5b\" data-element_type=\"widget\" data-e-type=\"widget\" data-widget_type=\"text-editor.default\">\n\t\t\t\t\t\t\t\t\t<p><br \/>Quel est la solution de cette \u00e9nigme ?<\/p>\t\t\t\t\t\t\t\t<\/div>\n\t\t\t\t<div class=\"elementor-element elementor-element-4e3891d elementor-widget elementor-widget-spacer\" data-id=\"4e3891d\" data-element_type=\"widget\" data-e-type=\"widget\" data-widget_type=\"spacer.default\">\n\t\t\t\t\t\t\t<div class=\"elementor-spacer\">\n\t\t\t<div class=\"elementor-spacer-inner\"><\/div>\n\t\t<\/div>\n\t\t\t\t\t\t<\/div>\n\t\t\t\t<div class=\"elementor-element elementor-element-ee04476 elementor-widget elementor-widget-text-editor\" data-id=\"ee04476\" data-element_type=\"widget\" data-e-type=\"widget\" data-widget_type=\"text-editor.default\">\n\t\t\t\t\t\t\t\t\t<p>Le professeur Darwin am\u00e8ne sa classe \u00e0 une sortie dans un vivarium<\/p><p>\u00a0<\/p><p>\u00a0<\/p><p>de tortues des Galapagos.<\/p><p>\u00a0<\/p><p>\u00a0<\/p><p>\u00a0<\/p><p>On compte pas moins de 126 yeux et 196 membres inf\u00e9rieurs.<\/p><p>\u00a0<\/p><p>\u00a0<\/p><p>\u00a0<\/p><p>Combien y a t il de tortues et de personnes sur place ?<\/p>\t\t\t\t\t\t\t\t<\/div>\n\t\t\t\t<div class=\"elementor-element elementor-element-66fb9e1 elementor-widget elementor-widget-spacer\" data-id=\"66fb9e1\" data-element_type=\"widget\" data-e-type=\"widget\" data-widget_type=\"spacer.default\">\n\t\t\t\t\t\t\t<div class=\"elementor-spacer\">\n\t\t\t<div class=\"elementor-spacer-inner\"><\/div>\n\t\t<\/div>\n\t\t\t\t\t\t<\/div>\n\t\t\t\t\t<\/div>\n\t\t\t\t<\/div>\n\t\t<div class=\"elementor-element elementor-element-82af341 e-flex e-con-boxed e-con e-parent\" data-id=\"82af341\" data-element_type=\"container\" data-e-type=\"container\">\n\t\t\t\t\t<div class=\"e-con-inner\">\n\t\t\t\t<div class=\"elementor-element elementor-element-6ae5b9d elementor-widget elementor-widget-formidable\" data-id=\"6ae5b9d\" data-element_type=\"widget\" data-e-type=\"widget\" data-widget_type=\"formidable.default\">\n\t\t\t\t<div class=\"elementor-widget-container\">\n\t\t\t\t\t<div class=\"frm_forms  with_frm_style frm_style_style-formidable\" id=\"frm_form_102_container\" data-token=\"f23294f3fe90d11c4f8282c8a58b021e\">\n<form enctype=\"multipart\/form-data\" method=\"post\" class=\"frm-show-form \" id=\"form_dhde7\" data-token=\"f23294f3fe90d11c4f8282c8a58b021e\">\n<div class=\"frm_form_fields \">\n<fieldset>\n<legend class=\"frm_screen_reader\">F item 15<\/legend>\r\n\r\n<div class=\"frm_fields_container\">\n<input type=\"hidden\" name=\"frm_action\" value=\"create\" \/>\n<input type=\"hidden\" name=\"form_id\" value=\"102\" \/>\n<input type=\"hidden\" name=\"frm_hide_fields_102\" id=\"frm_hide_fields_102\" value=\"\" \/>\n<input type=\"hidden\" name=\"form_key\" value=\"dhde7\" \/>\n<input type=\"hidden\" name=\"item_meta[0]\" value=\"\" \/>\n<input type=\"hidden\" id=\"frm_submit_entry_102\" name=\"frm_submit_entry_102\" value=\"43c7f6bb6a\" \/><input type=\"hidden\" name=\"_wp_http_referer\" value=\"\/index.php\/wp-json\/wp\/v2\/pages\/1651\" \/><div id=\"frm_field_215_container\" class=\"frm_form_field form-field  frm_top_container\">\r\n\t<label for=\"field_bhuve\" id=\"field_bhuve_label\" class=\"frm_primary_label\">Ecrivez la solution les deux nombres seront s\u00e9par\u00e9s par un espace tortues puis personnes\r\n\t\t<span class=\"frm_required\" aria-hidden=\"true\"><\/span>\r\n\t<\/label>\r\n\t<input type=\"text\" id=\"field_bhuve\" name=\"item_meta[215]\" value=\"\"  data-invmsg=\"Ecrivez la solution les deux nombres seront s\u00e9par\u00e9s par un espace tortues puis personnes est non valide\" aria-invalid=\"false\"  \/>\r\n\t\r\n\t\r\n<\/div>\n<div id=\"frm_field_214_container\" class=\"frm_form_field form-field \">\r\n\t<div class=\"frm_submit frm_flex\">\r\n<button class=\"frm_button_submit\" type=\"submit\"  >Envoyer<\/button>\r\n\r\n\r\n\r\n<\/div>\r\n<\/div>\n\t<input type=\"hidden\" name=\"item_key\" value=\"\" \/>\n\t\t\t<div id=\"frm_field_257_container\">\n\t\t\t<label for=\"field_spjpl\" >\n\t\t\t\tSi vous \u00eates un humain, ne remplissez pas ce champ.\t\t\t<\/label>\n\t\t\t<input  id=\"field_spjpl\" type=\"text\" class=\"frm_form_field form-field frm_verify\" name=\"item_meta[257]\" value=\"\"  \/>\n\t\t<\/div>\n\t\t<input name=\"frm_state\" type=\"hidden\" value=\"sMTuaVT0ASMTylgqFZmvAFhv\/iqvyCzGE7Hs63ervBY=\" \/><\/div>\n<\/fieldset>\n<\/div>\n\n<\/form>\n<\/div>\n\t\t\t\t<\/div>\n\t\t\t\t<\/div>\n\t\t\t\t<div class=\"elementor-element elementor-element-5a578c2 elementor-widget elementor-widget-spacer\" data-id=\"5a578c2\" data-element_type=\"widget\" data-e-type=\"widget\" data-widget_type=\"spacer.default\">\n\t\t\t\t\t\t\t<div class=\"elementor-spacer\">\n\t\t\t<div class=\"elementor-spacer-inner\"><\/div>\n\t\t<\/div>\n\t\t\t\t\t\t<\/div>\n\t\t\t\t<div class=\"elementor-element elementor-element-34ad1a2 elementor-widget elementor-widget-image\" data-id=\"34ad1a2\" data-element_type=\"widget\" data-e-type=\"widget\" data-widget_type=\"image.default\">\n\t\t\t\t\t\t\t\t\t\t\t\t\t\t\t<img fetchpriority=\"high\" decoding=\"async\" width=\"683\" height=\"1024\" src=\"https:\/\/iota-society.com\/wp-content\/uploads\/2026\/01\/Qi-g-P-rR-item-15-683x1024.png\" class=\"attachment-large size-large wp-image-1557\" alt=\"\" srcset=\"https:\/\/iota-society.com\/wp-content\/uploads\/2026\/01\/Qi-g-P-rR-item-15-683x1024.png 683w, https:\/\/iota-society.com\/wp-content\/uploads\/2026\/01\/Qi-g-P-rR-item-15-200x300.png 200w, https:\/\/iota-society.com\/wp-content\/uploads\/2026\/01\/Qi-g-P-rR-item-15-768x1152.png 768w, https:\/\/iota-society.com\/wp-content\/uploads\/2026\/01\/Qi-g-P-rR-item-15.png 1024w\" sizes=\"(max-width: 683px) 100vw, 683px\" \/>\t\t\t\t\t\t\t\t\t\t\t\t\t\t\t<\/div>\n\t\t\t\t\t<\/div>\n\t\t\t\t<\/div>\n\t\t<div class=\"elementor-element elementor-element-939074d e-flex e-con-boxed e-con e-parent\" data-id=\"939074d\" data-element_type=\"container\" data-e-type=\"container\">\n\t\t\t\t\t<div class=\"e-con-inner\">\n\t\t\t\t<div class=\"elementor-element elementor-element-a93f7c5 elementor-widget elementor-widget-html\" data-id=\"a93f7c5\" data-element_type=\"widget\" data-e-type=\"widget\" data-widget_type=\"html.default\">\n\t\t\t\t\t<script>\r\n(function(){\r\n  \/\/ ====== \u00c0 MODIFIER SUR CHAQUE PAGE ======\r\n  const ITEM_NO = 15; \/\/ <- change 1, 2, 3\u2026 24 selon la page\r\n  \/\/ =======================================\r\n\r\n  const KEY = \"IOTA_FREE_ANSWERS_V1\";\r\n\r\n  function load(){\r\n    try { return JSON.parse(localStorage.getItem(KEY) || \"{}\"); }\r\n    catch(e){ return {}; }\r\n  }\r\n  function save(obj){\r\n    localStorage.setItem(KEY, JSON.stringify(obj));\r\n  }\r\n  function setAnswer(val){\r\n    const ans = load();\r\n    ans[String(ITEM_NO)] = String(val ?? \"\");\r\n    save(ans);\r\n  }\r\n  function getAnswer(){\r\n    const ans = load();\r\n    return ans[String(ITEM_NO)] || \"\";\r\n  }\r\n\r\n  \/\/ On cherche le champ Formidable : input texte avec name=\"item_meta[...]\"\r\n  function findField(){\r\n    return document.querySelector('input[name^=\"item_meta[\"][type=\"text\"], textarea[name^=\"item_meta[\"]');\r\n  }\r\n\r\n  document.addEventListener(\"DOMContentLoaded\", function(){\r\n    const field = findField();\r\n    if(!field) {\r\n      console.warn(\"Champ Formidable non trouv\u00e9 pour l'item\", ITEM_NO);\r\n      return;\r\n    }\r\n\r\n    \/\/ 1) Restaurer la valeur si d\u00e9j\u00e0 saisie\r\n    const prev = getAnswer();\r\n    if(prev && !field.value) field.value = prev;\r\n\r\n    \/\/ 2) Sauvegarde au fil de frappe\r\n    field.addEventListener(\"input\", function(){\r\n      setAnswer(field.value);\r\n    });\r\n\r\n    \/\/ 3) Sauvegarde quand on quitte le champ\r\n    field.addEventListener(\"blur\", function(){\r\n      setAnswer(field.value);\r\n    });\r\n  });\r\n\r\n})();\r\n<\/script>\r\n\t\t\t\t<\/div>\n\t\t\t\t\t<\/div>\n\t\t\t\t<\/div>\n\t\t\t\t<\/div>\n\t\t","protected":false},"excerpt":{"rendered":"<p>Probl\u00e8mes Retors Quel est la solution de cette \u00e9nigme ? Le professeur Darwin am\u00e8ne sa classe \u00e0 une sortie dans [&hellip;]<\/p>\n","protected":false},"author":1,"featured_media":0,"parent":0,"menu_order":0,"comment_status":"closed","ping_status":"closed","template":"","meta":{"site-sidebar-layout":"no-sidebar","site-content-layout":"","ast-site-content-layout":"full-width-container","site-content-style":"default","site-sidebar-style":"default","ast-global-header-display":"","ast-banner-title-visibility":"","ast-main-header-display":"","ast-hfb-above-header-display":"","ast-hfb-below-header-display":"","ast-hfb-mobile-header-display":"","site-post-title":"","ast-breadcrumbs-content":"","ast-featured-img":"disabled","footer-sml-layout":"","ast-disable-related-posts":"","theme-transparent-header-meta":"","adv-header-id-meta":"","stick-header-meta":"","header-above-stick-meta":"","header-main-stick-meta":"","header-below-stick-meta":"","astra-migrate-meta-layouts":"default","ast-page-background-enabled":"default","ast-page-background-meta":{"desktop":{"background-color":"var(--ast-global-color-5)","background-image":"","background-repeat":"repeat","background-position":"center center","background-size":"auto","background-attachment":"scroll","background-type":"","background-media":"","overlay-type":"","overlay-color":"","overlay-opacity":"","overlay-gradient":""},"tablet":{"background-color":"","background-image":"","background-repeat":"repeat","background-position":"center center","background-size":"auto","background-attachment":"scroll","background-type":"","background-media":"","overlay-type":"","overlay-color":"","overlay-opacity":"","overlay-gradient":""},"mobile":{"background-color":"","background-image":"","background-repeat":"repeat","background-position":"center center","background-size":"auto","background-attachment":"scroll","background-type":"","background-media":"","overlay-type":"","overlay-color":"","overlay-opacity":"","overlay-gradient":""}},"ast-content-background-meta":{"desktop":{"background-color":"var(--ast-global-color-4)","background-image":"","background-repeat":"repeat","background-position":"center center","background-size":"auto","background-attachment":"scroll","background-type":"","background-media":"","overlay-type":"","overlay-color":"","overlay-opacity":"","overlay-gradient":""},"tablet":{"background-color":"var(--ast-global-color-4)","background-image":"","background-repeat":"repeat","background-position":"center center","background-size":"auto","background-attachment":"scroll","background-type":"","background-media":"","overlay-type":"","overlay-color":"","overlay-opacity":"","overlay-gradient":""},"mobile":{"background-color":"var(--ast-global-color-4)","background-image":"","background-repeat":"repeat","background-position":"center center","background-size":"auto","background-attachment":"scroll","background-type":"","background-media":"","overlay-type":"","overlay-color":"","overlay-opacity":"","overlay-gradient":""}},"footnotes":""},"class_list":["post-1651","page","type-page","status-publish","hentry"],"_links":{"self":[{"href":"https:\/\/iota-society.com\/index.php\/wp-json\/wp\/v2\/pages\/1651","targetHints":{"allow":["GET"]}}],"collection":[{"href":"https:\/\/iota-society.com\/index.php\/wp-json\/wp\/v2\/pages"}],"about":[{"href":"https:\/\/iota-society.com\/index.php\/wp-json\/wp\/v2\/types\/page"}],"author":[{"embeddable":true,"href":"https:\/\/iota-society.com\/index.php\/wp-json\/wp\/v2\/users\/1"}],"replies":[{"embeddable":true,"href":"https:\/\/iota-society.com\/index.php\/wp-json\/wp\/v2\/comments?post=1651"}],"version-history":[{"count":10,"href":"https:\/\/iota-society.com\/index.php\/wp-json\/wp\/v2\/pages\/1651\/revisions"}],"predecessor-version":[{"id":2134,"href":"https:\/\/iota-society.com\/index.php\/wp-json\/wp\/v2\/pages\/1651\/revisions\/2134"}],"wp:attachment":[{"href":"https:\/\/iota-society.com\/index.php\/wp-json\/wp\/v2\/media?parent=1651"}],"curies":[{"name":"wp","href":"https:\/\/api.w.org\/{rel}","templated":true}]}}