{"id":1646,"date":"2026-01-02T15:55:24","date_gmt":"2026-01-02T15:55:24","guid":{"rendered":"https:\/\/iota-society.com\/?page_id=1646"},"modified":"2026-01-07T17:32:14","modified_gmt":"2026-01-07T17:32:14","slug":"test-de-qi-vs-free-item-14","status":"publish","type":"page","link":"https:\/\/iota-society.com\/index.php\/test-de-qi-vs-free-item-14\/","title":{"rendered":"Test de QI vs Free item 14"},"content":{"rendered":"\t\t<div data-elementor-type=\"wp-page\" data-elementor-id=\"1646\" class=\"elementor elementor-1646\">\n\t\t\t\t<div class=\"elementor-element elementor-element-e76cad0 e-flex e-con-boxed e-con e-parent\" data-id=\"e76cad0\" data-element_type=\"container\" data-e-type=\"container\">\n\t\t\t\t\t<div class=\"e-con-inner\">\n\t\t\t\t<div class=\"elementor-element elementor-element-2133b1d elementor-widget elementor-widget-heading\" data-id=\"2133b1d\" data-element_type=\"widget\" data-e-type=\"widget\" data-widget_type=\"heading.default\">\n\t\t\t\t\t<h2 class=\"elementor-heading-title elementor-size-default\">Probl\u00e8mes Retors<\/h2>\t\t\t\t<\/div>\n\t\t\t\t<div class=\"elementor-element elementor-element-b5a8195 elementor-widget elementor-widget-spacer\" data-id=\"b5a8195\" data-element_type=\"widget\" data-e-type=\"widget\" data-widget_type=\"spacer.default\">\n\t\t\t\t\t\t\t<div class=\"elementor-spacer\">\n\t\t\t<div class=\"elementor-spacer-inner\"><\/div>\n\t\t<\/div>\n\t\t\t\t\t\t<\/div>\n\t\t\t\t<div class=\"elementor-element elementor-element-f28635d elementor-widget elementor-widget-text-editor\" data-id=\"f28635d\" data-element_type=\"widget\" data-e-type=\"widget\" data-widget_type=\"text-editor.default\">\n\t\t\t\t\t\t\t\t\t<p>Quel est la solution de cette \u00e9nigme ?<\/p>\t\t\t\t\t\t\t\t<\/div>\n\t\t\t\t<div class=\"elementor-element elementor-element-0bad11b elementor-widget elementor-widget-spacer\" data-id=\"0bad11b\" data-element_type=\"widget\" data-e-type=\"widget\" data-widget_type=\"spacer.default\">\n\t\t\t\t\t\t\t<div class=\"elementor-spacer\">\n\t\t\t<div class=\"elementor-spacer-inner\"><\/div>\n\t\t<\/div>\n\t\t\t\t\t\t<\/div>\n\t\t\t\t<div class=\"elementor-element elementor-element-f25b619 elementor-widget elementor-widget-text-editor\" data-id=\"f25b619\" data-element_type=\"widget\" data-e-type=\"widget\" data-widget_type=\"text-editor.default\">\n\t\t\t\t\t\t\t\t\t<p>Un homme va au march\u00e9.<\/p><p>\u00a0<\/p><p>\u00a0<\/p><p>\u00a0<\/p><p>Il croise une dame avec cinq enfants, chaque enfant tient un chien en laisse.<\/p><p>\u00a0<\/p><p>\u00a0<\/p><p>\u00a0<\/p><p>\u00a0<\/p><p>Combien d&rsquo;\u00eatres vivants vont au march\u00e9 ?<\/p>\t\t\t\t\t\t\t\t<\/div>\n\t\t\t\t<div class=\"elementor-element elementor-element-0a1ee65 elementor-widget elementor-widget-spacer\" data-id=\"0a1ee65\" data-element_type=\"widget\" data-e-type=\"widget\" data-widget_type=\"spacer.default\">\n\t\t\t\t\t\t\t<div class=\"elementor-spacer\">\n\t\t\t<div class=\"elementor-spacer-inner\"><\/div>\n\t\t<\/div>\n\t\t\t\t\t\t<\/div>\n\t\t\t\t\t<\/div>\n\t\t\t\t<\/div>\n\t\t<div class=\"elementor-element elementor-element-57319f5 e-flex e-con-boxed e-con e-parent\" data-id=\"57319f5\" data-element_type=\"container\" data-e-type=\"container\">\n\t\t\t\t\t<div class=\"e-con-inner\">\n\t\t\t\t<div class=\"elementor-element elementor-element-d8bcb50 elementor-widget elementor-widget-formidable\" data-id=\"d8bcb50\" data-element_type=\"widget\" data-e-type=\"widget\" data-widget_type=\"formidable.default\">\n\t\t\t\t<div class=\"elementor-widget-container\">\n\t\t\t\t\t<div class=\"frm_forms  with_frm_style frm_style_style-formidable\" id=\"frm_form_101_container\" data-token=\"f23294f3fe90d11c4f8282c8a58b021e\">\n<form enctype=\"multipart\/form-data\" method=\"post\" class=\"frm-show-form \" id=\"form_o5n7r\" data-token=\"f23294f3fe90d11c4f8282c8a58b021e\">\n<div class=\"frm_form_fields \">\n<fieldset>\n<legend class=\"frm_screen_reader\">F item 14<\/legend>\r\n\r\n<div class=\"frm_fields_container\">\n<input type=\"hidden\" name=\"frm_action\" value=\"create\" \/>\n<input type=\"hidden\" name=\"form_id\" value=\"101\" \/>\n<input type=\"hidden\" name=\"frm_hide_fields_101\" id=\"frm_hide_fields_101\" value=\"\" \/>\n<input type=\"hidden\" name=\"form_key\" value=\"o5n7r\" \/>\n<input type=\"hidden\" name=\"item_meta[0]\" value=\"\" \/>\n<input type=\"hidden\" id=\"frm_submit_entry_101\" name=\"frm_submit_entry_101\" value=\"43c7f6bb6a\" \/><input type=\"hidden\" name=\"_wp_http_referer\" value=\"\/index.php\/wp-json\/wp\/v2\/pages\/1646\" \/><div id=\"frm_field_213_container\" class=\"frm_form_field form-field  frm_top_container\">\r\n\t<label for=\"field_vs1cd\" id=\"field_vs1cd_label\" class=\"frm_primary_label\">Ecrivez la solution nombre, mots ?\r\n\t\t<span class=\"frm_required\" aria-hidden=\"true\"><\/span>\r\n\t<\/label>\r\n\t<input type=\"text\" id=\"field_vs1cd\" name=\"item_meta[213]\" value=\"\"  data-invmsg=\"Ecrivez la solution nombre, mots ? est non valide\" aria-invalid=\"false\"  \/>\r\n\t\r\n\t\r\n<\/div>\n<div id=\"frm_field_212_container\" class=\"frm_form_field form-field \">\r\n\t<div class=\"frm_submit frm_flex\">\r\n<button class=\"frm_button_submit\" type=\"submit\"  >Envoyer<\/button>\r\n\r\n\r\n\r\n<\/div>\r\n<\/div>\n\t<input type=\"hidden\" name=\"item_key\" value=\"\" \/>\n\t\t\t<div id=\"frm_field_257_container\">\n\t\t\t<label for=\"field_mawil\" >\n\t\t\t\tSi vous \u00eates un humain, ne remplissez pas ce champ.\t\t\t<\/label>\n\t\t\t<input  id=\"field_mawil\" type=\"text\" class=\"frm_form_field form-field frm_verify\" name=\"item_meta[257]\" value=\"\"  \/>\n\t\t<\/div>\n\t\t<input name=\"frm_state\" type=\"hidden\" value=\"sMTuaVT0ASMTylgqFZmvAFhv\/iqvyCzGE7Hs63ervBY=\" \/><\/div>\n<\/fieldset>\n<\/div>\n\n<\/form>\n<\/div>\n\t\t\t\t<\/div>\n\t\t\t\t<\/div>\n\t\t\t\t<div class=\"elementor-element elementor-element-78a4d19 elementor-widget elementor-widget-spacer\" data-id=\"78a4d19\" data-element_type=\"widget\" data-e-type=\"widget\" data-widget_type=\"spacer.default\">\n\t\t\t\t\t\t\t<div class=\"elementor-spacer\">\n\t\t\t<div class=\"elementor-spacer-inner\"><\/div>\n\t\t<\/div>\n\t\t\t\t\t\t<\/div>\n\t\t\t\t<div class=\"elementor-element elementor-element-740a09b elementor-widget elementor-widget-image\" data-id=\"740a09b\" data-element_type=\"widget\" data-e-type=\"widget\" data-widget_type=\"image.default\">\n\t\t\t\t\t\t\t\t\t\t\t\t\t\t\t<img fetchpriority=\"high\" decoding=\"async\" width=\"683\" height=\"1024\" src=\"https:\/\/iota-society.com\/wp-content\/uploads\/2026\/01\/Qi-g-P-R-item-14-683x1024.png\" class=\"attachment-large size-large wp-image-1556\" alt=\"\" srcset=\"https:\/\/iota-society.com\/wp-content\/uploads\/2026\/01\/Qi-g-P-R-item-14-683x1024.png 683w, https:\/\/iota-society.com\/wp-content\/uploads\/2026\/01\/Qi-g-P-R-item-14-200x300.png 200w, https:\/\/iota-society.com\/wp-content\/uploads\/2026\/01\/Qi-g-P-R-item-14-768x1152.png 768w, https:\/\/iota-society.com\/wp-content\/uploads\/2026\/01\/Qi-g-P-R-item-14.png 1024w\" sizes=\"(max-width: 683px) 100vw, 683px\" \/>\t\t\t\t\t\t\t\t\t\t\t\t\t\t\t<\/div>\n\t\t\t\t\t<\/div>\n\t\t\t\t<\/div>\n\t\t<div class=\"elementor-element elementor-element-819dfd3 e-flex e-con-boxed e-con e-parent\" data-id=\"819dfd3\" data-element_type=\"container\" data-e-type=\"container\">\n\t\t\t\t\t<div class=\"e-con-inner\">\n\t\t\t\t<div class=\"elementor-element elementor-element-b759af7 elementor-widget elementor-widget-html\" data-id=\"b759af7\" data-element_type=\"widget\" data-e-type=\"widget\" data-widget_type=\"html.default\">\n\t\t\t\t\t<script>\r\n(function(){\r\n  \/\/ ====== \u00c0 MODIFIER SUR CHAQUE PAGE ======\r\n  const ITEM_NO = 14; \/\/ <- change 1, 2, 3\u2026 24 selon la page\r\n  \/\/ =======================================\r\n\r\n  const KEY = \"IOTA_FREE_ANSWERS_V1\";\r\n\r\n  function load(){\r\n    try { return JSON.parse(localStorage.getItem(KEY) || \"{}\"); }\r\n    catch(e){ return {}; }\r\n  }\r\n  function save(obj){\r\n    localStorage.setItem(KEY, JSON.stringify(obj));\r\n  }\r\n  function setAnswer(val){\r\n    const ans = load();\r\n    ans[String(ITEM_NO)] = String(val ?? \"\");\r\n    save(ans);\r\n  }\r\n  function getAnswer(){\r\n    const ans = load();\r\n    return ans[String(ITEM_NO)] || \"\";\r\n  }\r\n\r\n  \/\/ On cherche le champ Formidable : input texte avec name=\"item_meta[...]\"\r\n  function findField(){\r\n    return document.querySelector('input[name^=\"item_meta[\"][type=\"text\"], textarea[name^=\"item_meta[\"]');\r\n  }\r\n\r\n  document.addEventListener(\"DOMContentLoaded\", function(){\r\n    const field = findField();\r\n    if(!field) {\r\n      console.warn(\"Champ Formidable non trouv\u00e9 pour l'item\", ITEM_NO);\r\n      return;\r\n    }\r\n\r\n    \/\/ 1) Restaurer la valeur si d\u00e9j\u00e0 saisie\r\n    const prev = getAnswer();\r\n    if(prev && !field.value) field.value = prev;\r\n\r\n    \/\/ 2) Sauvegarde au fil de frappe\r\n    field.addEventListener(\"input\", function(){\r\n      setAnswer(field.value);\r\n    });\r\n\r\n    \/\/ 3) Sauvegarde quand on quitte le champ\r\n    field.addEventListener(\"blur\", function(){\r\n      setAnswer(field.value);\r\n    });\r\n  });\r\n\r\n})();\r\n<\/script>\r\n\t\t\t\t<\/div>\n\t\t\t\t\t<\/div>\n\t\t\t\t<\/div>\n\t\t\t\t<\/div>\n\t\t","protected":false},"excerpt":{"rendered":"<p>Probl\u00e8mes Retors Quel est la solution de cette \u00e9nigme ? Un homme va au march\u00e9. \u00a0 \u00a0 \u00a0 Il croise [&hellip;]<\/p>\n","protected":false},"author":1,"featured_media":0,"parent":0,"menu_order":0,"comment_status":"closed","ping_status":"closed","template":"","meta":{"site-sidebar-layout":"no-sidebar","site-content-layout":"","ast-site-content-layout":"full-width-container","site-content-style":"default","site-sidebar-style":"default","ast-global-header-display":"","ast-banner-title-visibility":"","ast-main-header-display":"","ast-hfb-above-header-display":"","ast-hfb-below-header-display":"","ast-hfb-mobile-header-display":"","site-post-title":"","ast-breadcrumbs-content":"","ast-featured-img":"disabled","footer-sml-layout":"","ast-disable-related-posts":"","theme-transparent-header-meta":"","adv-header-id-meta":"","stick-header-meta":"","header-above-stick-meta":"","header-main-stick-meta":"","header-below-stick-meta":"","astra-migrate-meta-layouts":"default","ast-page-background-enabled":"default","ast-page-background-meta":{"desktop":{"background-color":"var(--ast-global-color-5)","background-image":"","background-repeat":"repeat","background-position":"center center","background-size":"auto","background-attachment":"scroll","background-type":"","background-media":"","overlay-type":"","overlay-color":"","overlay-opacity":"","overlay-gradient":""},"tablet":{"background-color":"","background-image":"","background-repeat":"repeat","background-position":"center center","background-size":"auto","background-attachment":"scroll","background-type":"","background-media":"","overlay-type":"","overlay-color":"","overlay-opacity":"","overlay-gradient":""},"mobile":{"background-color":"","background-image":"","background-repeat":"repeat","background-position":"center center","background-size":"auto","background-attachment":"scroll","background-type":"","background-media":"","overlay-type":"","overlay-color":"","overlay-opacity":"","overlay-gradient":""}},"ast-content-background-meta":{"desktop":{"background-color":"var(--ast-global-color-4)","background-image":"","background-repeat":"repeat","background-position":"center center","background-size":"auto","background-attachment":"scroll","background-type":"","background-media":"","overlay-type":"","overlay-color":"","overlay-opacity":"","overlay-gradient":""},"tablet":{"background-color":"var(--ast-global-color-4)","background-image":"","background-repeat":"repeat","background-position":"center center","background-size":"auto","background-attachment":"scroll","background-type":"","background-media":"","overlay-type":"","overlay-color":"","overlay-opacity":"","overlay-gradient":""},"mobile":{"background-color":"var(--ast-global-color-4)","background-image":"","background-repeat":"repeat","background-position":"center center","background-size":"auto","background-attachment":"scroll","background-type":"","background-media":"","overlay-type":"","overlay-color":"","overlay-opacity":"","overlay-gradient":""}},"footnotes":""},"class_list":["post-1646","page","type-page","status-publish","hentry"],"_links":{"self":[{"href":"https:\/\/iota-society.com\/index.php\/wp-json\/wp\/v2\/pages\/1646","targetHints":{"allow":["GET"]}}],"collection":[{"href":"https:\/\/iota-society.com\/index.php\/wp-json\/wp\/v2\/pages"}],"about":[{"href":"https:\/\/iota-society.com\/index.php\/wp-json\/wp\/v2\/types\/page"}],"author":[{"embeddable":true,"href":"https:\/\/iota-society.com\/index.php\/wp-json\/wp\/v2\/users\/1"}],"replies":[{"embeddable":true,"href":"https:\/\/iota-society.com\/index.php\/wp-json\/wp\/v2\/comments?post=1646"}],"version-history":[{"count":10,"href":"https:\/\/iota-society.com\/index.php\/wp-json\/wp\/v2\/pages\/1646\/revisions"}],"predecessor-version":[{"id":2131,"href":"https:\/\/iota-society.com\/index.php\/wp-json\/wp\/v2\/pages\/1646\/revisions\/2131"}],"wp:attachment":[{"href":"https:\/\/iota-society.com\/index.php\/wp-json\/wp\/v2\/media?parent=1646"}],"curies":[{"name":"wp","href":"https:\/\/api.w.org\/{rel}","templated":true}]}}