{"id":1582,"date":"2026-01-02T15:22:45","date_gmt":"2026-01-02T15:22:45","guid":{"rendered":"https:\/\/iota-society.com\/?page_id=1582"},"modified":"2026-01-07T18:05:19","modified_gmt":"2026-01-07T18:05:19","slug":"test-de-qi-vs-free-item-4","status":"publish","type":"page","link":"https:\/\/iota-society.com\/index.php\/test-de-qi-vs-free-item-4\/","title":{"rendered":"Test de QI vs Free item 4"},"content":{"rendered":"\t\t<div data-elementor-type=\"wp-page\" data-elementor-id=\"1582\" class=\"elementor elementor-1582\">\n\t\t\t\t<div class=\"elementor-element elementor-element-c1dc57d e-flex e-con-boxed e-con e-parent\" data-id=\"c1dc57d\" data-element_type=\"container\" data-e-type=\"container\">\n\t\t\t\t\t<div class=\"e-con-inner\">\n\t\t\t\t<div class=\"elementor-element elementor-element-8582ccc elementor-widget elementor-widget-heading\" data-id=\"8582ccc\" data-element_type=\"widget\" data-e-type=\"widget\" data-widget_type=\"heading.default\">\n\t\t\t\t\t<h2 class=\"elementor-heading-title elementor-size-default\">Architecture du Sens<\/h2>\t\t\t\t<\/div>\n\t\t\t\t<div class=\"elementor-element elementor-element-f1a8c33 elementor-widget elementor-widget-spacer\" data-id=\"f1a8c33\" data-element_type=\"widget\" data-e-type=\"widget\" data-widget_type=\"spacer.default\">\n\t\t\t\t\t\t\t<div class=\"elementor-spacer\">\n\t\t\t<div class=\"elementor-spacer-inner\"><\/div>\n\t\t<\/div>\n\t\t\t\t\t\t<\/div>\n\t\t\t\t<div class=\"elementor-element elementor-element-533d651 elementor-widget elementor-widget-text-editor\" data-id=\"533d651\" data-element_type=\"widget\" data-e-type=\"widget\" data-widget_type=\"text-editor.default\">\n\t\t\t\t\t\t\t\t\t<p>Trouv\u00e9 l\u2019intrus, recopi\u00e9 l\u2019\u00e9l\u00e9ment qui est incoh\u00e9rent et l\u2019\u00e9crire sans majuscule.<\/p>\t\t\t\t\t\t\t\t<\/div>\n\t\t\t\t<div class=\"elementor-element elementor-element-e2759f8 elementor-widget elementor-widget-spacer\" data-id=\"e2759f8\" data-element_type=\"widget\" data-e-type=\"widget\" data-widget_type=\"spacer.default\">\n\t\t\t\t\t\t\t<div class=\"elementor-spacer\">\n\t\t\t<div class=\"elementor-spacer-inner\"><\/div>\n\t\t<\/div>\n\t\t\t\t\t\t<\/div>\n\t\t<div class=\"elementor-element elementor-element-4155f85 e-grid e-con-full e-con e-child\" data-id=\"4155f85\" data-element_type=\"container\" data-e-type=\"container\">\n\t\t\t\t<div class=\"elementor-element elementor-element-161f167 elementor-widget elementor-widget-text-editor\" data-id=\"161f167\" data-element_type=\"widget\" data-e-type=\"widget\" data-widget_type=\"text-editor.default\">\n\t\t\t\t\t\t\t\t\t<p>\u00a0<\/p><p>\u00a0<\/p><p>\u00a0<\/p><p>\u00a0 \u00a0 \u00a0 \u00a0 \u00a0 \u00a0 \u00a0 \u00a0 \u00a0 \u00a0 \u00a0 Van Gogh<\/p>\t\t\t\t\t\t\t\t<\/div>\n\t\t\t\t<div class=\"elementor-element elementor-element-0cf74b7 elementor-widget elementor-widget-text-editor\" data-id=\"0cf74b7\" data-element_type=\"widget\" data-e-type=\"widget\" data-widget_type=\"text-editor.default\">\n\t\t\t\t\t\t\t\t\t<p>\u00a0<\/p><p>\u00a0<\/p><p>\u00a0<\/p><p>Auguste Rodin<\/p>\t\t\t\t\t\t\t\t<\/div>\n\t\t\t\t<div class=\"elementor-element elementor-element-9e8f803 elementor-widget elementor-widget-text-editor\" data-id=\"9e8f803\" data-element_type=\"widget\" data-e-type=\"widget\" data-widget_type=\"text-editor.default\">\n\t\t\t\t\t\t\t\t\t<p>\u00a0<\/p><p>\u00a0<\/p><p>\u00a0<\/p><p>\u00a0<\/p><p>\u00a0 \u00a0 \u00a0 \u00a0 \u00a0 \u00a0 \u00a0 \u00a0 \u00a0 \u00a0 \u00a0 Pablo Picasso<\/p>\t\t\t\t\t\t\t\t<\/div>\n\t\t\t\t<div class=\"elementor-element elementor-element-8011109 elementor-widget elementor-widget-text-editor\" data-id=\"8011109\" data-element_type=\"widget\" data-e-type=\"widget\" data-widget_type=\"text-editor.default\">\n\t\t\t\t\t\t\t\t\t<p>\u00a0<\/p><p>\u00a0<\/p><p>\u00a0<\/p><p>\u00a0<\/p><p>Gustav Klimt<\/p>\t\t\t\t\t\t\t\t<\/div>\n\t\t\t\t<div class=\"elementor-element elementor-element-a62ce1f elementor-widget elementor-widget-spacer\" data-id=\"a62ce1f\" data-element_type=\"widget\" data-e-type=\"widget\" data-widget_type=\"spacer.default\">\n\t\t\t\t\t\t\t<div class=\"elementor-spacer\">\n\t\t\t<div class=\"elementor-spacer-inner\"><\/div>\n\t\t<\/div>\n\t\t\t\t\t\t<\/div>\n\t\t\t\t<\/div>\n\t\t\t\t\t<\/div>\n\t\t\t\t<\/div>\n\t\t<div class=\"elementor-element elementor-element-a42b556 e-flex e-con-boxed e-con e-parent\" data-id=\"a42b556\" data-element_type=\"container\" data-e-type=\"container\">\n\t\t\t\t\t<div class=\"e-con-inner\">\n\t\t\t\t<div class=\"elementor-element elementor-element-34f31b5 elementor-widget elementor-widget-formidable\" data-id=\"34f31b5\" data-element_type=\"widget\" data-e-type=\"widget\" id=\"iota-answer\" data-widget_type=\"formidable.default\">\n\t\t\t\t<div class=\"elementor-widget-container\">\n\t\t\t\t\t<div class=\"frm_forms  with_frm_style frm_style_style-formidable\" id=\"frm_form_91_container\" data-token=\"f23294f3fe90d11c4f8282c8a58b021e\">\n<form enctype=\"multipart\/form-data\" method=\"post\" class=\"frm-show-form \" id=\"form_dm7g4\" data-token=\"f23294f3fe90d11c4f8282c8a58b021e\">\n<div class=\"frm_form_fields \">\n<fieldset>\n<legend class=\"frm_screen_reader\">F item 4<\/legend>\r\n\r\n<div class=\"frm_fields_container\">\n<input type=\"hidden\" name=\"frm_action\" value=\"create\" \/>\n<input type=\"hidden\" name=\"form_id\" value=\"91\" \/>\n<input type=\"hidden\" name=\"frm_hide_fields_91\" id=\"frm_hide_fields_91\" value=\"\" \/>\n<input type=\"hidden\" name=\"form_key\" value=\"dm7g4\" \/>\n<input type=\"hidden\" name=\"item_meta[0]\" value=\"\" \/>\n<input type=\"hidden\" id=\"frm_submit_entry_91\" name=\"frm_submit_entry_91\" value=\"43c7f6bb6a\" \/><input type=\"hidden\" name=\"_wp_http_referer\" value=\"\/index.php\/wp-json\/wp\/v2\/pages\/1582\" \/><div id=\"frm_field_193_container\" class=\"frm_form_field form-field  frm_top_container\">\n\t<label for=\"field_78dtp\" id=\"field_78dtp_label\" class=\"frm_primary_label\">Trouv\u00e9 l'intrus et l'\u00e9crire ?\n\t\t<span class=\"frm_required\" aria-hidden=\"true\"><\/span>\n\t<\/label>\n\t<input type=\"text\" id=\"field_78dtp\" name=\"item_meta[193]\" value=\"\"  data-invmsg=\"Trouv\u00e9 l&#039;intrus et l&#039;\u00e9crire ? est non valide\" aria-invalid=\"false\"  \/>\n\t\n\t\n<\/div>\n<div id=\"frm_field_192_container\" class=\"frm_form_field form-field \">\r\n\t<div class=\"frm_submit frm_flex\">\r\n<button class=\"frm_button_submit\" type=\"submit\"  >Envoyer<\/button>\r\n\r\n\r\n\r\n<\/div>\r\n<\/div>\n\t<input type=\"hidden\" name=\"item_key\" value=\"\" \/>\n\t\t\t<div id=\"frm_field_257_container\">\n\t\t\t<label for=\"field_82x5v\" >\n\t\t\t\tSi vous \u00eates un humain, ne remplissez pas ce champ.\t\t\t<\/label>\n\t\t\t<input  id=\"field_82x5v\" type=\"text\" class=\"frm_form_field form-field frm_verify\" name=\"item_meta[257]\" value=\"\"  \/>\n\t\t<\/div>\n\t\t<input name=\"frm_state\" type=\"hidden\" value=\"sMTuaVT0ASMTylgqFZmvAFhv\/iqvyCzGE7Hs63ervBY=\" \/><\/div>\n<\/fieldset>\n<\/div>\n\n<\/form>\n<\/div>\n\t\t\t\t<\/div>\n\t\t\t\t<\/div>\n\t\t\t\t<div class=\"elementor-element elementor-element-7b70281 elementor-widget elementor-widget-spacer\" data-id=\"7b70281\" data-element_type=\"widget\" data-e-type=\"widget\" data-widget_type=\"spacer.default\">\n\t\t\t\t\t\t\t<div class=\"elementor-spacer\">\n\t\t\t<div class=\"elementor-spacer-inner\"><\/div>\n\t\t<\/div>\n\t\t\t\t\t\t<\/div>\n\t\t\t\t<div class=\"elementor-element elementor-element-12a2157 elementor-widget elementor-widget-image\" data-id=\"12a2157\" data-element_type=\"widget\" data-e-type=\"widget\" data-widget_type=\"image.default\">\n\t\t\t\t\t\t\t\t\t\t\t\t\t\t\t<img fetchpriority=\"high\" decoding=\"async\" width=\"1024\" height=\"683\" src=\"https:\/\/iota-society.com\/wp-content\/uploads\/2026\/01\/Qi-g-AS-item-4-1024x683.png\" class=\"attachment-large size-large wp-image-1544\" alt=\"\" srcset=\"https:\/\/iota-society.com\/wp-content\/uploads\/2026\/01\/Qi-g-AS-item-4-1024x683.png 1024w, https:\/\/iota-society.com\/wp-content\/uploads\/2026\/01\/Qi-g-AS-item-4-300x200.png 300w, https:\/\/iota-society.com\/wp-content\/uploads\/2026\/01\/Qi-g-AS-item-4-768x512.png 768w, https:\/\/iota-society.com\/wp-content\/uploads\/2026\/01\/Qi-g-AS-item-4.png 1536w\" sizes=\"(max-width: 1024px) 100vw, 1024px\" \/>\t\t\t\t\t\t\t\t\t\t\t\t\t\t\t<\/div>\n\t\t\t\t\t<\/div>\n\t\t\t\t<\/div>\n\t\t<div class=\"elementor-element elementor-element-04f3d0d e-flex e-con-boxed e-con e-parent\" data-id=\"04f3d0d\" data-element_type=\"container\" data-e-type=\"container\">\n\t\t\t\t\t<div class=\"e-con-inner\">\n\t\t\t\t<div class=\"elementor-element elementor-element-e14846c elementor-widget elementor-widget-html\" data-id=\"e14846c\" data-element_type=\"widget\" data-e-type=\"widget\" data-widget_type=\"html.default\">\n\t\t\t\t\t<script>\r\n(function(){\r\n  \/\/ ====== \u00c0 MODIFIER SUR CHAQUE PAGE ======\r\n  const ITEM_NO = 4; \/\/ <- change 1, 2, 3\u2026 24 selon la page\r\n  \/\/ =======================================\r\n\r\n  const KEY = \"IOTA_FREE_ANSWERS_V1\";\r\n\r\n  function load(){\r\n    try { return JSON.parse(localStorage.getItem(KEY) || \"{}\"); }\r\n    catch(e){ return {}; }\r\n  }\r\n  function save(obj){\r\n    localStorage.setItem(KEY, JSON.stringify(obj));\r\n  }\r\n  function setAnswer(val){\r\n    const ans = load();\r\n    ans[String(ITEM_NO)] = String(val ?? \"\");\r\n    save(ans);\r\n  }\r\n  function getAnswer(){\r\n    const ans = load();\r\n    return ans[String(ITEM_NO)] || \"\";\r\n  }\r\n\r\n  \/\/ On cherche le champ Formidable : input texte avec name=\"item_meta[...]\"\r\n  function findField(){\r\n    return document.querySelector('input[name^=\"item_meta[\"][type=\"text\"], textarea[name^=\"item_meta[\"]');\r\n  }\r\n\r\n  document.addEventListener(\"DOMContentLoaded\", function(){\r\n    const field = findField();\r\n    if(!field) {\r\n      console.warn(\"Champ Formidable non trouv\u00e9 pour l'item\", ITEM_NO);\r\n      return;\r\n    }\r\n\r\n    \/\/ 1) Restaurer la valeur si d\u00e9j\u00e0 saisie\r\n    const prev = getAnswer();\r\n    if(prev && !field.value) field.value = prev;\r\n\r\n    \/\/ 2) Sauvegarde au fil de frappe\r\n    field.addEventListener(\"input\", function(){\r\n      setAnswer(field.value);\r\n    });\r\n\r\n    \/\/ 3) Sauvegarde quand on quitte le champ\r\n    field.addEventListener(\"blur\", function(){\r\n      setAnswer(field.value);\r\n    });\r\n  });\r\n\r\n})();\r\n<\/script>\r\n\t\t\t\t<\/div>\n\t\t\t\t\t<\/div>\n\t\t\t\t<\/div>\n\t\t\t\t<\/div>\n\t\t","protected":false},"excerpt":{"rendered":"<p>Architecture du Sens Trouv\u00e9 l\u2019intrus, recopi\u00e9 l\u2019\u00e9l\u00e9ment qui est incoh\u00e9rent et l\u2019\u00e9crire sans majuscule. \u00a0 \u00a0 \u00a0 \u00a0 \u00a0 \u00a0 [&hellip;]<\/p>\n","protected":false},"author":1,"featured_media":0,"parent":0,"menu_order":0,"comment_status":"closed","ping_status":"closed","template":"","meta":{"site-sidebar-layout":"no-sidebar","site-content-layout":"","ast-site-content-layout":"full-width-container","site-content-style":"default","site-sidebar-style":"default","ast-global-header-display":"","ast-banner-title-visibility":"","ast-main-header-display":"","ast-hfb-above-header-display":"","ast-hfb-below-header-display":"","ast-hfb-mobile-header-display":"","site-post-title":"","ast-breadcrumbs-content":"","ast-featured-img":"disabled","footer-sml-layout":"","ast-disable-related-posts":"","theme-transparent-header-meta":"","adv-header-id-meta":"","stick-header-meta":"","header-above-stick-meta":"","header-main-stick-meta":"","header-below-stick-meta":"","astra-migrate-meta-layouts":"default","ast-page-background-enabled":"default","ast-page-background-meta":{"desktop":{"background-color":"var(--ast-global-color-5)","background-image":"","background-repeat":"repeat","background-position":"center center","background-size":"auto","background-attachment":"scroll","background-type":"","background-media":"","overlay-type":"","overlay-color":"","overlay-opacity":"","overlay-gradient":""},"tablet":{"background-color":"","background-image":"","background-repeat":"repeat","background-position":"center center","background-size":"auto","background-attachment":"scroll","background-type":"","background-media":"","overlay-type":"","overlay-color":"","overlay-opacity":"","overlay-gradient":""},"mobile":{"background-color":"","background-image":"","background-repeat":"repeat","background-position":"center center","background-size":"auto","background-attachment":"scroll","background-type":"","background-media":"","overlay-type":"","overlay-color":"","overlay-opacity":"","overlay-gradient":""}},"ast-content-background-meta":{"desktop":{"background-color":"var(--ast-global-color-4)","background-image":"","background-repeat":"repeat","background-position":"center center","background-size":"auto","background-attachment":"scroll","background-type":"","background-media":"","overlay-type":"","overlay-color":"","overlay-opacity":"","overlay-gradient":""},"tablet":{"background-color":"var(--ast-global-color-4)","background-image":"","background-repeat":"repeat","background-position":"center center","background-size":"auto","background-attachment":"scroll","background-type":"","background-media":"","overlay-type":"","overlay-color":"","overlay-opacity":"","overlay-gradient":""},"mobile":{"background-color":"var(--ast-global-color-4)","background-image":"","background-repeat":"repeat","background-position":"center center","background-size":"auto","background-attachment":"scroll","background-type":"","background-media":"","overlay-type":"","overlay-color":"","overlay-opacity":"","overlay-gradient":""}},"footnotes":""},"class_list":["post-1582","page","type-page","status-publish","hentry"],"_links":{"self":[{"href":"https:\/\/iota-society.com\/index.php\/wp-json\/wp\/v2\/pages\/1582","targetHints":{"allow":["GET"]}}],"collection":[{"href":"https:\/\/iota-society.com\/index.php\/wp-json\/wp\/v2\/pages"}],"about":[{"href":"https:\/\/iota-society.com\/index.php\/wp-json\/wp\/v2\/types\/page"}],"author":[{"embeddable":true,"href":"https:\/\/iota-society.com\/index.php\/wp-json\/wp\/v2\/users\/1"}],"replies":[{"embeddable":true,"href":"https:\/\/iota-society.com\/index.php\/wp-json\/wp\/v2\/comments?post=1582"}],"version-history":[{"count":16,"href":"https:\/\/iota-society.com\/index.php\/wp-json\/wp\/v2\/pages\/1582\/revisions"}],"predecessor-version":[{"id":2182,"href":"https:\/\/iota-society.com\/index.php\/wp-json\/wp\/v2\/pages\/1582\/revisions\/2182"}],"wp:attachment":[{"href":"https:\/\/iota-society.com\/index.php\/wp-json\/wp\/v2\/media?parent=1582"}],"curies":[{"name":"wp","href":"https:\/\/api.w.org\/{rel}","templated":true}]}}