{"id":1518,"date":"2026-01-02T11:39:44","date_gmt":"2026-01-02T11:39:44","guid":{"rendered":"https:\/\/iota-society.com\/?page_id=1518"},"modified":"2026-02-07T08:04:12","modified_gmt":"2026-02-07T08:04:12","slug":"acces-au-test-de-qi-consentement","status":"publish","type":"page","link":"https:\/\/iota-society.com\/index.php\/acces-au-test-de-qi-consentement\/","title":{"rendered":"Acc\u00e8s au test de QI consentement"},"content":{"rendered":"\t\t<div data-elementor-type=\"wp-page\" data-elementor-id=\"1518\" class=\"elementor elementor-1518\">\n\t\t\t\t<div class=\"elementor-element elementor-element-3e9d534 e-flex e-con-boxed e-con e-parent\" data-id=\"3e9d534\" data-element_type=\"container\" data-e-type=\"container\">\n\t\t\t\t\t<div class=\"e-con-inner\">\n\t\t\t\t<div class=\"elementor-element elementor-element-bb9ae0f elementor-widget elementor-widget-heading\" data-id=\"bb9ae0f\" data-element_type=\"widget\" data-e-type=\"widget\" data-widget_type=\"heading.default\">\n\t\t\t\t\t<h2 class=\"elementor-heading-title elementor-size-default\">Consentement test qi normal<\/h2>\t\t\t\t<\/div>\n\t\t\t\t<div class=\"elementor-element elementor-element-258a0cb elementor-widget elementor-widget-spacer\" data-id=\"258a0cb\" data-element_type=\"widget\" data-e-type=\"widget\" data-widget_type=\"spacer.default\">\n\t\t\t\t\t\t\t<div class=\"elementor-spacer\">\n\t\t\t<div class=\"elementor-spacer-inner\"><\/div>\n\t\t<\/div>\n\t\t\t\t\t\t<\/div>\n\t\t\t\t<div class=\"elementor-element elementor-element-8b6e1b7 elementor-widget elementor-widget-text-editor\" data-id=\"8b6e1b7\" data-element_type=\"widget\" data-e-type=\"widget\" data-widget_type=\"text-editor.default\">\n\t\t\t\t\t\t\t\t\t<p>Le test IOTA Society est un outil d\u2019\u00e9valuation cognitive \u00e0 vis\u00e9e informative.<\/p><p>\u00a0<\/p><p>\u00a0<\/p><p><br data-start=\"1196\" data-end=\"1199\" \/>Il est r\u00e9serv\u00e9 aux personnes \u00e2g\u00e9es de <strong data-start=\"1239\" data-end=\"1257\">16 ans et plus<\/strong> et ne constitue<\/p><p>\u00a0<\/p><p>\u00a0<\/p><p>pas un diagnostic m\u00e9dical ou psychologique .<\/p>\t\t\t\t\t\t\t\t<\/div>\n\t\t\t\t<div class=\"elementor-element elementor-element-f70a7ca elementor-widget elementor-widget-spacer\" data-id=\"f70a7ca\" data-element_type=\"widget\" data-e-type=\"widget\" data-widget_type=\"spacer.default\">\n\t\t\t\t\t\t\t<div class=\"elementor-spacer\">\n\t\t\t<div class=\"elementor-spacer-inner\"><\/div>\n\t\t<\/div>\n\t\t\t\t\t\t<\/div>\n\t\t\t\t<div class=\"elementor-element elementor-element-aeb0c03 elementor-widget elementor-widget-html\" data-id=\"aeb0c03\" data-element_type=\"widget\" data-e-type=\"widget\" data-widget_type=\"html.default\">\n\t\t\t\t\t<div id=\"iota-consent-box\" style=\"max-width:780px; margin:0 auto; padding:18px; border:1px solid #e5e5e5; border-radius:10px; background:#fff;\">\r\n  <h2 style=\"margin:0 0 10px 0;\">Avant de commencer<\/h2>\r\n\r\n  <p style=\"margin:0 0 12px 0; font-size:16px; line-height:1.6;\">\r\n    Le test IOTA Society est un outil d\u2019\u00e9valuation cognitive \u00e0 vis\u00e9e informative.\r\n    Il est r\u00e9serv\u00e9 aux personnes \u00e2g\u00e9es de <strong>16 ans et plus<\/strong> et ne constitue pas un diagnostic m\u00e9dical ou psychologique.\r\n  <\/p>\r\n\r\n  <div style=\"margin:14px 0 10px 0;\">\r\n    <label style=\"font-size:16px; line-height:1.6; display:block;\">\r\n      <input type=\"checkbox\" id=\"iotaConsentCheck\" style=\"transform:scale(1.15); margin-right:10px; vertical-align:middle;\">\r\n      Je confirme avoir <strong>16 ans ou plus<\/strong> et accepter de passer le test IOTA Society dans un cadre personnel et informatif.\r\n      J\u2019ai pris connaissance de la\r\n      <a href=\"https:\/\/iota-society.com\/index.php\/methodologie-et-conditions\/\" target=\"_blank\" rel=\"noopener noreferrer\">\r\n        M\u00e9thodologie &amp; Conditions\r\n      <\/a>.\r\n    <\/label>\r\n\r\n    <p id=\"iotaError\" style=\"display:none; margin:10px 0 0 0; color:#b00020; font-size:14px;\">\r\n      \u26a0\ufe0f Vous devez cocher la case de consentement pour commencer.\r\n    <\/p>\r\n  <\/div>\r\n\r\n  <button id=\"iotaStartBtn\" disabled\r\n    style=\"padding:12px 22px; font-size:16px; border:0; border-radius:8px; opacity:.55; cursor:not-allowed;\">\r\n    Commencer le test\r\n  <\/button>\r\n\r\n  <p style=\"margin:12px 0 0 0; font-size:13px; color:#666; line-height:1.5;\">\r\n    Astuce : le bouton s\u2019active uniquement apr\u00e8s consentement.\r\n  <\/p>\r\n<\/div>\r\n\r\n<script>\r\n  (function () {\r\n    const check = document.getElementById(\"iotaConsentCheck\");\r\n    const btn = document.getElementById(\"iotaStartBtn\");\r\n    const err = document.getElementById(\"iotaError\");\r\n\r\n    \/\/ URL de la 1\u00e8re page du test normal\r\n    const targetUrl = \"https:\/\/iota-society.com\/index.php\/fragments-logiques\/\";\r\n\r\n    function setBtnState(enabled) {\r\n      btn.disabled = !enabled;\r\n      btn.style.opacity = enabled ? \"1\" : \".55\";\r\n      btn.style.cursor = enabled ? \"pointer\" : \"not-allowed\";\r\n    }\r\n\r\n    setBtnState(false);\r\n\r\n    check.addEventListener(\"change\", function () {\r\n      if (this.checked) {\r\n        err.style.display = \"none\";\r\n        setBtnState(true);\r\n      } else {\r\n        setBtnState(false);\r\n      }\r\n    });\r\n\r\n    btn.addEventListener(\"click\", function (e) {\r\n      e.preventDefault();\r\n\r\n      if (!check.checked) {\r\n        err.style.display = \"block\";\r\n        return;\r\n      }\r\n\r\n      \/\/ Cookie \"pass\" valable 1 heure pour autoriser l'acc\u00e8s \u00e0 la page du test\r\n      document.cookie = \"iota_consent_normal=1; path=\/; max-age=3600; samesite=lax\";\r\n\r\n      \/\/ Redirection vers le test\r\n      window.location.href = targetUrl;\r\n    });\r\n  })();\r\n<\/script>\r\n\t\t\t\t<\/div>\n\t\t\t\t\t<\/div>\n\t\t\t\t<\/div>\n\t\t\t\t<\/div>\n\t\t","protected":false},"excerpt":{"rendered":"<p>Consentement test qi normal Le test IOTA Society est un outil d\u2019\u00e9valuation cognitive \u00e0 vis\u00e9e informative. \u00a0 \u00a0 Il est [&hellip;]<\/p>\n","protected":false},"author":1,"featured_media":0,"parent":0,"menu_order":0,"comment_status":"closed","ping_status":"closed","template":"","meta":{"site-sidebar-layout":"no-sidebar","site-content-layout":"","ast-site-content-layout":"full-width-container","site-content-style":"default","site-sidebar-style":"default","ast-global-header-display":"","ast-banner-title-visibility":"","ast-main-header-display":"","ast-hfb-above-header-display":"","ast-hfb-below-header-display":"","ast-hfb-mobile-header-display":"","site-post-title":"","ast-breadcrumbs-content":"","ast-featured-img":"disabled","footer-sml-layout":"","ast-disable-related-posts":"","theme-transparent-header-meta":"","adv-header-id-meta":"","stick-header-meta":"","header-above-stick-meta":"","header-main-stick-meta":"","header-below-stick-meta":"","astra-migrate-meta-layouts":"default","ast-page-background-enabled":"default","ast-page-background-meta":{"desktop":{"background-color":"var(--ast-global-color-5)","background-image":"","background-repeat":"repeat","background-position":"center center","background-size":"auto","background-attachment":"scroll","background-type":"","background-media":"","overlay-type":"","overlay-color":"","overlay-opacity":"","overlay-gradient":""},"tablet":{"background-color":"","background-image":"","background-repeat":"repeat","background-position":"center center","background-size":"auto","background-attachment":"scroll","background-type":"","background-media":"","overlay-type":"","overlay-color":"","overlay-opacity":"","overlay-gradient":""},"mobile":{"background-color":"","background-image":"","background-repeat":"repeat","background-position":"center center","background-size":"auto","background-attachment":"scroll","background-type":"","background-media":"","overlay-type":"","overlay-color":"","overlay-opacity":"","overlay-gradient":""}},"ast-content-background-meta":{"desktop":{"background-color":"var(--ast-global-color-4)","background-image":"","background-repeat":"repeat","background-position":"center center","background-size":"auto","background-attachment":"scroll","background-type":"","background-media":"","overlay-type":"","overlay-color":"","overlay-opacity":"","overlay-gradient":""},"tablet":{"background-color":"var(--ast-global-color-4)","background-image":"","background-repeat":"repeat","background-position":"center center","background-size":"auto","background-attachment":"scroll","background-type":"","background-media":"","overlay-type":"","overlay-color":"","overlay-opacity":"","overlay-gradient":""},"mobile":{"background-color":"var(--ast-global-color-4)","background-image":"","background-repeat":"repeat","background-position":"center center","background-size":"auto","background-attachment":"scroll","background-type":"","background-media":"","overlay-type":"","overlay-color":"","overlay-opacity":"","overlay-gradient":""}},"footnotes":""},"class_list":["post-1518","page","type-page","status-publish","hentry"],"_links":{"self":[{"href":"https:\/\/iota-society.com\/index.php\/wp-json\/wp\/v2\/pages\/1518","targetHints":{"allow":["GET"]}}],"collection":[{"href":"https:\/\/iota-society.com\/index.php\/wp-json\/wp\/v2\/pages"}],"about":[{"href":"https:\/\/iota-society.com\/index.php\/wp-json\/wp\/v2\/types\/page"}],"author":[{"embeddable":true,"href":"https:\/\/iota-society.com\/index.php\/wp-json\/wp\/v2\/users\/1"}],"replies":[{"embeddable":true,"href":"https:\/\/iota-society.com\/index.php\/wp-json\/wp\/v2\/comments?post=1518"}],"version-history":[{"count":19,"href":"https:\/\/iota-society.com\/index.php\/wp-json\/wp\/v2\/pages\/1518\/revisions"}],"predecessor-version":[{"id":4375,"href":"https:\/\/iota-society.com\/index.php\/wp-json\/wp\/v2\/pages\/1518\/revisions\/4375"}],"wp:attachment":[{"href":"https:\/\/iota-society.com\/index.php\/wp-json\/wp\/v2\/media?parent=1518"}],"curies":[{"name":"wp","href":"https:\/\/api.w.org\/{rel}","templated":true}]}}