{"id":15,"date":"2025-12-20T10:03:28","date_gmt":"2025-12-20T10:03:28","guid":{"rendered":"https:\/\/iota-society.com\/?page_id=15"},"modified":"2025-12-25T07:59:13","modified_gmt":"2025-12-25T07:59:13","slug":"a-propos","status":"publish","type":"page","link":"https:\/\/iota-society.com\/index.php\/a-propos\/","title":{"rendered":"A propos"},"content":{"rendered":"\t\t<div data-elementor-type=\"wp-page\" data-elementor-id=\"15\" class=\"elementor elementor-15\">\n\t\t\t\t<div class=\"elementor-element elementor-element-c2f253b e-flex e-con-boxed e-con e-parent\" data-id=\"c2f253b\" data-element_type=\"container\" data-e-type=\"container\">\n\t\t\t\t\t<div class=\"e-con-inner\">\n\t\t\t\t<div class=\"elementor-element elementor-element-4b71af7 elementor-widget elementor-widget-text-editor\" data-id=\"4b71af7\" data-element_type=\"widget\" data-e-type=\"widget\" data-widget_type=\"text-editor.default\">\n\t\t\t\t\t\t\t\t\t<h1><strong>A propos<\/strong><\/h1>\t\t\t\t\t\t\t\t<\/div>\n\t\t\t\t<div class=\"elementor-element elementor-element-62f6731 elementor-widget elementor-widget-text-editor\" data-id=\"62f6731\" data-element_type=\"widget\" data-e-type=\"widget\" data-widget_type=\"text-editor.default\">\n\t\t\t\t\t\t\t\t\t<h2>IOTA Society<\/h2><p><strong>IOTA Society<\/strong> se veut un espace de r\u00e9flexion, d\u2019\u00e9change et d\u2019\u00e9valuation intellectuelle, articul\u00e9 autour de tests, d\u2019articles et de discussions ouvertes.<\/p><p>\u00a0<\/p><p>\u00a0<\/p><p>Le site propose notamment :<\/p><ul><li>un <strong>test de QI<\/strong> d\u00e9clin\u00e9 en deux niveaux (<em>normal<\/em> et <em>hard mode<\/em>),<\/li><li>un <strong>blog<\/strong> abordant des th\u00e9matiques vari\u00e9es,<\/li><li>un <strong>espace de discussion<\/strong> favorisant l\u2019\u00e9change d\u2019id\u00e9es et le d\u00e9bat argument\u00e9.<\/li><\/ul><p>Chaque sujet est trait\u00e9 avec une exigence constante : <strong>les sources sont cit\u00e9es lorsqu\u2019elles existent<\/strong>, et les publications visent \u00e0 ouvrir des pistes de r\u00e9flexion plut\u00f4t qu\u2019\u00e0 imposer des conclusions.<\/p><hr \/><h2>\u00c0 propos des tests<\/h2><p>Les tests propos\u00e9s sur IOTA Society <strong>n\u2019ont en aucun cas de valeur psychotechnique officielle<\/strong>.<\/p><p>Seul un <strong>professionnel habilit\u00e9<\/strong> est en mesure de pratiquer des tests d\u2019intelligence reconnus et norm\u00e9s.<br \/>Ici, l\u2019objectif est diff\u00e9rent.<\/p><p>Il s\u2019agit avant tout de <strong>s\u2019exercer<\/strong>, de <strong>s\u2019amuser<\/strong> et de <strong>stimuler des comp\u00e9tences cognitives vari\u00e9es<\/strong> \u00e0 travers des exercices exigeants, parfois ludiques, parfois plus conceptuels.<\/p><p>Ces comp\u00e9tences peuvent, par leur nature, <strong>flirter avec le facteur <em>g<\/em><\/strong> de l\u2019intelligence, sans jamais pr\u00e9tendre s\u2019y substituer de mani\u00e8re clinique ou diagnostique.<\/p><hr \/><h2>\u00c0 propos des articles<\/h2><p>Les articles publi\u00e9s sur IOTA Society sont le fruit :<\/p><ul><li>de <strong>lectures approfondies<\/strong>,<\/li><li>de <strong>visionnages de documentaires et de m\u00e9dias vari\u00e9s<\/strong>,<\/li><li>et d\u2019une <strong>r\u00e9flexion personnelle m\u00fbrie<\/strong>, visant \u00e0 aborder les sujets avec recul et profondeur.<\/li><\/ul><p>Ils sont r\u00e9dig\u00e9s par des personnes <strong>en capacit\u00e9 d\u2019analyse<\/strong>, avec le souci constant de clart\u00e9 intellectuelle, de rigueur et d\u2019honn\u00eatet\u00e9 intellectuelle.<\/p><p>IOTA Society ne cherche ni le sensationnel ni la simplification excessive, mais une <strong>compr\u00e9hension plus fine du monde, de l\u2019esprit et des id\u00e9es<\/strong>.<\/p>\t\t\t\t\t\t\t\t<\/div>\n\t\t\t\t\t<\/div>\n\t\t\t\t<\/div>\n\t\t<div class=\"elementor-element elementor-element-9018c2a e-flex e-con-boxed e-con e-parent\" data-id=\"9018c2a\" data-element_type=\"container\" data-e-type=\"container\">\n\t\t\t\t\t<div class=\"e-con-inner\">\n\t\t\t\t<div class=\"elementor-element elementor-element-1b6251c elementor-widget elementor-widget-image\" data-id=\"1b6251c\" data-element_type=\"widget\" data-e-type=\"widget\" data-widget_type=\"image.default\">\n\t\t\t\t\t\t\t\t\t\t\t\t\t\t\t<img fetchpriority=\"high\" decoding=\"async\" width=\"683\" height=\"1024\" src=\"https:\/\/iota-society.com\/wp-content\/uploads\/2025\/12\/De-Vinci-par-le-Caravage-683x1024.png\" class=\"attachment-large size-large wp-image-69\" alt=\"\" srcset=\"https:\/\/iota-society.com\/wp-content\/uploads\/2025\/12\/De-Vinci-par-le-Caravage-683x1024.png 683w, https:\/\/iota-society.com\/wp-content\/uploads\/2025\/12\/De-Vinci-par-le-Caravage-200x300.png 200w, https:\/\/iota-society.com\/wp-content\/uploads\/2025\/12\/De-Vinci-par-le-Caravage-768x1152.png 768w, https:\/\/iota-society.com\/wp-content\/uploads\/2025\/12\/De-Vinci-par-le-Caravage.png 1024w\" sizes=\"(max-width: 683px) 100vw, 683px\" \/>\t\t\t\t\t\t\t\t\t\t\t\t\t\t\t<\/div>\n\t\t\t\t\t<\/div>\n\t\t\t\t<\/div>\n\t\t<div class=\"elementor-element elementor-element-f197aa8 e-flex e-con-boxed e-con e-parent\" data-id=\"f197aa8\" data-element_type=\"container\" data-e-type=\"container\">\n\t\t\t\t\t<div class=\"e-con-inner\">\n\t\t\t\t<div class=\"elementor-element elementor-element-9171c64 elementor-widget elementor-widget-heading\" data-id=\"9171c64\" data-element_type=\"widget\" data-e-type=\"widget\" data-widget_type=\"heading.default\">\n\t\t\t\t\t<h2 class=\"elementor-heading-title elementor-size-default\">Le Caravage peint avec sa technique de clair obscur Leonard de Vinci en train d'apporter \n\nquelques touches \u00e0 son tableau de La Joconde<\/h2>\t\t\t\t<\/div>\n\t\t\t\t\t<\/div>\n\t\t\t\t<\/div>\n\t\t\t\t<\/div>\n\t\t","protected":false},"excerpt":{"rendered":"<p>A propos IOTA Society IOTA Society se veut un espace de r\u00e9flexion, d\u2019\u00e9change et d\u2019\u00e9valuation intellectuelle, articul\u00e9 autour de tests, [&hellip;]<\/p>\n","protected":false},"author":1,"featured_media":0,"parent":0,"menu_order":0,"comment_status":"closed","ping_status":"closed","template":"","meta":{"site-sidebar-layout":"default","site-content-layout":"","ast-site-content-layout":"default","site-content-style":"default","site-sidebar-style":"default","ast-global-header-display":"","ast-banner-title-visibility":"","ast-main-header-display":"","ast-hfb-above-header-display":"","ast-hfb-below-header-display":"","ast-hfb-mobile-header-display":"","site-post-title":"","ast-breadcrumbs-content":"","ast-featured-img":"","footer-sml-layout":"","ast-disable-related-posts":"","theme-transparent-header-meta":"","adv-header-id-meta":"","stick-header-meta":"","header-above-stick-meta":"","header-main-stick-meta":"","header-below-stick-meta":"","astra-migrate-meta-layouts":"default","ast-page-background-enabled":"default","ast-page-background-meta":{"desktop":{"background-color":"var(--ast-global-color-5)","background-image":"","background-repeat":"repeat","background-position":"center center","background-size":"auto","background-attachment":"scroll","background-type":"","background-media":"","overlay-type":"","overlay-color":"","overlay-opacity":"","overlay-gradient":""},"tablet":{"background-color":"","background-image":"","background-repeat":"repeat","background-position":"center center","background-size":"auto","background-attachment":"scroll","background-type":"","background-media":"","overlay-type":"","overlay-color":"","overlay-opacity":"","overlay-gradient":""},"mobile":{"background-color":"","background-image":"","background-repeat":"repeat","background-position":"center center","background-size":"auto","background-attachment":"scroll","background-type":"","background-media":"","overlay-type":"","overlay-color":"","overlay-opacity":"","overlay-gradient":""}},"ast-content-background-meta":{"desktop":{"background-color":"var(--ast-global-color-4)","background-image":"","background-repeat":"repeat","background-position":"center center","background-size":"auto","background-attachment":"scroll","background-type":"","background-media":"","overlay-type":"","overlay-color":"","overlay-opacity":"","overlay-gradient":""},"tablet":{"background-color":"var(--ast-global-color-4)","background-image":"","background-repeat":"repeat","background-position":"center center","background-size":"auto","background-attachment":"scroll","background-type":"","background-media":"","overlay-type":"","overlay-color":"","overlay-opacity":"","overlay-gradient":""},"mobile":{"background-color":"var(--ast-global-color-4)","background-image":"","background-repeat":"repeat","background-position":"center center","background-size":"auto","background-attachment":"scroll","background-type":"","background-media":"","overlay-type":"","overlay-color":"","overlay-opacity":"","overlay-gradient":""}},"footnotes":""},"class_list":["post-15","page","type-page","status-publish","hentry"],"_links":{"self":[{"href":"https:\/\/iota-society.com\/index.php\/wp-json\/wp\/v2\/pages\/15","targetHints":{"allow":["GET"]}}],"collection":[{"href":"https:\/\/iota-society.com\/index.php\/wp-json\/wp\/v2\/pages"}],"about":[{"href":"https:\/\/iota-society.com\/index.php\/wp-json\/wp\/v2\/types\/page"}],"author":[{"embeddable":true,"href":"https:\/\/iota-society.com\/index.php\/wp-json\/wp\/v2\/users\/1"}],"replies":[{"embeddable":true,"href":"https:\/\/iota-society.com\/index.php\/wp-json\/wp\/v2\/comments?post=15"}],"version-history":[{"count":19,"href":"https:\/\/iota-society.com\/index.php\/wp-json\/wp\/v2\/pages\/15\/revisions"}],"predecessor-version":[{"id":197,"href":"https:\/\/iota-society.com\/index.php\/wp-json\/wp\/v2\/pages\/15\/revisions\/197"}],"wp:attachment":[{"href":"https:\/\/iota-society.com\/index.php\/wp-json\/wp\/v2\/media?parent=15"}],"curies":[{"name":"wp","href":"https:\/\/api.w.org\/{rel}","templated":true}]}}