{"id":1266,"date":"2025-12-30T16:14:24","date_gmt":"2025-12-30T16:14:24","guid":{"rendered":"https:\/\/iota-society.com\/?page_id=1266"},"modified":"2026-01-18T16:09:41","modified_gmt":"2026-01-18T16:09:41","slug":"test-de-qi-normal-item-76","status":"publish","type":"page","link":"https:\/\/iota-society.com\/index.php\/test-de-qi-normal-item-76\/","title":{"rendered":"Test de qi normal &#8211; item 76"},"content":{"rendered":"\t\t<div data-elementor-type=\"wp-page\" data-elementor-id=\"1266\" class=\"elementor elementor-1266\">\n\t\t\t\t<div class=\"elementor-element elementor-element-d2a3f09 e-flex e-con-boxed e-con e-parent\" data-id=\"d2a3f09\" data-element_type=\"container\" data-e-type=\"container\">\n\t\t\t\t\t<div class=\"e-con-inner\">\n\t\t\t\t<div class=\"elementor-element elementor-element-d435871 elementor-widget elementor-widget-heading\" data-id=\"d435871\" data-element_type=\"widget\" data-e-type=\"widget\" data-widget_type=\"heading.default\">\n\t\t\t\t\t<h2 class=\"elementor-heading-title elementor-size-default\">Calculs Impossibles<\/h2>\t\t\t\t<\/div>\n\t\t\t\t<div class=\"elementor-element elementor-element-77b0b15 elementor-widget elementor-widget-spacer\" data-id=\"77b0b15\" data-element_type=\"widget\" data-e-type=\"widget\" data-widget_type=\"spacer.default\">\n\t\t\t\t\t\t\t<div class=\"elementor-spacer\">\n\t\t\t<div class=\"elementor-spacer-inner\"><\/div>\n\t\t<\/div>\n\t\t\t\t\t\t<\/div>\n\t\t\t\t<div class=\"elementor-element elementor-element-01d4ff7 elementor-widget elementor-widget-text-editor\" data-id=\"01d4ff7\" data-element_type=\"widget\" data-e-type=\"widget\" data-widget_type=\"text-editor.default\">\n\t\t\t\t\t\t\t\t\t<p><br \/>R\u00e9solvez cette \u00e9quation complexe<\/p>\t\t\t\t\t\t\t\t<\/div>\n\t\t\t\t<div class=\"elementor-element elementor-element-c3ea175 elementor-widget elementor-widget-spacer\" data-id=\"c3ea175\" data-element_type=\"widget\" data-e-type=\"widget\" data-widget_type=\"spacer.default\">\n\t\t\t\t\t\t\t<div class=\"elementor-spacer\">\n\t\t\t<div class=\"elementor-spacer-inner\"><\/div>\n\t\t<\/div>\n\t\t\t\t\t\t<\/div>\n\t\t\t\t<div class=\"elementor-element elementor-element-2ffd93f elementor-widget elementor-widget-text-editor\" data-id=\"2ffd93f\" data-element_type=\"widget\" data-e-type=\"widget\" data-widget_type=\"text-editor.default\">\n\t\t\t\t\t\t\t\t\t<p><br \/>Donnez la r\u00e9ponse exacte elle peut \u00eatre sous diff\u00e9rentes formes un chiffre,<\/p><p>\u00a0<\/p><p>un nombre ou un couple de nombres dans ce cas juste un espace entre les deux<\/p><p>\u00a0<\/p><p>pas de ponctuations<\/p>\t\t\t\t\t\t\t\t<\/div>\n\t\t\t\t<div class=\"elementor-element elementor-element-8d21c3b elementor-widget elementor-widget-spacer\" data-id=\"8d21c3b\" data-element_type=\"widget\" data-e-type=\"widget\" data-widget_type=\"spacer.default\">\n\t\t\t\t\t\t\t<div class=\"elementor-spacer\">\n\t\t\t<div class=\"elementor-spacer-inner\"><\/div>\n\t\t<\/div>\n\t\t\t\t\t\t<\/div>\n\t\t\t\t<div class=\"elementor-element elementor-element-7faf5dc elementor-widget elementor-widget-text-editor\" data-id=\"7faf5dc\" data-element_type=\"widget\" data-e-type=\"widget\" data-widget_type=\"text-editor.default\">\n\t\t\t\t\t\t\t\t\t<p><br \/>a et b appartiennent au groupe N des entiers naturels<\/p>\t\t\t\t\t\t\t\t<\/div>\n\t\t\t\t<div class=\"elementor-element elementor-element-ab51702 elementor-widget elementor-widget-spacer\" data-id=\"ab51702\" data-element_type=\"widget\" data-e-type=\"widget\" data-widget_type=\"spacer.default\">\n\t\t\t\t\t\t\t<div class=\"elementor-spacer\">\n\t\t\t<div class=\"elementor-spacer-inner\"><\/div>\n\t\t<\/div>\n\t\t\t\t\t\t<\/div>\n\t\t\t\t<div class=\"elementor-element elementor-element-0318c51 elementor-widget elementor-widget-text-editor\" data-id=\"0318c51\" data-element_type=\"widget\" data-e-type=\"widget\" data-widget_type=\"text-editor.default\">\n\t\t\t\t\t\t\t\t\t<p>a + b = 70 et a x b = 1189<\/p>\t\t\t\t\t\t\t\t<\/div>\n\t\t\t\t\t<\/div>\n\t\t\t\t<\/div>\n\t\t<div class=\"elementor-element elementor-element-20fba0f e-flex e-con-boxed e-con e-parent\" data-id=\"20fba0f\" data-element_type=\"container\" data-e-type=\"container\">\n\t\t\t\t\t<div class=\"e-con-inner\">\n\t\t\t\t<div class=\"elementor-element elementor-element-249f1a4 elementor-widget elementor-widget-formidable\" data-id=\"249f1a4\" data-element_type=\"widget\" data-e-type=\"widget\" data-widget_type=\"formidable.default\">\n\t\t\t\t<div class=\"elementor-widget-container\">\n\t\t\t\t\t<div class=\"frm_forms  with_frm_style frm_style_style-formidable\" id=\"frm_form_83_container\" data-token=\"f23294f3fe90d11c4f8282c8a58b021e\">\n<form enctype=\"multipart\/form-data\" method=\"post\" class=\"frm-show-form \" id=\"form_ob3cz\" data-token=\"f23294f3fe90d11c4f8282c8a58b021e\">\n<div class=\"frm_form_fields \">\n<fieldset>\n<legend class=\"frm_screen_reader\">item 76<\/legend>\r\n\r\n<div class=\"frm_fields_container\">\n<input type=\"hidden\" name=\"frm_action\" value=\"create\" \/>\n<input type=\"hidden\" name=\"form_id\" value=\"83\" \/>\n<input type=\"hidden\" name=\"frm_hide_fields_83\" id=\"frm_hide_fields_83\" value=\"\" \/>\n<input type=\"hidden\" name=\"form_key\" value=\"ob3cz\" \/>\n<input type=\"hidden\" name=\"item_meta[0]\" value=\"\" \/>\n<input type=\"hidden\" id=\"frm_submit_entry_83\" name=\"frm_submit_entry_83\" value=\"43c7f6bb6a\" \/><input type=\"hidden\" name=\"_wp_http_referer\" value=\"\/index.php\/wp-json\/wp\/v2\/pages\/1266\" \/><div id=\"frm_field_175_container\" class=\"frm_form_field form-field  frm_top_container\">\n\t<label for=\"field_jnr61\" id=\"field_jnr61_label\" class=\"frm_primary_label\">\u00e9crivez le chiffre, nombre ou couples de solution avec seulement des espaces entre eux \n\t\t<span class=\"frm_required\" aria-hidden=\"true\"><\/span>\n\t<\/label>\n\t<input type=\"text\" id=\"field_jnr61\" name=\"item_meta[175]\" value=\"\"  data-invmsg=\"\u00e9crivez le chiffre, nombre ou couples de solution avec seulement des espaces entre eux  est non valide\" aria-invalid=\"false\"  \/>\n\t\n\t\n<\/div>\n<div id=\"frm_field_174_container\" class=\"frm_form_field form-field \">\r\n\t<div class=\"frm_submit frm_flex\">\r\n<button class=\"frm_button_submit\" type=\"submit\"  >Envoyer<\/button>\r\n\r\n\r\n\r\n<\/div>\r\n<\/div>\n\t<input type=\"hidden\" name=\"item_key\" value=\"\" \/>\n\t\t\t<div id=\"frm_field_257_container\">\n\t\t\t<label for=\"field_o6psv\" >\n\t\t\t\tSi vous \u00eates un humain, ne remplissez pas ce champ.\t\t\t<\/label>\n\t\t\t<input  id=\"field_o6psv\" type=\"text\" class=\"frm_form_field form-field frm_verify\" name=\"item_meta[257]\" value=\"\"  \/>\n\t\t<\/div>\n\t\t<input name=\"frm_state\" type=\"hidden\" value=\"sMTuaVT0ASMTylgqFZmvAFhv\/iqvyCzGE7Hs63ervBY=\" \/><\/div>\n<\/fieldset>\n<\/div>\n\n<\/form>\n<\/div>\n\t\t\t\t<\/div>\n\t\t\t\t<\/div>\n\t\t\t\t\t<\/div>\n\t\t\t\t<\/div>\n\t\t<div class=\"elementor-element elementor-element-1ad4a49 e-flex e-con-boxed e-con e-parent\" data-id=\"1ad4a49\" data-element_type=\"container\" data-e-type=\"container\">\n\t\t\t\t\t<div class=\"e-con-inner\">\n\t\t\t\t<div class=\"elementor-element elementor-element-fccd29a elementor-widget elementor-widget-image\" data-id=\"fccd29a\" data-element_type=\"widget\" data-e-type=\"widget\" data-widget_type=\"image.default\">\n\t\t\t\t\t\t\t\t\t\t\t\t\t\t\t<img fetchpriority=\"high\" decoding=\"async\" width=\"683\" height=\"1024\" src=\"https:\/\/iota-society.com\/wp-content\/uploads\/2025\/12\/CI-item-76-683x1024.png\" class=\"attachment-large size-large wp-image-1297\" alt=\"\" srcset=\"https:\/\/iota-society.com\/wp-content\/uploads\/2025\/12\/CI-item-76-683x1024.png 683w, https:\/\/iota-society.com\/wp-content\/uploads\/2025\/12\/CI-item-76-200x300.png 200w, https:\/\/iota-society.com\/wp-content\/uploads\/2025\/12\/CI-item-76-768x1152.png 768w, https:\/\/iota-society.com\/wp-content\/uploads\/2025\/12\/CI-item-76.png 1024w\" sizes=\"(max-width: 683px) 100vw, 683px\" \/>\t\t\t\t\t\t\t\t\t\t\t\t\t\t\t<\/div>\n\t\t\t\t\t<\/div>\n\t\t\t\t<\/div>\n\t\t<div class=\"elementor-element elementor-element-dd6a2c5 e-flex e-con-boxed e-con e-parent\" data-id=\"dd6a2c5\" data-element_type=\"container\" data-e-type=\"container\">\n\t\t\t\t\t<div class=\"e-con-inner\">\n\t\t\t\t<div class=\"elementor-element elementor-element-24ccab5 elementor-widget elementor-widget-html\" data-id=\"24ccab5\" data-element_type=\"widget\" data-e-type=\"widget\" data-widget_type=\"html.default\">\n\t\t\t\t\t<script>\r\n(function(){const KEY=\"iota_calcimposs_score\",ITEM=76,GOOD=[\"29 41\",\"41 29\"];\r\nconst norm=s=>(s||\"\").toString().trim().toLowerCase().replace(\/\\s+\/g,\" \");\r\nconst getInt=k=>{const n=parseInt(localStorage.getItem(k)||\"0\",10);return Number.isFinite(n)?n:0;};\r\nconst findField=f=>{const els=f.querySelectorAll(\"input,textarea,select\");for(const el of els){if(el.type===\"hidden\"||el.disabled)continue;const t=(el.type||\"\").toLowerCase();if(el.tagName===\"TEXTAREA\"||el.tagName===\"SELECT\")return el;if(el.tagName===\"INPUT\"&&[\"text\",\"number\",\"tel\",\"search\",\"email\",\"url\",\"password\"].includes(t))return el;}return f.querySelector(\"input,textarea,select\");};\r\ndocument.addEventListener(\"submit\",function(e){const f=e.target,done=\"iota_done_\"+ITEM;if(localStorage.getItem(done)===\"1\")return;const field=findField(f);if(!field)return;\r\nif(GOOD.map(norm).includes(norm(field.value)))localStorage.setItem(KEY,String(getInt(KEY)+1));localStorage.setItem(done,\"1\");},true);\r\n})();\r\n<\/script>\r\n\t\t\t\t<\/div>\n\t\t\t\t\t<\/div>\n\t\t\t\t<\/div>\n\t\t\t\t<\/div>\n\t\t","protected":false},"excerpt":{"rendered":"<p>Calculs Impossibles R\u00e9solvez cette \u00e9quation complexe Donnez la r\u00e9ponse exacte elle peut \u00eatre sous diff\u00e9rentes formes un chiffre, \u00a0 un [&hellip;]<\/p>\n","protected":false},"author":1,"featured_media":0,"parent":0,"menu_order":0,"comment_status":"closed","ping_status":"closed","template":"","meta":{"site-sidebar-layout":"no-sidebar","site-content-layout":"","ast-site-content-layout":"full-width-container","site-content-style":"default","site-sidebar-style":"default","ast-global-header-display":"","ast-banner-title-visibility":"","ast-main-header-display":"","ast-hfb-above-header-display":"","ast-hfb-below-header-display":"","ast-hfb-mobile-header-display":"","site-post-title":"","ast-breadcrumbs-content":"","ast-featured-img":"disabled","footer-sml-layout":"","ast-disable-related-posts":"","theme-transparent-header-meta":"","adv-header-id-meta":"","stick-header-meta":"","header-above-stick-meta":"","header-main-stick-meta":"","header-below-stick-meta":"","astra-migrate-meta-layouts":"default","ast-page-background-enabled":"default","ast-page-background-meta":{"desktop":{"background-color":"var(--ast-global-color-5)","background-image":"","background-repeat":"repeat","background-position":"center center","background-size":"auto","background-attachment":"scroll","background-type":"","background-media":"","overlay-type":"","overlay-color":"","overlay-opacity":"","overlay-gradient":""},"tablet":{"background-color":"","background-image":"","background-repeat":"repeat","background-position":"center center","background-size":"auto","background-attachment":"scroll","background-type":"","background-media":"","overlay-type":"","overlay-color":"","overlay-opacity":"","overlay-gradient":""},"mobile":{"background-color":"","background-image":"","background-repeat":"repeat","background-position":"center center","background-size":"auto","background-attachment":"scroll","background-type":"","background-media":"","overlay-type":"","overlay-color":"","overlay-opacity":"","overlay-gradient":""}},"ast-content-background-meta":{"desktop":{"background-color":"var(--ast-global-color-4)","background-image":"","background-repeat":"repeat","background-position":"center center","background-size":"auto","background-attachment":"scroll","background-type":"","background-media":"","overlay-type":"","overlay-color":"","overlay-opacity":"","overlay-gradient":""},"tablet":{"background-color":"var(--ast-global-color-4)","background-image":"","background-repeat":"repeat","background-position":"center center","background-size":"auto","background-attachment":"scroll","background-type":"","background-media":"","overlay-type":"","overlay-color":"","overlay-opacity":"","overlay-gradient":""},"mobile":{"background-color":"var(--ast-global-color-4)","background-image":"","background-repeat":"repeat","background-position":"center center","background-size":"auto","background-attachment":"scroll","background-type":"","background-media":"","overlay-type":"","overlay-color":"","overlay-opacity":"","overlay-gradient":""}},"footnotes":""},"class_list":["post-1266","page","type-page","status-publish","hentry"],"_links":{"self":[{"href":"https:\/\/iota-society.com\/index.php\/wp-json\/wp\/v2\/pages\/1266","targetHints":{"allow":["GET"]}}],"collection":[{"href":"https:\/\/iota-society.com\/index.php\/wp-json\/wp\/v2\/pages"}],"about":[{"href":"https:\/\/iota-society.com\/index.php\/wp-json\/wp\/v2\/types\/page"}],"author":[{"embeddable":true,"href":"https:\/\/iota-society.com\/index.php\/wp-json\/wp\/v2\/users\/1"}],"replies":[{"embeddable":true,"href":"https:\/\/iota-society.com\/index.php\/wp-json\/wp\/v2\/comments?post=1266"}],"version-history":[{"count":16,"href":"https:\/\/iota-society.com\/index.php\/wp-json\/wp\/v2\/pages\/1266\/revisions"}],"predecessor-version":[{"id":3529,"href":"https:\/\/iota-society.com\/index.php\/wp-json\/wp\/v2\/pages\/1266\/revisions\/3529"}],"wp:attachment":[{"href":"https:\/\/iota-society.com\/index.php\/wp-json\/wp\/v2\/media?parent=1266"}],"curies":[{"name":"wp","href":"https:\/\/api.w.org\/{rel}","templated":true}]}}