{"id":113,"date":"2025-12-23T17:06:56","date_gmt":"2025-12-23T17:06:56","guid":{"rendered":"https:\/\/iota-society.com\/?page_id=113"},"modified":"2026-01-18T16:38:17","modified_gmt":"2026-01-18T16:38:17","slug":"post-numero-1","status":"publish","type":"page","link":"https:\/\/iota-society.com\/index.php\/post-numero-1\/","title":{"rendered":"Post num\u00e9ro 1"},"content":{"rendered":"\t\t<div data-elementor-type=\"wp-page\" data-elementor-id=\"113\" class=\"elementor elementor-113\">\n\t\t\t\t<div class=\"elementor-element elementor-element-6b2903a e-flex e-con-boxed e-con e-parent\" data-id=\"6b2903a\" data-element_type=\"container\" data-e-type=\"container\">\n\t\t\t\t\t<div class=\"e-con-inner\">\n\t\t\t\t<div class=\"elementor-element elementor-element-0c4adca elementor-widget elementor-widget-heading\" data-id=\"0c4adca\" data-element_type=\"widget\" data-e-type=\"widget\" data-widget_type=\"heading.default\">\n\t\t\t\t\t<h2 class=\"elementor-heading-title elementor-size-default\">Le Trumpisme ...<\/h2>\t\t\t\t<\/div>\n\t\t\t\t<div class=\"elementor-element elementor-element-62d42fc elementor-widget elementor-widget-heading\" data-id=\"62d42fc\" data-element_type=\"widget\" data-e-type=\"widget\" data-widget_type=\"heading.default\">\n\t\t\t\t\t<h2 class=\"elementor-heading-title elementor-size-default\">Introduction<\/h2>\t\t\t\t<\/div>\n\t\t\t\t<div class=\"elementor-element elementor-element-d01c5a5 elementor-widget elementor-widget-text-editor\" data-id=\"d01c5a5\" data-element_type=\"widget\" data-e-type=\"widget\" data-widget_type=\"text-editor.default\">\n\t\t\t\t\t\t\t\t\t<p data-start=\"1287\" data-end=\"1416\">\u00a0<\/p><p data-start=\"1287\" data-end=\"1416\">Donald Trump est souvent pr\u00e9sent\u00e9 comme une rupture.<\/p><p data-start=\"1287\" data-end=\"1416\">\u00a0<\/p><p data-start=\"1287\" data-end=\"1416\">\u00a0<\/p><p data-start=\"1287\" data-end=\"1416\">Une parenth\u00e8se.<\/p><p data-start=\"1287\" data-end=\"1416\">\u00a0<\/p><p data-start=\"1287\" data-end=\"1416\">\u00a0<\/p><p data-start=\"1287\" data-end=\"1416\">Une aberration dans l\u2019histoire politique am\u00e9ricaine.<\/p><p data-start=\"1421\" data-end=\"1491\">\u00a0<\/p><p data-start=\"1421\" data-end=\"1491\">\u00a0<\/p><p data-start=\"1421\" data-end=\"1491\">Mais cette lecture pose un probl\u00e8me simple :<\/p><p data-start=\"1421\" data-end=\"1491\">\u00a0<\/p><p data-start=\"1421\" data-end=\"1491\">elle n\u2019explique rien.<\/p><p data-start=\"1496\" data-end=\"1735\">\u00a0<\/p><p data-start=\"1496\" data-end=\"1735\">\u00a0<\/p><p data-start=\"1496\" data-end=\"1735\">Pour comprendre ce ph\u00e9nom\u00e8ne, il faut renoncer aux cat\u00e9gories<\/p><p data-start=\"1496\" data-end=\"1735\">\u00a0<\/p><p data-start=\"1496\" data-end=\"1735\">imm\u00e9diates et remonter plus loin.<\/p><p data-start=\"1496\" data-end=\"1735\">\u00a0<\/p><p data-start=\"1496\" data-end=\"1735\">\u00a0<\/p><p data-start=\"1496\" data-end=\"1735\">Non pas vers une id\u00e9ologie pr\u00e9cise, mais vers une tradition am\u00e9ricaine<\/p><p data-start=\"1496\" data-end=\"1735\">\u00a0<\/p><p data-start=\"1496\" data-end=\"1735\">plus ancienne, faite de tensions internes et de contradictions assum\u00e9es.<\/p>\t\t\t\t\t\t\t\t<\/div>\n\t\t\t\t<div class=\"elementor-element elementor-element-8356c2f elementor-widget elementor-widget-heading\" data-id=\"8356c2f\" data-element_type=\"widget\" data-e-type=\"widget\" data-widget_type=\"heading.default\">\n\t\t\t\t\t<h2 class=\"elementor-heading-title elementor-size-default\">Chapitre I - Les origines<\/h2>\t\t\t\t<\/div>\n\t\t\t\t<div class=\"elementor-element elementor-element-408248a elementor-widget elementor-widget-image\" data-id=\"408248a\" data-element_type=\"widget\" data-e-type=\"widget\" data-widget_type=\"image.default\">\n\t\t\t\t\t\t\t\t\t\t\t\t\t\t\t<img fetchpriority=\"high\" decoding=\"async\" width=\"683\" height=\"1024\" src=\"https:\/\/iota-society.com\/wp-content\/uploads\/2025\/12\/Trump-ecole-militaire-de-NY-683x1024.png\" class=\"attachment-large size-large wp-image-229\" alt=\"\" srcset=\"https:\/\/iota-society.com\/wp-content\/uploads\/2025\/12\/Trump-ecole-militaire-de-NY-683x1024.png 683w, https:\/\/iota-society.com\/wp-content\/uploads\/2025\/12\/Trump-ecole-militaire-de-NY-200x300.png 200w, https:\/\/iota-society.com\/wp-content\/uploads\/2025\/12\/Trump-ecole-militaire-de-NY-768x1152.png 768w, https:\/\/iota-society.com\/wp-content\/uploads\/2025\/12\/Trump-ecole-militaire-de-NY.png 1024w\" sizes=\"(max-width: 683px) 100vw, 683px\" \/>\t\t\t\t\t\t\t\t\t\t\t\t\t\t\t<\/div>\n\t\t\t\t<div class=\"elementor-element elementor-element-b20523d elementor-widget elementor-widget-text-editor\" data-id=\"b20523d\" data-element_type=\"widget\" data-e-type=\"widget\" data-widget_type=\"text-editor.default\">\n\t\t\t\t\t\t\t\t\t<p data-start=\"473\" data-end=\"871\">\u00a0<\/p><p data-start=\"473\" data-end=\"871\">N\u00e9 le 14 juin 1946 \u00e0 New York, <strong data-start=\"504\" data-end=\"520\">Donald Trump<\/strong> est d\u2019abord un hommed\u2019affaires, animateur<\/p><p data-start=\"473\" data-end=\"871\">\u00a0<\/p><p data-start=\"473\" data-end=\"871\">et producteur de t\u00e9l\u00e9vision.<\/p><p data-start=\"473\" data-end=\"871\">\u00a0<\/p><p data-start=\"473\" data-end=\"871\">\u00a0<\/p><p data-start=\"473\" data-end=\"871\">Dans une seconde vie, plus tardive et plus d\u00e9cisive, il endosse le costume d\u2019homme d\u2019\u00c9tat<\/p><p data-start=\"473\" data-end=\"871\">\u00a0<\/p><p data-start=\"473\" data-end=\"871\">am\u00e9ricain,membre du Parti r\u00e9publicain.<\/p><p data-start=\"473\" data-end=\"871\">\u00a0<\/p><p data-start=\"473\" data-end=\"871\">\u00a0<\/p><p data-start=\"473\" data-end=\"871\">Il devient le 45\u1d49 puis le 47\u1d49 pr\u00e9sident des \u00c9tats-Unis, en fonction du 20 janvier 2017 au 20 janvier\u00a0<\/p><p data-start=\"473\" data-end=\"871\">\u00a0<\/p><p data-start=\"473\" data-end=\"871\">2021,<\/p><p data-start=\"473\" data-end=\"871\">\u00a0<\/p><p data-start=\"473\" data-end=\"871\">puis \u00e0 nouveau depuis le 20 janvier 2025.<\/p><p data-start=\"873\" data-end=\"1245\">\u00a0<\/p><p data-start=\"873\" data-end=\"1245\">\u00a0<\/p><p data-start=\"873\" data-end=\"1245\">Une partie de son enfance est marqu\u00e9e par un passage \u00e0 la New York Military Academy<\/p><p data-start=\"873\" data-end=\"1245\">\u00a0<\/p><p data-start=\"873\" data-end=\"1245\">, d\u00e9cision prise par son p\u00e8re en raison d\u2019un temp\u00e9rament jug\u00e9 trop turbulent.<\/p><p data-start=\"873\" data-end=\"1245\">\u00a0<\/p><p data-start=\"873\" data-end=\"1245\">\u00a0<\/p><p data-start=\"873\" data-end=\"1245\">Cette exp\u00e9rience disciplinaire pr\u00e9coce, souvent rel\u00e9gu\u00e9e au rang d\u2019anecdote,<\/p><p data-start=\"873\" data-end=\"1245\">\u00a0<\/p><p data-start=\"873\" data-end=\"1245\">constitue pourtant un premier \u00e9l\u00e9ment structurant de son rapport \u00e0 l\u2019autorit\u00e9,<\/p><p data-start=\"873\" data-end=\"1245\">\u00a0<\/p><p data-start=\"873\" data-end=\"1245\">\u00e0 la hi\u00e9rarchie et \u00e0 la mise en sc\u00e8ne de la domination.<\/p><p data-start=\"1247\" data-end=\"1627\">\u00a0<\/p><p data-start=\"1247\" data-end=\"1627\">\u00a0<\/p><p data-start=\"1247\" data-end=\"1627\">Il int\u00e8gre ensuite la <strong data-start=\"1269\" data-end=\"1310\"><span class=\"hover:entity-accent entity-underline inline cursor-pointer align-baseline\"><span class=\"whitespace-normal\">Wharton School<\/span><\/span><\/strong>, l\u2019une des \u00e9coles de commerce les plus prestigieuses au monde,<\/p><p data-start=\"1247\" data-end=\"1627\">\u00a0<\/p><p data-start=\"1247\" data-end=\"1627\">o\u00f9 il se sp\u00e9cialise, sans surprise, dans l\u2019immobilier. Ce parcours, comparable \u00e0 celui d\u2019autres figures<\/p><p data-start=\"1247\" data-end=\"1627\">\u00a0<\/p><p data-start=\"1247\" data-end=\"1627\">du capitalisme contemporain comme Elon Musk, l\u2019inscrit tr\u00e8s t\u00f4t dans une culture de performance,<\/p><p data-start=\"1247\" data-end=\"1627\">\u00a0<\/p><p data-start=\"1247\" data-end=\"1627\">de comp\u00e9tition et de valorisation du succ\u00e8s visible.<\/p><p data-start=\"1629\" data-end=\"1960\">\u00a0<\/p><p data-start=\"1629\" data-end=\"1960\">\u00a0<\/p><p data-start=\"1629\" data-end=\"1960\">\u00c0 l\u2019issue de ses \u00e9tudes, il reprend l\u2019entreprise familiale, au d\u00e9triment de son fr\u00e8re a\u00een\u00e9,<\/p><p data-start=\"1629\" data-end=\"1960\">\u00a0<\/p><p data-start=\"1629\" data-end=\"1960\">mort pr\u00e9matur\u00e9ment des suites de l\u2019alcoolisme. Il la rebaptise imm\u00e9diatement<\/p><p data-start=\"1629\" data-end=\"1960\">\u00a0<\/p><p data-start=\"1629\" data-end=\"1960\"><strong data-start=\"1798\" data-end=\"1824\">The Trump Organization<\/strong>.<\/p><p data-start=\"1629\" data-end=\"1960\">\u00a0<\/p><p data-start=\"1629\" data-end=\"1960\">\u00a0<\/p><p data-start=\"1629\" data-end=\"1960\">Ce geste nominal n\u2019est pas anodin: il marque la centralit\u00e9 de la personne, du nom propre,<\/p><p data-start=\"1629\" data-end=\"1960\">\u00a0<\/p><p data-start=\"1629\" data-end=\"1960\">comme marque, comme r\u00e9cit et comme promesse.<\/p><p data-start=\"1962\" data-end=\"2357\">\u00a0<\/p><p data-start=\"1962\" data-end=\"2357\">\u00a0<\/p><p data-start=\"1962\" data-end=\"2357\">Parall\u00e8lement \u00e0 son activit\u00e9 entrepreneuriale, Donald Trump apprend \u00e0 jouer un autre r\u00f4le, celui,<\/p><p data-start=\"1962\" data-end=\"2357\">\u00a0<\/p><p data-start=\"1962\" data-end=\"2357\">du patron face cam\u00e9ra .<\/p><p data-start=\"1962\" data-end=\"2357\">\u00a0<\/p><p data-start=\"1962\" data-end=\"2357\">\u00a0<\/p><p data-start=\"1962\" data-end=\"2357\">L&rsquo;\u00e9mission de t\u00e9l\u00e9-r\u00e9alit\u00e9\u00a0 The Apprentice, dans laquelle il incarne le boss \u00a0\u00bb tout-puissant\u00a0\u00bb,<\/p><p data-start=\"1962\" data-end=\"2357\">\u00a0<\/p><p data-start=\"1962\" data-end=\"2357\">rencontre un succ\u00e8s d&rsquo;audience massif et contribue \u00e0 forger une image publique fond\u00e9e sur l&rsquo;autorit\u00e9,<\/p><p data-start=\"1962\" data-end=\"2357\">\u00a0<\/p><p data-start=\"1962\" data-end=\"2357\">la d\u00e9cision brutale et la th\u00e9\u00e2tralisation du pouvoir.<\/p><p data-start=\"2359\" data-end=\"2745\">\u00a0<\/p><p data-start=\"2359\" data-end=\"2745\">\u00a0<\/p><p data-start=\"2359\" data-end=\"2745\">Cette construction m\u00e9diatique est renforc\u00e9e par des apparitions culturelles symboliques,<\/p><p data-start=\"2359\" data-end=\"2745\">\u00a0<\/p><p data-start=\"2359\" data-end=\"2745\">notamment un cam\u00e9o dans <strong data-start=\"2472\" data-end=\"2513\"><span class=\"hover:entity-accent entity-underline inline cursor-pointer align-baseline\"><span class=\"whitespace-normal\">Maman, j\u2019ai rat\u00e9 l\u2019avion 2<\/span><\/span><\/strong>, com\u00e9die se d\u00e9roulant \u00e0 New York<\/p><p data-start=\"2359\" data-end=\"2745\">\u00a0<\/p><p data-start=\"2359\" data-end=\"2745\">et largement diffus\u00e9e \u00e0 l\u2019\u00e9chelle mondiale.<\/p><p data-start=\"2359\" data-end=\"2745\">\u00a0<\/p><p data-start=\"2359\" data-end=\"2745\">\u00a0<\/p><p data-start=\"2359\" data-end=\"2745\">En jouant son propre r\u00f4le, Trump ne se contente pas d\u2019appara\u00eetre: il s\u2019inscrit dans l\u2019imaginaire<\/p><p data-start=\"2359\" data-end=\"2745\">\u00a0<\/p><p data-start=\"2359\" data-end=\"2745\">collectif, bien avant toute ambition politique explicite.<\/p>\t\t\t\t\t\t\t\t<\/div>\n\t\t\t\t<div class=\"elementor-element elementor-element-bdb25e0 elementor-widget elementor-widget-heading\" data-id=\"bdb25e0\" data-element_type=\"widget\" data-e-type=\"widget\" data-widget_type=\"heading.default\">\n\t\t\t\t\t<h2 class=\"elementor-heading-title elementor-size-default\">Chapitre 2 - Les mentors<\/h2>\t\t\t\t<\/div>\n\t\t\t\t<div class=\"elementor-element elementor-element-2d9cc35 elementor-widget elementor-widget-text-editor\" data-id=\"2d9cc35\" data-element_type=\"widget\" data-e-type=\"widget\" data-widget_type=\"text-editor.default\">\n\t\t\t\t\t\t\t\t\t<p>\u00a0<\/p><p>Au nombre de trois, ils jalonnent la trajectoire de Donald Trump, fournissant des balises d\u00e9cisives<\/p><p>\u00a0<\/p><p>pour comprendre la formation de sa psych\u00e9 et son \u00e9volution politique.<\/p>\t\t\t\t\t\t\t\t<\/div>\n\t\t\t\t<div class=\"elementor-element elementor-element-c29529e elementor-widget elementor-widget-heading\" data-id=\"c29529e\" data-element_type=\"widget\" data-e-type=\"widget\" data-widget_type=\"heading.default\">\n\t\t\t\t\t<h2 class=\"elementor-heading-title elementor-size-default\">A - Roy Cohn l'avocat du MacCarthysme<\/h2>\t\t\t\t<\/div>\n\t\t\t\t<div class=\"elementor-element elementor-element-2b21d0b elementor-widget__width-initial elementor-widget elementor-widget-text-editor\" data-id=\"2b21d0b\" data-element_type=\"widget\" data-e-type=\"widget\" data-widget_type=\"text-editor.default\">\n\t\t\t\t\t\t\t\t\t<p>\u00a0<\/p><p>N\u00e9 le 20 F\u00e9vrier 1927 lui aussi \u00e0 NY est un avocat pugnace am\u00e9ricain.<\/p><p>\u00a0<\/p><p>\u00a0<\/p><p>L&rsquo;affaire Rosenberg qui a alors \u00e0 un retentissement mondial le fait conna\u00eetre en tant que procureur .<\/p><p>\u00a0<\/p><p>En effet, il conduit\u00a0 l&rsquo;interrogatoire du frere de Madame Rosenberg.<\/p><p>\u00a0<\/p><p>\u00a0<\/p><p>Les deux malheureux \u00e9poux sont reconnus alors coupable d&rsquo;espionnage au profit de l&rsquo;URSS.<\/p><p>\u00a0<\/p><p>Tout naturellement cette affaire le propulse conseiller juridique de MacCarthty<\/p><p>\u00a0<\/p><p>d\u00e8s les ann\u00e9es 50 commence\u00a0 la tristement c\u00e9l\u00e8bre chasse aux sorci\u00e8res des communistes.\u00a0<\/p><p>\u00a0<\/p><p>\u00a0<\/p><p>Cet \u00e9pisode r\u00e9v\u00e8le un avocat aux m\u00e9thodes plus que discutables, avec un parler cru sans filtre<\/p><p>\u00a0<\/p><p>et une tendance \u00e0 d\u00e9tourner la v\u00e9rit\u00e9 \u00e0 son profit.<\/p><p>\u00a0<\/p><p>\u00a0<\/p><p>Au milieu des ann\u00e9es 70, il rejoint la sph\u00e8re de Trump toujours comme conseiller juridique<\/p><p>\u00a0<\/p><p>et lui inculque ses m\u00e9thodes subversives comme un mantra.<\/p><p>\u00a0<\/p><p>\u00a0<\/p><p>Voir sa citation c\u00e9l\u00e8bre<\/p><p>\u00a0<\/p><p>\u00a0<\/p><p>Premi\u00e8rement : ne transigez jamais , n&rsquo;abandonnez jamais<\/p><p>\u00a0<\/p><p>\u00a0<\/p><p>Deuxi\u00e8mement : contre-attaquez imm\u00e9diatement<\/p><p>\u00a0<\/p><p>\u00a0<\/p><p>Troisi\u00e8mement : peu importe ce qui arrive, peu importe \u00e0 quel point vous \u00eates dans la mouise,<\/p><p>\u00a0<\/p><p>revendiquez toujour la victoire<\/p><p>\u00a0<\/p><p>\u00a0<\/p><p>Bien \u00e9videmment il s&rsquo;agit ici d&rsquo;un mantra que trump va appliquer<\/p><p>\u00a0<\/p><p>\u00e0 la lettre\u00a0 sans ambages dans ses relations futures<\/p><p>\u00a0<\/p><p>quelles soient personnelles, professionnelles voire politiques.<\/p><p><span style=\"color: #202122; font-family: sans-serif; font-size: 16px;\">\u00a0<\/span><span id=\"cite_ref-Vanity_Fair_1-5\" class=\"reference\" style=\"line-height: 1; vertical-align: text-top; position: relative; font-size: 0.8em; top: -5px; padding-left: 1px; unicode-bidi: isolate; text-wrap-mode: nowrap; color: #202122; font-family: sans-serif;\"><\/span><\/p>\t\t\t\t\t\t\t\t<\/div>\n\t\t\t\t<div class=\"elementor-element elementor-element-2c59041 elementor-widget elementor-widget-image\" data-id=\"2c59041\" data-element_type=\"widget\" data-e-type=\"widget\" data-widget_type=\"image.default\">\n\t\t\t\t\t\t\t\t\t\t\t\t\t\t\t<img decoding=\"async\" width=\"705\" height=\"470\" src=\"https:\/\/iota-society.com\/wp-content\/uploads\/2025\/12\/Roy-Cohn-et-MacCarthy.png\" class=\"attachment-large size-large wp-image-233\" alt=\"\" srcset=\"https:\/\/iota-society.com\/wp-content\/uploads\/2025\/12\/Roy-Cohn-et-MacCarthy.png 705w, https:\/\/iota-society.com\/wp-content\/uploads\/2025\/12\/Roy-Cohn-et-MacCarthy-300x200.png 300w\" sizes=\"(max-width: 705px) 100vw, 705px\" \/>\t\t\t\t\t\t\t\t\t\t\t\t\t\t\t<\/div>\n\t\t\t\t\t<\/div>\n\t\t\t\t<\/div>\n\t\t<div class=\"elementor-element elementor-element-0b15ef0 e-flex e-con-boxed e-con e-parent\" data-id=\"0b15ef0\" data-element_type=\"container\" data-e-type=\"container\">\n\t\t\t\t\t<div class=\"e-con-inner\">\n\t\t\t\t<div class=\"elementor-element elementor-element-41cf79d elementor-widget elementor-widget-text-editor\" data-id=\"41cf79d\" data-element_type=\"widget\" data-e-type=\"widget\" data-widget_type=\"text-editor.default\">\n\t\t\t\t\t\t\t\t\t<p>MacCarthy \u00e0 gauche et Roy Cohn au proc\u00e8s des \u00e9poux Rosenberg<\/p>\t\t\t\t\t\t\t\t<\/div>\n\t\t\t\t<div class=\"elementor-element elementor-element-ef6d1b2 elementor-widget elementor-widget-spacer\" data-id=\"ef6d1b2\" data-element_type=\"widget\" data-e-type=\"widget\" data-widget_type=\"spacer.default\">\n\t\t\t\t\t\t\t<div class=\"elementor-spacer\">\n\t\t\t<div class=\"elementor-spacer-inner\"><\/div>\n\t\t<\/div>\n\t\t\t\t\t\t<\/div>\n\t\t\t\t\t<\/div>\n\t\t\t\t<\/div>\n\t\t<div class=\"elementor-element elementor-element-9804ed6 e-flex e-con-boxed e-con e-parent\" data-id=\"9804ed6\" data-element_type=\"container\" data-e-type=\"container\">\n\t\t\t\t\t<div class=\"e-con-inner\">\n\t\t\t\t<div class=\"elementor-element elementor-element-83e32c5 elementor-widget elementor-widget-heading\" data-id=\"83e32c5\" data-element_type=\"widget\" data-e-type=\"widget\" data-widget_type=\"heading.default\">\n\t\t\t\t\t<h3 class=\"elementor-heading-title elementor-size-default\">B - Steve Bannon le cerveau de 2016<\/h3>\t\t\t\t<\/div>\n\t\t\t\t<div class=\"elementor-element elementor-element-995c95b elementor-widget elementor-widget-spacer\" data-id=\"995c95b\" data-element_type=\"widget\" data-e-type=\"widget\" data-widget_type=\"spacer.default\">\n\t\t\t\t\t\t\t<div class=\"elementor-spacer\">\n\t\t\t<div class=\"elementor-spacer-inner\"><\/div>\n\t\t<\/div>\n\t\t\t\t\t\t<\/div>\n\t\t\t\t<div class=\"elementor-element elementor-element-237b800 elementor-widget elementor-widget-text-editor\" data-id=\"237b800\" data-element_type=\"widget\" data-e-type=\"widget\" data-widget_type=\"text-editor.default\">\n\t\t\t\t\t\t\t\t\t<p>Steve Bannon est avant tout un spin doctor et un homme de m\u00e9dia.<\/p><p>\u00a0<\/p><p>\u00a0<\/p><p>Selon tous les observateurs il demeure celui qui a fait gagner Trump en 2016<\/p><p>\u00a0<\/p><p>\u00a0<\/p><p>\u00e0 l&rsquo;election de la presidence des Etats Unis.<\/p><p>\u00a0<\/p><p>\u00a0<\/p><p>\u00a0<\/p><p>N\u00e9 en 1953 il est pratiquement de la m\u00eame g\u00e9neration que Donald.<\/p><p>\u00a0<\/p><p>\u00a0<\/p><p>Il fonde en 2007 Breitbart News LLC.<\/p><p>\u00a0<\/p><p>\u00a0<\/p><p>Ce m\u00e9dia navigue \u00e0 l&rsquo;extr\u00eame droite de l&rsquo;\u00e9chiquier politique r\u00e9publicain.<\/p><p>\u00a0<\/p><p>\u00a0<\/p><p>Steve Bannon \u00e9prouve toutes ces th\u00e9ories emprunt\u00e9es en grance partie<\/p><p>\u00a0<\/p><p>\u00a0<\/p><p>aux partis europ\u00e9ens de la droite radicale. Il pr\u00f4ne donc le rejet des \u00e9lites<\/p><p>\u00a0<\/p><p>\u00a0<\/p><p>responsables \u00e0 ces yeux\u00a0 de la situation calamiteuse des USA en mati\u00e8re \u00e9conomique<\/p><p>\u00a0<\/p><p>\u00a0<\/p><p>et g\u00e9opolitique.Il est un des fervents partisan de\u00a0 l&rsquo;arr\u00eat de l&rsquo;immigration<\/p><p>\u00a0<\/p><p>\u00a0<\/p><p>remplac\u00e9e par une immigration choisie avec un profil type<\/p><p>\u00a0<\/p><p>\u00a0<\/p><p>de blanc caucasien dipl\u00f4m\u00e9 paradoxalement ou d&rsquo;asiatique surdipl\u00f4m\u00e9.<\/p><p>\u00a0<\/p><p>\u00a0<\/p><p>\u00a0<\/p><p>\u00a0<\/p><p>Son influence aupr\u00e8s de Trump perdure aujourd&rsquo;hui encore malgr\u00e8s quelques tensions,<\/p><p>\u00a0<\/p><p>\u00a0<\/p><p>le fil de communication n&rsquo;est pas coup\u00e9.<\/p><p>\u00a0<\/p><p>\u00a0<\/p><p>\u00a0<\/p><p>\u00a0<\/p>\t\t\t\t\t\t\t\t<\/div>\n\t\t\t\t<div class=\"elementor-element elementor-element-1575844 elementor-widget elementor-widget-spacer\" data-id=\"1575844\" data-element_type=\"widget\" data-e-type=\"widget\" data-widget_type=\"spacer.default\">\n\t\t\t\t\t\t\t<div class=\"elementor-spacer\">\n\t\t\t<div class=\"elementor-spacer-inner\"><\/div>\n\t\t<\/div>\n\t\t\t\t\t\t<\/div>\n\t\t\t\t<div class=\"elementor-element elementor-element-609d1e6 elementor-widget elementor-widget-image\" data-id=\"609d1e6\" data-element_type=\"widget\" data-e-type=\"widget\" data-widget_type=\"image.default\">\n\t\t\t\t\t\t\t\t\t\t\t\t\t\t\t<img decoding=\"async\" src=\"https:\/\/iota-society.com\/wp-content\/plugins\/elementor\/assets\/images\/placeholder.png\" title=\"\" alt=\"\" loading=\"lazy\" \/>\t\t\t\t\t\t\t\t\t\t\t\t\t\t\t<\/div>\n\t\t\t\t<div class=\"elementor-element elementor-element-7c7291d elementor-widget elementor-widget-heading\" data-id=\"7c7291d\" data-element_type=\"widget\" data-e-type=\"widget\" data-widget_type=\"heading.default\">\n\t\t\t\t\t<h2 class=\"elementor-heading-title elementor-size-default\">Elon Musk le milliardaire Libertarien<\/h2>\t\t\t\t<\/div>\n\t\t\t\t<div class=\"elementor-element elementor-element-ecebe95 elementor-widget elementor-widget-spacer\" data-id=\"ecebe95\" data-element_type=\"widget\" data-e-type=\"widget\" data-widget_type=\"spacer.default\">\n\t\t\t\t\t\t\t<div class=\"elementor-spacer\">\n\t\t\t<div class=\"elementor-spacer-inner\"><\/div>\n\t\t<\/div>\n\t\t\t\t\t\t<\/div>\n\t\t\t\t<div class=\"elementor-element elementor-element-e73329a elementor-widget elementor-widget-text-editor\" data-id=\"e73329a\" data-element_type=\"widget\" data-e-type=\"widget\" data-widget_type=\"text-editor.default\">\n\t\t\t\t\t\t\t\t\t<p>N\u00e9\u00a0<\/p>\t\t\t\t\t\t\t\t<\/div>\n\t\t\t\t\t<\/div>\n\t\t\t\t<\/div>\n\t\t\t\t<\/div>\n\t\t","protected":false},"excerpt":{"rendered":"<p>Le Trumpisme &#8230; Introduction \u00a0 Donald Trump est souvent pr\u00e9sent\u00e9 comme une rupture. \u00a0 \u00a0 Une parenth\u00e8se. \u00a0 \u00a0 Une [&hellip;]<\/p>\n","protected":false},"author":1,"featured_media":0,"parent":0,"menu_order":0,"comment_status":"closed","ping_status":"closed","template":"","meta":{"site-sidebar-layout":"default","site-content-layout":"","ast-site-content-layout":"default","site-content-style":"default","site-sidebar-style":"default","ast-global-header-display":"","ast-banner-title-visibility":"","ast-main-header-display":"","ast-hfb-above-header-display":"","ast-hfb-below-header-display":"","ast-hfb-mobile-header-display":"","site-post-title":"","ast-breadcrumbs-content":"","ast-featured-img":"","footer-sml-layout":"","ast-disable-related-posts":"","theme-transparent-header-meta":"","adv-header-id-meta":"","stick-header-meta":"","header-above-stick-meta":"","header-main-stick-meta":"","header-below-stick-meta":"","astra-migrate-meta-layouts":"default","ast-page-background-enabled":"default","ast-page-background-meta":{"desktop":{"background-color":"var(--ast-global-color-5)","background-image":"","background-repeat":"repeat","background-position":"center center","background-size":"auto","background-attachment":"scroll","background-type":"","background-media":"","overlay-type":"","overlay-color":"","overlay-opacity":"","overlay-gradient":""},"tablet":{"background-color":"","background-image":"","background-repeat":"repeat","background-position":"center center","background-size":"auto","background-attachment":"scroll","background-type":"","background-media":"","overlay-type":"","overlay-color":"","overlay-opacity":"","overlay-gradient":""},"mobile":{"background-color":"","background-image":"","background-repeat":"repeat","background-position":"center center","background-size":"auto","background-attachment":"scroll","background-type":"","background-media":"","overlay-type":"","overlay-color":"","overlay-opacity":"","overlay-gradient":""}},"ast-content-background-meta":{"desktop":{"background-color":"var(--ast-global-color-4)","background-image":"","background-repeat":"repeat","background-position":"center center","background-size":"auto","background-attachment":"scroll","background-type":"","background-media":"","overlay-type":"","overlay-color":"","overlay-opacity":"","overlay-gradient":""},"tablet":{"background-color":"var(--ast-global-color-4)","background-image":"","background-repeat":"repeat","background-position":"center center","background-size":"auto","background-attachment":"scroll","background-type":"","background-media":"","overlay-type":"","overlay-color":"","overlay-opacity":"","overlay-gradient":""},"mobile":{"background-color":"var(--ast-global-color-4)","background-image":"","background-repeat":"repeat","background-position":"center center","background-size":"auto","background-attachment":"scroll","background-type":"","background-media":"","overlay-type":"","overlay-color":"","overlay-opacity":"","overlay-gradient":""}},"footnotes":""},"class_list":["post-113","page","type-page","status-publish","hentry"],"_links":{"self":[{"href":"https:\/\/iota-society.com\/index.php\/wp-json\/wp\/v2\/pages\/113","targetHints":{"allow":["GET"]}}],"collection":[{"href":"https:\/\/iota-society.com\/index.php\/wp-json\/wp\/v2\/pages"}],"about":[{"href":"https:\/\/iota-society.com\/index.php\/wp-json\/wp\/v2\/types\/page"}],"author":[{"embeddable":true,"href":"https:\/\/iota-society.com\/index.php\/wp-json\/wp\/v2\/users\/1"}],"replies":[{"embeddable":true,"href":"https:\/\/iota-society.com\/index.php\/wp-json\/wp\/v2\/comments?post=113"}],"version-history":[{"count":74,"href":"https:\/\/iota-society.com\/index.php\/wp-json\/wp\/v2\/pages\/113\/revisions"}],"predecessor-version":[{"id":3547,"href":"https:\/\/iota-society.com\/index.php\/wp-json\/wp\/v2\/pages\/113\/revisions\/3547"}],"wp:attachment":[{"href":"https:\/\/iota-society.com\/index.php\/wp-json\/wp\/v2\/media?parent=113"}],"curies":[{"name":"wp","href":"https:\/\/api.w.org\/{rel}","templated":true}]}}