{"id":1004,"date":"2025-12-28T13:01:00","date_gmt":"2025-12-28T13:01:00","guid":{"rendered":"https:\/\/iota-society.com\/?page_id=1004"},"modified":"2026-01-20T16:01:22","modified_gmt":"2026-01-20T16:01:22","slug":"test-de-qi-normal-item-51","status":"publish","type":"page","link":"https:\/\/iota-society.com\/index.php\/test-de-qi-normal-item-51\/","title":{"rendered":"Test de qi normal &#8211; item 51"},"content":{"rendered":"\t\t<div data-elementor-type=\"wp-page\" data-elementor-id=\"1004\" class=\"elementor elementor-1004\">\n\t\t\t\t<div class=\"elementor-element elementor-element-477cfb3 e-flex e-con-boxed e-con e-parent\" data-id=\"477cfb3\" data-element_type=\"container\" data-e-type=\"container\">\n\t\t\t\t\t<div class=\"e-con-inner\">\n\t\t\t\t<div class=\"elementor-element elementor-element-c5d2152 elementor-widget elementor-widget-heading\" data-id=\"c5d2152\" data-element_type=\"widget\" data-e-type=\"widget\" data-widget_type=\"heading.default\">\n\t\t\t\t\t<h2 class=\"elementor-heading-title elementor-size-default\">Association d'id\u00e9es <\/h2>\t\t\t\t<\/div>\n\t\t\t\t<div class=\"elementor-element elementor-element-d92748e elementor-widget elementor-widget-spacer\" data-id=\"d92748e\" data-element_type=\"widget\" data-e-type=\"widget\" data-widget_type=\"spacer.default\">\n\t\t\t\t\t\t\t<div class=\"elementor-spacer\">\n\t\t\t<div class=\"elementor-spacer-inner\"><\/div>\n\t\t<\/div>\n\t\t\t\t\t\t<\/div>\n\t\t\t\t<div class=\"elementor-element elementor-element-7b239dc elementor-widget elementor-widget-text-editor\" data-id=\"7b239dc\" data-element_type=\"widget\" data-e-type=\"widget\" data-widget_type=\"text-editor.default\">\n\t\t\t\t\t\t\t\t\t<p><em data-start=\"828\" data-end=\"921\">Ce subtest explore la capacit\u00e9 \u00e0 relier deux \u00e9l\u00e9ments <\/em><em data-start=\"828\" data-end=\"921\">afin d\u2019en faire \u00e9merger<\/em><\/p><p>\u00a0<\/p><p>\u00a0<\/p><p><em data-start=\"828\" data-end=\"921\">un troisi\u00e8me.<\/em><\/p><p>\u00a0<\/p><p>\u00a0<\/p><p>\u00a0<\/p><p><em data-start=\"926\" data-end=\"1029\">Il s\u2019agit d\u2019un exercice d\u2019association d\u2019id\u00e9es et de raisonnement analogique,<\/em><\/p><p>\u00a0<\/p><p>\u00a0<\/p><p><em data-start=\"926\" data-end=\"1029\"> sans vis\u00e9e diagnostique.<\/em><\/p>\t\t\t\t\t\t\t\t<\/div>\n\t\t\t\t<div class=\"elementor-element elementor-element-0905e1c elementor-widget elementor-widget-spacer\" data-id=\"0905e1c\" data-element_type=\"widget\" data-e-type=\"widget\" data-widget_type=\"spacer.default\">\n\t\t\t\t\t\t\t<div class=\"elementor-spacer\">\n\t\t\t<div class=\"elementor-spacer-inner\"><\/div>\n\t\t<\/div>\n\t\t\t\t\t\t<\/div>\n\t\t\t\t<div class=\"elementor-element elementor-element-aebafca elementor-widget elementor-widget-spacer\" data-id=\"aebafca\" data-element_type=\"widget\" data-e-type=\"widget\" data-widget_type=\"spacer.default\">\n\t\t\t\t\t\t\t<div class=\"elementor-spacer\">\n\t\t\t<div class=\"elementor-spacer-inner\"><\/div>\n\t\t<\/div>\n\t\t\t\t\t\t<\/div>\n\t\t\t\t<div class=\"elementor-element elementor-element-56d9593 elementor-widget elementor-widget-text-editor\" data-id=\"56d9593\" data-element_type=\"widget\" data-e-type=\"widget\" data-widget_type=\"text-editor.default\">\n\t\t\t\t\t\t\t\t\t<p>Quel mot nom commun ou nom propre est associ\u00e9 aux deux autres ?<\/p><p>\u00a0<\/p><p>\u00a0<\/p><p>Deux mots doivent donner un troisi\u00e8me par analogie ou raisonnement logique .<\/p>\t\t\t\t\t\t\t\t<\/div>\n\t\t\t\t<div class=\"elementor-element elementor-element-17e9646 elementor-widget elementor-widget-spacer\" data-id=\"17e9646\" data-element_type=\"widget\" data-e-type=\"widget\" data-widget_type=\"spacer.default\">\n\t\t\t\t\t\t\t<div class=\"elementor-spacer\">\n\t\t\t<div class=\"elementor-spacer-inner\"><\/div>\n\t\t<\/div>\n\t\t\t\t\t\t<\/div>\n\t\t<div class=\"elementor-element elementor-element-3bf878c e-grid e-con-full e-con e-child\" data-id=\"3bf878c\" data-element_type=\"container\" data-e-type=\"container\">\n\t\t\t\t<div class=\"elementor-element elementor-element-15a5113 elementor-widget elementor-widget-text-editor\" data-id=\"15a5113\" data-element_type=\"widget\" data-e-type=\"widget\" data-widget_type=\"text-editor.default\">\n\t\t\t\t\t\t\t\t\t<p>\u00a0<\/p><p>\u00a0 \u00a0 \u00a0 \u00a0 \u00a0 \u00a0 \u00a0 \u00a0 \u00a0 \u00a0<\/p><p>\u00a0 \u00a0 \u00a0 \u00a0 \u00a0 \u00a0 \u00a0 \u00a0 \u00a0 \u00a0 \u00a0 \u00a0 \u00a0 \u00a0Nuage<\/p>\t\t\t\t\t\t\t\t<\/div>\n\t\t\t\t<div class=\"elementor-element elementor-element-804be8e elementor-widget elementor-widget-text-editor\" data-id=\"804be8e\" data-element_type=\"widget\" data-e-type=\"widget\" data-widget_type=\"text-editor.default\">\n\t\t\t\t\t\t\t\t\t<p>\u00a0<\/p><p>\u00a0 \u00a0 \u00a0 \u00a0 \u00a0 \u00a0 \u00a0 \u00a0 \u00a0 \u00a0 \u00a0 \u00a0 \u00a0 \u00a0<\/p><p>\u00a0 \u00a0 \u00a0 \u00a0 \u00a0 \u00a0 \u00a0 \u00a0 \u00a0 \u00a0 \u00a0 \u00a0Neige<\/p>\t\t\t\t\t\t\t\t<\/div>\n\t\t\t\t<div class=\"elementor-element elementor-element-9610e0f elementor-widget elementor-widget-spacer\" data-id=\"9610e0f\" data-element_type=\"widget\" data-e-type=\"widget\" data-widget_type=\"spacer.default\">\n\t\t\t\t\t\t\t<div class=\"elementor-spacer\">\n\t\t\t<div class=\"elementor-spacer-inner\"><\/div>\n\t\t<\/div>\n\t\t\t\t\t\t<\/div>\n\t\t\t\t<\/div>\n\t\t\t\t\t<\/div>\n\t\t\t\t<\/div>\n\t\t<div class=\"elementor-element elementor-element-406f5bd e-flex e-con-boxed e-con e-parent\" data-id=\"406f5bd\" data-element_type=\"container\" data-e-type=\"container\">\n\t\t\t\t\t<div class=\"e-con-inner\">\n\t\t\t\t<div class=\"elementor-element elementor-element-259bf6a elementor-widget elementor-widget-formidable\" data-id=\"259bf6a\" data-element_type=\"widget\" data-e-type=\"widget\" data-widget_type=\"formidable.default\">\n\t\t\t\t<div class=\"elementor-widget-container\">\n\t\t\t\t\t<div class=\"frm_forms  with_frm_style frm_style_style-formidable\" id=\"frm_form_57_container\" data-token=\"1e0e9b691998d4b2a15ba99887a3f0a3\">\n<form enctype=\"multipart\/form-data\" method=\"post\" class=\"frm-show-form \" id=\"form_ev7t8\" data-token=\"1e0e9b691998d4b2a15ba99887a3f0a3\">\n<div class=\"frm_form_fields \">\n<fieldset>\n<legend class=\"frm_screen_reader\">item 51<\/legend>\r\n\r\n<div class=\"frm_fields_container\">\n<input type=\"hidden\" name=\"frm_action\" value=\"create\" \/>\n<input type=\"hidden\" name=\"form_id\" value=\"57\" \/>\n<input type=\"hidden\" name=\"frm_hide_fields_57\" id=\"frm_hide_fields_57\" value=\"\" \/>\n<input type=\"hidden\" name=\"form_key\" value=\"ev7t8\" \/>\n<input type=\"hidden\" name=\"item_meta[0]\" value=\"\" \/>\n<input type=\"hidden\" id=\"frm_submit_entry_57\" name=\"frm_submit_entry_57\" value=\"246655955a\" \/><input type=\"hidden\" name=\"_wp_http_referer\" value=\"\/index.php\/wp-json\/wp\/v2\/pages\/1004\" \/><div id=\"frm_field_123_container\" class=\"frm_form_field form-field  frm_top_container\">\n\t<label for=\"field_b241p\" id=\"field_b241p_label\" class=\"frm_primary_label\"> Ecrivez le mot correspondant \n\t\t<span class=\"frm_required\" aria-hidden=\"true\"><\/span>\n\t<\/label>\n\t<input type=\"text\" id=\"field_b241p\" name=\"item_meta[123]\" value=\"\"  data-invmsg=\" Ecrivez le mot correspondant  est non valide\" aria-invalid=\"false\"  \/>\n\t\n\t\n<\/div>\n<div id=\"frm_field_122_container\" class=\"frm_form_field form-field \">\r\n\t<div class=\"frm_submit frm_flex\">\r\n<button class=\"frm_button_submit\" type=\"submit\"  >Envoyer<\/button>\r\n\r\n\r\n\r\n<\/div>\r\n<\/div>\n\t<input type=\"hidden\" name=\"item_key\" value=\"\" \/>\n\t\t\t<div id=\"frm_field_257_container\">\n\t\t\t<label for=\"field_m9okv\" >\n\t\t\t\tSi vous \u00eates un humain, ne remplissez pas ce champ.\t\t\t<\/label>\n\t\t\t<input  id=\"field_m9okv\" type=\"text\" class=\"frm_form_field form-field frm_verify\" name=\"item_meta[257]\" value=\"\"  \/>\n\t\t<\/div>\n\t\t<input name=\"frm_state\" type=\"hidden\" value=\"sMTuaVT0ASMTylgqFZmvAFhv\/iqvyCzGE7Hs63ervBY=\" \/><\/div>\n<\/fieldset>\n<\/div>\n\n<\/form>\n<\/div>\n\t\t\t\t<\/div>\n\t\t\t\t<\/div>\n\t\t\t\t<div class=\"elementor-element elementor-element-4635158 elementor-widget elementor-widget-image\" data-id=\"4635158\" data-element_type=\"widget\" data-e-type=\"widget\" data-widget_type=\"image.default\">\n\t\t\t\t\t\t\t\t\t\t\t\t\t\t\t<img fetchpriority=\"high\" decoding=\"async\" width=\"683\" height=\"1024\" src=\"https:\/\/iota-society.com\/wp-content\/uploads\/2026\/01\/AI-51-N-new-683x1024.png\" class=\"attachment-large size-large wp-image-2247\" alt=\"\" srcset=\"https:\/\/iota-society.com\/wp-content\/uploads\/2026\/01\/AI-51-N-new-683x1024.png 683w, https:\/\/iota-society.com\/wp-content\/uploads\/2026\/01\/AI-51-N-new-200x300.png 200w, https:\/\/iota-society.com\/wp-content\/uploads\/2026\/01\/AI-51-N-new-768x1152.png 768w, https:\/\/iota-society.com\/wp-content\/uploads\/2026\/01\/AI-51-N-new.png 1024w\" sizes=\"(max-width: 683px) 100vw, 683px\" \/>\t\t\t\t\t\t\t\t\t\t\t\t\t\t\t<\/div>\n\t\t\t\t\t<\/div>\n\t\t\t\t<\/div>\n\t\t<div class=\"elementor-element elementor-element-54c7010 e-flex e-con-boxed e-con e-parent\" data-id=\"54c7010\" data-element_type=\"container\" data-e-type=\"container\">\n\t\t\t\t\t<div class=\"e-con-inner\">\n\t\t\t\t<div class=\"elementor-element elementor-element-d2ed204 elementor-widget elementor-widget-html\" data-id=\"d2ed204\" data-element_type=\"widget\" data-e-type=\"widget\" data-widget_type=\"html.default\">\n\t\t\t\t\t<script>\r\n(function () {\r\n  const KEY=\"iota_assoc_idees_score\", ITEM=51, GOOD=[\"blanc\",\"m\u00e9t\u00e9o\",\"meteo\",\"temps\",\"eau\"];\r\n  const norm=s=>(s||\"\").toString().trim().toLowerCase().replace(\/\\s+\/g,\" \");\r\n  const getInt=k=>{const n=parseInt(localStorage.getItem(k)||\"0\",10);return Number.isFinite(n)?n:0;};\r\n  const findField=form=>{const els=form.querySelectorAll(\"input,textarea,select\");for(const el of els){if(el.type===\"hidden\"||el.disabled) continue; const t=(el.type||\"\").toLowerCase(); if(el.tagName===\"TEXTAREA\"||el.tagName===\"SELECT\") return el; if(el.tagName===\"INPUT\"&&[\"text\",\"number\",\"tel\",\"search\",\"email\",\"url\",\"password\"].includes(t)) return el;} return form.querySelector(\"input,textarea,select\");};\r\n  document.addEventListener(\"submit\",function(e){\r\n    const form=e.target, doneKey=\"iota_done_\"+ITEM; if(localStorage.getItem(doneKey)===\"1\") return;\r\n    const field=findField(form); if(!field) return;\r\n    const ok=GOOD.map(norm).includes(norm(field.value));\r\n    if(ok) localStorage.setItem(KEY,String(getInt(KEY)+1));\r\n    localStorage.setItem(doneKey,\"1\");\r\n  },true);\r\n})();\r\n<\/script>\r\n\t\t\t\t<\/div>\n\t\t\t\t\t<\/div>\n\t\t\t\t<\/div>\n\t\t<div class=\"elementor-element elementor-element-933d331 e-flex e-con-boxed e-con e-parent\" data-id=\"933d331\" data-element_type=\"container\" data-e-type=\"container\">\n\t\t\t\t\t<div class=\"e-con-inner\">\n\t\t\t\t\t<\/div>\n\t\t\t\t<\/div>\n\t\t\t\t<\/div>\n\t\t","protected":false},"excerpt":{"rendered":"<p>Association d&rsquo;id\u00e9es Ce subtest explore la capacit\u00e9 \u00e0 relier deux \u00e9l\u00e9ments afin d\u2019en faire \u00e9merger \u00a0 \u00a0 un troisi\u00e8me. \u00a0 [&hellip;]<\/p>\n","protected":false},"author":1,"featured_media":0,"parent":0,"menu_order":0,"comment_status":"closed","ping_status":"closed","template":"","meta":{"site-sidebar-layout":"no-sidebar","site-content-layout":"","ast-site-content-layout":"full-width-container","site-content-style":"default","site-sidebar-style":"default","ast-global-header-display":"","ast-banner-title-visibility":"","ast-main-header-display":"","ast-hfb-above-header-display":"","ast-hfb-below-header-display":"","ast-hfb-mobile-header-display":"","site-post-title":"","ast-breadcrumbs-content":"","ast-featured-img":"disabled","footer-sml-layout":"","ast-disable-related-posts":"","theme-transparent-header-meta":"","adv-header-id-meta":"","stick-header-meta":"","header-above-stick-meta":"","header-main-stick-meta":"","header-below-stick-meta":"","astra-migrate-meta-layouts":"default","ast-page-background-enabled":"default","ast-page-background-meta":{"desktop":{"background-color":"var(--ast-global-color-5)","background-image":"","background-repeat":"repeat","background-position":"center center","background-size":"auto","background-attachment":"scroll","background-type":"","background-media":"","overlay-type":"","overlay-color":"","overlay-opacity":"","overlay-gradient":""},"tablet":{"background-color":"","background-image":"","background-repeat":"repeat","background-position":"center center","background-size":"auto","background-attachment":"scroll","background-type":"","background-media":"","overlay-type":"","overlay-color":"","overlay-opacity":"","overlay-gradient":""},"mobile":{"background-color":"","background-image":"","background-repeat":"repeat","background-position":"center center","background-size":"auto","background-attachment":"scroll","background-type":"","background-media":"","overlay-type":"","overlay-color":"","overlay-opacity":"","overlay-gradient":""}},"ast-content-background-meta":{"desktop":{"background-color":"var(--ast-global-color-4)","background-image":"","background-repeat":"repeat","background-position":"center center","background-size":"auto","background-attachment":"scroll","background-type":"","background-media":"","overlay-type":"","overlay-color":"","overlay-opacity":"","overlay-gradient":""},"tablet":{"background-color":"var(--ast-global-color-4)","background-image":"","background-repeat":"repeat","background-position":"center center","background-size":"auto","background-attachment":"scroll","background-type":"","background-media":"","overlay-type":"","overlay-color":"","overlay-opacity":"","overlay-gradient":""},"mobile":{"background-color":"var(--ast-global-color-4)","background-image":"","background-repeat":"repeat","background-position":"center center","background-size":"auto","background-attachment":"scroll","background-type":"","background-media":"","overlay-type":"","overlay-color":"","overlay-opacity":"","overlay-gradient":""}},"footnotes":""},"class_list":["post-1004","page","type-page","status-publish","hentry"],"_links":{"self":[{"href":"https:\/\/iota-society.com\/index.php\/wp-json\/wp\/v2\/pages\/1004","targetHints":{"allow":["GET"]}}],"collection":[{"href":"https:\/\/iota-society.com\/index.php\/wp-json\/wp\/v2\/pages"}],"about":[{"href":"https:\/\/iota-society.com\/index.php\/wp-json\/wp\/v2\/types\/page"}],"author":[{"embeddable":true,"href":"https:\/\/iota-society.com\/index.php\/wp-json\/wp\/v2\/users\/1"}],"replies":[{"embeddable":true,"href":"https:\/\/iota-society.com\/index.php\/wp-json\/wp\/v2\/comments?post=1004"}],"version-history":[{"count":28,"href":"https:\/\/iota-society.com\/index.php\/wp-json\/wp\/v2\/pages\/1004\/revisions"}],"predecessor-version":[{"id":3657,"href":"https:\/\/iota-society.com\/index.php\/wp-json\/wp\/v2\/pages\/1004\/revisions\/3657"}],"wp:attachment":[{"href":"https:\/\/iota-society.com\/index.php\/wp-json\/wp\/v2\/media?parent=1004"}],"curies":[{"name":"wp","href":"https:\/\/api.w.org\/{rel}","templated":true}]}}